{"id":14452,"date":"2022-07-26T11:40:07","date_gmt":"2022-07-26T09:40:07","guid":{"rendered":"https:\/\/bwi.earth\/cookies-management\/"},"modified":"2025-09-30T14:57:26","modified_gmt":"2025-09-30T12:57:26","slug":"gestion-de-cookies","status":"publish","type":"page","link":"https:\/\/bwi.earth\/es\/gestion-de-cookies\/","title":{"rendered":"Gesti\u00f3n de cookies"},"content":{"rendered":"<section class=\"hero-simple\">\n    <div class=\"wrap\">\n                    <h1 class=\"block-title title-h1\">Gesti\u00f3n de cookies en BWI<\/h1>\n        \n            <\/div>\n<\/section>\n\n    <section class=\"gut-content\">\n        <div class=\"wrap\">\n            <p>Como usuario, se le informa que al visitar el sitio web <a href=\"http:\/\/www.bwi.earth\">www.bwi.earth<\/a>, es posible que se instale autom\u00e1ticamente una cookie en su navegador; puede aceptar o rechazar su uso.<\/p>\n<p>Sin embargo, la informaci\u00f3n recopilada en este sitio web se conservar\u00e1 durante un a\u00f1o.<\/p>\n<p><strong>\u00bfQu\u00e9 es una cookie?<\/strong><\/p>\n<p>Una cookie es un bloque de datos que no identifica personalmente a los usuarios, sino que se utiliza para registrar informaci\u00f3n relacionada con su navegaci\u00f3n en el sitio web. Puede configurar su navegador para informarle de la presencia de cookies y, en su caso, rechazarlas, como se describe en la siguiente direcci\u00f3n: <a href=\"http:\/\/www.cnil.fr\">www.cnil.fr<\/a>.<\/p>\n<p>El sitio web de BWI utiliza la tecnolog\u00eda de <a href=\"https:\/\/www.google.com\/analytics\/%22%20%5Cl%20%22?modal_active=none%22%20%5Ct%20%22_blank\">Google Analytics<\/a>, as\u00ed como una cookie de sesi\u00f3n que puede recopilar datos como la direcci\u00f3n IP, la ubicaci\u00f3n geogr\u00e1fica y el navegador utilizado.<\/p>\n<p>Los usuarios tienen derecho a acceder, eliminar y modificar sus datos. de datos personales recopilados mediante cookies, seg\u00fan lo indicado anteriormente.<\/p>\n<p>Como usuario del sitio web de <a href=\"https:\/\/bwi.earth\/\">BWI<\/a>, debe cumplir con las disposiciones de la Ley de Protecci\u00f3n de Datos francesa del 6 de enero de 1978, en su versi\u00f3n modificada, y cualquier infracci\u00f3n de la misma estar\u00e1 sujeta a sanciones penales. En particular, con respecto a la informaci\u00f3n personal a la que tenga acceso, deber\u00e1 abstenerse de cualquier recopilaci\u00f3n, uso indebido y, en general, de cualquier acto que pueda afectar negativamente a la privacidad o la reputaci\u00f3n de las personas.<\/p>\n        <\/div>\n    <\/section>\n","protected":false},"excerpt":{"rendered":"","protected":false},"author":5,"featured_media":14453,"parent":0,"menu_order":0,"comment_status":"closed","ping_status":"closed","template":"","meta":{"content-type":"","ngg_post_thumbnail":0,"footnotes":""},"class_list":["post-14452","page","type-page","status-publish","has-post-thumbnail","hentry"],"acf":[],"yoast_head":"<!-- This site is optimized with the Yoast SEO plugin v26.2 - https:\/\/yoast.com\/wordpress\/plugins\/seo\/ -->\n<title>Gesti\u00f3n de cookies<\/title>\n<meta name=\"description\" content=\"Conozca c\u00f3mo usamos las cookies, administramos sus preferencias y garantizamos su privacidad mientras disfruta de una navegaci\u00f3n fluida.\" \/>\n<meta name=\"robots\" content=\"index, follow, max-snippet:-1, max-image-preview:large, max-video-preview:-1\" \/>\n<link rel=\"canonical\" href=\"https:\/\/bwi.earth\/es\/gestion-de-cookies\/\" \/>\n<meta property=\"og:locale\" content=\"es_ES\" \/>\n<meta property=\"og:type\" content=\"article\" \/>\n<meta property=\"og:title\" content=\"Gesti\u00f3n de cookies\" \/>\n<meta property=\"og:description\" content=\"Conozca c\u00f3mo usamos las cookies, administramos sus preferencias y garantizamos su privacidad mientras disfruta de una navegaci\u00f3n fluida.\" \/>\n<meta property=\"og:url\" content=\"https:\/\/bwi.earth\/es\/gestion-de-cookies\/\" \/>\n<meta property=\"og:site_name\" content=\"Blue Water Intelligence (BWI)\" \/>\n<meta property=\"article:modified_time\" content=\"2025-09-30T12:57:26+00:00\" \/>\n<meta property=\"og:image\" content=\"https:\/\/bwi.earth\/wp-content\/uploads\/2024\/01\/river-picture.jpg\" \/>\n\t<meta property=\"og:image:width\" content=\"1536\" \/>\n\t<meta property=\"og:image:height\" content=\"2049\" \/>\n\t<meta property=\"og:image:type\" content=\"image\/jpeg\" \/>\n<meta name=\"twitter:card\" content=\"summary_large_image\" \/>\n<meta name=\"twitter:label1\" content=\"Tiempo de lectura\" \/>\n\t<meta name=\"twitter:data1\" content=\"2 minutos\" \/>\n<script type=\"application\/ld+json\" class=\"yoast-schema-graph\">{\"@context\":\"https:\/\/schema.org\",\"@graph\":[{\"@type\":\"WebPage\",\"@id\":\"https:\/\/bwi.earth\/es\/gestion-de-cookies\/\",\"url\":\"https:\/\/bwi.earth\/es\/gestion-de-cookies\/\",\"name\":\"Gesti\u00f3n de cookies\",\"isPartOf\":{\"@id\":\"https:\/\/bwi.earth\/es\/#website\"},\"primaryImageOfPage\":{\"@id\":\"https:\/\/bwi.earth\/es\/gestion-de-cookies\/#primaryimage\"},\"image\":{\"@id\":\"https:\/\/bwi.earth\/es\/gestion-de-cookies\/#primaryimage\"},\"thumbnailUrl\":\"https:\/\/bwi.earth\/wp-content\/uploads\/2024\/01\/river-picture.jpg\",\"datePublished\":\"2022-07-26T09:40:07+00:00\",\"dateModified\":\"2025-09-30T12:57:26+00:00\",\"description\":\"Conozca c\u00f3mo usamos las cookies, administramos sus preferencias y garantizamos su privacidad mientras disfruta de una navegaci\u00f3n fluida.\",\"breadcrumb\":{\"@id\":\"https:\/\/bwi.earth\/es\/gestion-de-cookies\/#breadcrumb\"},\"inLanguage\":\"es\",\"potentialAction\":[{\"@type\":\"ReadAction\",\"target\":[\"https:\/\/bwi.earth\/es\/gestion-de-cookies\/\"]}]},{\"@type\":\"ImageObject\",\"inLanguage\":\"es\",\"@id\":\"https:\/\/bwi.earth\/es\/gestion-de-cookies\/#primaryimage\",\"url\":\"https:\/\/bwi.earth\/wp-content\/uploads\/2024\/01\/river-picture.jpg\",\"contentUrl\":\"https:\/\/bwi.earth\/wp-content\/uploads\/2024\/01\/river-picture.jpg\",\"width\":1536,\"height\":2049},{\"@type\":\"BreadcrumbList\",\"@id\":\"https:\/\/bwi.earth\/es\/gestion-de-cookies\/#breadcrumb\",\"itemListElement\":[{\"@type\":\"ListItem\",\"position\":1,\"name\":\"Home\",\"item\":\"https:\/\/bwi.earth\/es\/\"},{\"@type\":\"ListItem\",\"position\":2,\"name\":\"Gesti\u00f3n de cookies\"}]},{\"@type\":\"WebSite\",\"@id\":\"https:\/\/bwi.earth\/es\/#website\",\"url\":\"https:\/\/bwi.earth\/es\/\",\"name\":\"Blue Water Intelligence (BWI)\",\"description\":\"The River Basin Digitization Company\",\"publisher\":{\"@id\":\"https:\/\/bwi.earth\/es\/#organization\"},\"potentialAction\":[{\"@type\":\"SearchAction\",\"target\":{\"@type\":\"EntryPoint\",\"urlTemplate\":\"https:\/\/bwi.earth\/es\/?s={search_term_string}\"},\"query-input\":{\"@type\":\"PropertyValueSpecification\",\"valueRequired\":true,\"valueName\":\"search_term_string\"}}],\"inLanguage\":\"es\"},{\"@type\":\"Organization\",\"@id\":\"https:\/\/bwi.earth\/es\/#organization\",\"name\":\"Blue Water Intelligence (BWI)\",\"url\":\"https:\/\/bwi.earth\/es\/\",\"logo\":{\"@type\":\"ImageObject\",\"inLanguage\":\"es\",\"@id\":\"https:\/\/bwi.earth\/es\/#\/schema\/logo\/image\/\",\"url\":\"https:\/\/bwi.earth\/wp-content\/uploads\/2023\/03\/cropped-logo_couleur_bwi.png\",\"contentUrl\":\"https:\/\/bwi.earth\/wp-content\/uploads\/2023\/03\/cropped-logo_couleur_bwi.png\",\"width\":4190,\"height\":1970,\"caption\":\"Blue Water Intelligence (BWI)\"},\"image\":{\"@id\":\"https:\/\/bwi.earth\/es\/#\/schema\/logo\/image\/\"}}]}<\/script>\n<!-- \/ Yoast SEO plugin. -->","yoast_head_json":{"title":"Gesti\u00f3n de cookies","description":"Conozca c\u00f3mo usamos las cookies, administramos sus preferencias y garantizamos su privacidad mientras disfruta de una navegaci\u00f3n fluida.","robots":{"index":"index","follow":"follow","max-snippet":"max-snippet:-1","max-image-preview":"max-image-preview:large","max-video-preview":"max-video-preview:-1"},"canonical":"https:\/\/bwi.earth\/es\/gestion-de-cookies\/","og_locale":"es_ES","og_type":"article","og_title":"Gesti\u00f3n de cookies","og_description":"Conozca c\u00f3mo usamos las cookies, administramos sus preferencias y garantizamos su privacidad mientras disfruta de una navegaci\u00f3n fluida.","og_url":"https:\/\/bwi.earth\/es\/gestion-de-cookies\/","og_site_name":"Blue Water Intelligence (BWI)","article_modified_time":"2025-09-30T12:57:26+00:00","og_image":[{"width":1536,"height":2049,"url":"https:\/\/bwi.earth\/wp-content\/uploads\/2024\/01\/river-picture.jpg","type":"image\/jpeg"}],"twitter_card":"summary_large_image","twitter_misc":{"Tiempo de lectura":"2 minutos"},"schema":{"@context":"https:\/\/schema.org","@graph":[{"@type":"WebPage","@id":"https:\/\/bwi.earth\/es\/gestion-de-cookies\/","url":"https:\/\/bwi.earth\/es\/gestion-de-cookies\/","name":"Gesti\u00f3n de cookies","isPartOf":{"@id":"https:\/\/bwi.earth\/es\/#website"},"primaryImageOfPage":{"@id":"https:\/\/bwi.earth\/es\/gestion-de-cookies\/#primaryimage"},"image":{"@id":"https:\/\/bwi.earth\/es\/gestion-de-cookies\/#primaryimage"},"thumbnailUrl":"https:\/\/bwi.earth\/wp-content\/uploads\/2024\/01\/river-picture.jpg","datePublished":"2022-07-26T09:40:07+00:00","dateModified":"2025-09-30T12:57:26+00:00","description":"Conozca c\u00f3mo usamos las cookies, administramos sus preferencias y garantizamos su privacidad mientras disfruta de una navegaci\u00f3n fluida.","breadcrumb":{"@id":"https:\/\/bwi.earth\/es\/gestion-de-cookies\/#breadcrumb"},"inLanguage":"es","potentialAction":[{"@type":"ReadAction","target":["https:\/\/bwi.earth\/es\/gestion-de-cookies\/"]}]},{"@type":"ImageObject","inLanguage":"es","@id":"https:\/\/bwi.earth\/es\/gestion-de-cookies\/#primaryimage","url":"https:\/\/bwi.earth\/wp-content\/uploads\/2024\/01\/river-picture.jpg","contentUrl":"https:\/\/bwi.earth\/wp-content\/uploads\/2024\/01\/river-picture.jpg","width":1536,"height":2049},{"@type":"BreadcrumbList","@id":"https:\/\/bwi.earth\/es\/gestion-de-cookies\/#breadcrumb","itemListElement":[{"@type":"ListItem","position":1,"name":"Home","item":"https:\/\/bwi.earth\/es\/"},{"@type":"ListItem","position":2,"name":"Gesti\u00f3n de cookies"}]},{"@type":"WebSite","@id":"https:\/\/bwi.earth\/es\/#website","url":"https:\/\/bwi.earth\/es\/","name":"Blue Water Intelligence (BWI)","description":"The River Basin Digitization Company","publisher":{"@id":"https:\/\/bwi.earth\/es\/#organization"},"potentialAction":[{"@type":"SearchAction","target":{"@type":"EntryPoint","urlTemplate":"https:\/\/bwi.earth\/es\/?s={search_term_string}"},"query-input":{"@type":"PropertyValueSpecification","valueRequired":true,"valueName":"search_term_string"}}],"inLanguage":"es"},{"@type":"Organization","@id":"https:\/\/bwi.earth\/es\/#organization","name":"Blue Water Intelligence (BWI)","url":"https:\/\/bwi.earth\/es\/","logo":{"@type":"ImageObject","inLanguage":"es","@id":"https:\/\/bwi.earth\/es\/#\/schema\/logo\/image\/","url":"https:\/\/bwi.earth\/wp-content\/uploads\/2023\/03\/cropped-logo_couleur_bwi.png","contentUrl":"https:\/\/bwi.earth\/wp-content\/uploads\/2023\/03\/cropped-logo_couleur_bwi.png","width":4190,"height":1970,"caption":"Blue Water Intelligence (BWI)"},"image":{"@id":"https:\/\/bwi.earth\/es\/#\/schema\/logo\/image\/"}}]}},"_links":{"self":[{"href":"https:\/\/bwi.earth\/es\/wp-json\/wp\/v2\/pages\/14452","targetHints":{"allow":["GET"]}}],"collection":[{"href":"https:\/\/bwi.earth\/es\/wp-json\/wp\/v2\/pages"}],"about":[{"href":"https:\/\/bwi.earth\/es\/wp-json\/wp\/v2\/types\/page"}],"author":[{"embeddable":true,"href":"https:\/\/bwi.earth\/es\/wp-json\/wp\/v2\/users\/5"}],"replies":[{"embeddable":true,"href":"https:\/\/bwi.earth\/es\/wp-json\/wp\/v2\/comments?post=14452"}],"version-history":[{"count":3,"href":"https:\/\/bwi.earth\/es\/wp-json\/wp\/v2\/pages\/14452\/revisions"}],"predecessor-version":[{"id":15998,"href":"https:\/\/bwi.earth\/es\/wp-json\/wp\/v2\/pages\/14452\/revisions\/15998"}],"wp:featuredmedia":[{"embeddable":true,"href":"https:\/\/bwi.earth\/es\/wp-json\/wp\/v2\/media\/14453"}],"wp:attachment":[{"href":"https:\/\/bwi.earth\/es\/wp-json\/wp\/v2\/media?parent=14452"}],"curies":[{"name":"wp","href":"https:\/\/api.w.org\/{rel}","templated":true}]}}