{"id":14454,"date":"2023-05-19T16:25:55","date_gmt":"2023-05-19T14:25:55","guid":{"rendered":"https:\/\/bwi.earth\/csr-policy\/"},"modified":"2025-12-04T11:21:30","modified_gmt":"2025-12-04T10:21:30","slug":"politica-de-rse","status":"publish","type":"page","link":"https:\/\/bwi.earth\/es\/politica-de-rse\/","title":{"rendered":"Pol\u00edtica de RSE"},"content":{"rendered":"<section class=\"hero-simple\">\n    <div class=\"wrap\">\n                    <h1 class=\"block-title title-h1\">Pol\u00edtica de RSE de BWI<\/h1>\n        \n            <\/div>\n<\/section>\n\n    <section class=\"gut-content\">\n        <div class=\"wrap\">\n            <p><strong>Pol\u00edtica de Responsabilidad Social Corporativa (RSC) de Blue Water Intelligence (BWI)<\/strong><\/p>\n<p><strong>I. Introducci\u00f3n<\/strong><\/p>\n<p>Blue Water Intelligence (<a href=\"https:\/\/bwi.earth\/\">BWI<\/a>) se dedica a crear un futuro sostenible mediante el aprovechamiento de la hidrolog\u00eda y la tecnolog\u00eda avanzadas para optimizar la generaci\u00f3n de energ\u00eda hidroel\u00e9ctrica, facilitar el pron\u00f3stico de inundaciones y sequ\u00edas, proporcionar datos fluviales y mejorar nuestra comprensi\u00f3n global de los sistemas h\u00eddricos y su disponibilidad. Esto se realiza a trav\u00e9s de nuestras estaciones virtuales. Nuestra pol\u00edtica de Responsabilidad Social Corporativa (RSC) resume nuestro compromiso con operaciones \u00e9ticas, responsables y sostenibles que benefician a nuestros grupos de inter\u00e9s y a la comunidad en general.<\/p>\n<p><strong>II. Gesti\u00f3n Ambiental<\/strong><\/p>\n<p>Como empresa con un enfoque ambiental, mantenemos un firme compromiso con la minimizaci\u00f3n de nuestra huella ambiental. Esto significa:<\/p>\n<ol>\n<li>Desarrollo y perfeccionamiento continuos de tecnolog\u00edas ecol\u00f3gicas.<\/li>\n<li>Trabajo activo para reducir el impacto ambiental de nuestras operaciones.<\/li>\n<li>Mejora constante de nuestra comprensi\u00f3n de las consecuencias ambientales de nuestras actividades y esfuerzo por minimizar los posibles da\u00f1os.<\/li>\n<\/ol>\n<p><strong>III. Sostenibilidad Digital<\/strong><\/p>\n<p>Comprender el impacto ambiental Ante el impacto de la tecnolog\u00eda digital, nos tomamos muy en serio la responsabilidad de nuestra huella de carbono digital. Nos aseguramos de que:<\/p>\n<ol>\n<li>Nuestro sitio web est\u00e9 dise\u00f1ado para ser ecol\u00f3gico, utilizando plugins m\u00ednimos, CSS reducido e im\u00e1genes comprimidas para reducir el consumo de energ\u00eda.<\/li>\n<li>Nuestro objetivo es reducir el consumo de energ\u00eda en todos los aspectos de nuestra infraestructura digital, desde los servidores hasta los equipos de oficina.<\/li>\n<li>Promovemos la sostenibilidad digital tanto internamente como entre nuestros clientes y socios.<\/li>\n<\/ol>\n<p><strong>IV. Innovaci\u00f3n y Tecnolog\u00eda<\/strong><\/p>\n<p>En nuestra b\u00fasqueda de soluciones innovadoras para la gesti\u00f3n del agua, nos comprometemos a:<\/p>\n<ol>\n<li>Utilizar la mejor tecnolog\u00eda disponible para la recopilaci\u00f3n y el an\u00e1lisis de datos con el fin de proporcionar predicciones precisas.<\/li>\n<li>Invertir en el desarrollo de tecnolog\u00edas que reduzcan el impacto ambiental y mejoren la sostenibilidad, como nuestra constelaci\u00f3n de sat\u00e9lites equipada con minialt\u00edmetros.<\/li>\n<li>Mantener la transparencia sobre nuestra tecnolog\u00eda y sus impactos, fomentando un clima de confianza y responsabilidad.<\/li>\n<\/ol>\n<p><strong>V. Participaci\u00f3n Comunitaria<\/strong><\/p>\n<p>Nuestro objetivo es impactar positivamente en las comunidades a las que servimos mediante:<\/p>\n<ol>\n<li>Utilizar nuestra experiencia para concienciar al p\u00fablico sobre la importancia de la gesti\u00f3n del agua y las implicaciones del cambio clim\u00e1tico.<\/li>\n<li>Cooperar con organizaciones locales, regionales e internacionales para abordar los problemas relacionados con el agua. Desaf\u00edos.<\/li>\n<li>Promover actividades e iniciativas que apoyen la conservaci\u00f3n del agua y el desarrollo sostenible.<\/li>\n<\/ol>\n<p><strong>VI. Pr\u00e1cticas Comerciales \u00c9ticas<\/strong><\/p>\n<p>Nos esforzamos por alcanzar los m\u00e1s altos est\u00e1ndares de conducta \u00e9tica en todas nuestras operaciones comerciales:<\/p>\n<ol>\n<li>Priorizamos la transparencia y la franqueza en nuestras relaciones con todas las partes interesadas.<\/li>\n<li>Respetamos los derechos de todas las personas y defendemos los principios de equidad y justicia.<\/li>\n<li>Cumplimos con todas las leyes y regulaciones aplicables y nos responsabilizamos de nuestras acciones.<\/li>\n<\/ol>\n<p><strong>VII. Entorno Laboral<\/strong><\/p>\n<p>En nuestra b\u00fasqueda de un entorno laboral diverso e inclusivo, nos comprometemos a:<\/p>\n<ol>\n<li>Tratar a todos los empleados de forma justa, sin ning\u00fan tipo de discriminaci\u00f3n.<\/li>\n<li>Apoyar el desarrollo y crecimiento profesional de nuestros empleados.<\/li>\n<li>Priorizar la salud y la seguridad de nuestros empleados en todos los entornos laborales.<\/li>\n<\/ol>\n<p><strong>VIII. Revisi\u00f3n de la Pol\u00edtica<\/strong><\/p>\n<p>Esta pol\u00edtica se revisar\u00e1 peri\u00f3dicamente para garantizar su alineaci\u00f3n con nuestros objetivos, actividades operativas y expectativas de las partes interesadas en constante evoluci\u00f3n. Evaluaremos e informaremos continuamente sobre la eficacia de nuestras iniciativas de RSE para mantener la transparencia y la rendici\u00f3n de cuentas.<\/p>\n<p>A trav\u00e9s de esta pol\u00edtica de RSE, articulamos nuestro compromiso con un entorno laboral m\u00e1s sostenible. Futuro. En la ICM, entendemos que un enfoque empresarial responsable beneficia a todos, desde nuestros grupos de inter\u00e9s hasta nuestro planeta.<\/p>\n<p>&nbsp;<\/p>\n<p><strong>IX. Membres\u00edas<\/strong><\/p>\n<p>Nos enorgullece demostrar nuestro compromiso con un futuro m\u00e1s sostenible a trav\u00e9s de la membres\u00eda de la ICM en la <strong>comunidad <a href=\"https:\/\/www.bpifrance.fr\/communaute-du-coq-vert\" target=\"_blank\" rel=\"noopener\">Le Coq Vert<\/a><\/strong>. La ICM tambi\u00e9n es <strong>signataria de <a href=\"https:\/\/planet-techcare.green\/2024\/08\/05\/bwi\/\" target=\"_blank\" rel=\"noopener\">Planet Tech&#8217;Care<\/a><\/strong>.<\/p>\n        <\/div>\n    <\/section>\n\n\n    <section class=\"partners\">\n        <div class=\"wrap\">\n            \n            <div class=\"swiper\">\n                <div class=\"swiper-wrapper count-2\">\n                                            <div class=\"swiper-slide\">\n                                                            <a href=\"https:\/\/www.bpifrance.fr\/communaute-du-coq-vert\" target=\"_blank\" class=\"logo\">\n                            \n                            <img loading=\"lazy\" decoding=\"async\" width=\"300\" height=\"300\" src=\"https:\/\/bwi.earth\/wp-content\/uploads\/2024\/07\/coq-vert_gris-300x300.png\" class=\"attachment-medium size-medium\" alt=\"\" srcset=\"https:\/\/bwi.earth\/wp-content\/uploads\/2024\/07\/coq-vert_gris-300x300.png 300w, https:\/\/bwi.earth\/wp-content\/uploads\/2024\/07\/coq-vert_gris-1024x1024.png 1024w, https:\/\/bwi.earth\/wp-content\/uploads\/2024\/07\/coq-vert_gris-150x150.png 150w, https:\/\/bwi.earth\/wp-content\/uploads\/2024\/07\/coq-vert_gris-768x768.png 768w, https:\/\/bwi.earth\/wp-content\/uploads\/2024\/07\/coq-vert_gris-1080x1080.png 1080w, https:\/\/bwi.earth\/wp-content\/uploads\/2024\/07\/coq-vert_gris.png 1200w\" sizes=\"auto, (max-width: 300px) 100vw, 300px\" \/>                            \n                                                            <\/a>\n                                                    <\/div>\n                                            <div class=\"swiper-slide\">\n                                                            <a href=\"https:\/\/planet-techcare.green\/en\/\" target=\"_blank\" class=\"logo\">\n                            \n                            <img loading=\"lazy\" decoding=\"async\" width=\"300\" height=\"142\" src=\"https:\/\/bwi.earth\/wp-content\/uploads\/2024\/07\/logo-PTC_logo-PTC-couleurs-300x142.png\" class=\"attachment-medium size-medium\" alt=\"\" srcset=\"https:\/\/bwi.earth\/wp-content\/uploads\/2024\/07\/logo-PTC_logo-PTC-couleurs-300x142.png 300w, https:\/\/bwi.earth\/wp-content\/uploads\/2024\/07\/logo-PTC_logo-PTC-couleurs-1024x485.png 1024w, https:\/\/bwi.earth\/wp-content\/uploads\/2024\/07\/logo-PTC_logo-PTC-couleurs-768x364.png 768w, https:\/\/bwi.earth\/wp-content\/uploads\/2024\/07\/logo-PTC_logo-PTC-couleurs-1536x727.png 1536w, https:\/\/bwi.earth\/wp-content\/uploads\/2024\/07\/logo-PTC_logo-PTC-couleurs-2048x970.png 2048w, https:\/\/bwi.earth\/wp-content\/uploads\/2024\/07\/logo-PTC_logo-PTC-couleurs-1920x909.png 1920w\" sizes=\"auto, (max-width: 300px) 100vw, 300px\" \/>                            \n                                                            <\/a>\n                                                    <\/div>\n                                    <\/div>\n            <\/div>\n\n            <div class=\"partners__navigation\">\n                <button class=\"partners__navigation--prev\"><span class=\"icon-chevron-right\"><\/span><span class=\"label\">Previous<\/span><\/button>\n\n                <div class=\"partners__pagination\"><\/div>\n                \n                <button class=\"partners__navigation--next\"><span class=\"label\">Next<\/span> <span class=\"icon-chevron-right\"><\/span><\/button>\n            <\/div>\n        <\/div>\n    <\/section>\n","protected":false},"excerpt":{"rendered":"","protected":false},"author":5,"featured_media":14456,"parent":0,"menu_order":0,"comment_status":"closed","ping_status":"closed","template":"","meta":{"content-type":"","ngg_post_thumbnail":0,"footnotes":""},"class_list":["post-14454","page","type-page","status-publish","has-post-thumbnail","hentry"],"acf":[],"yoast_head":"<!-- This site is optimized with the Yoast SEO plugin v26.2 - https:\/\/yoast.com\/wordpress\/plugins\/seo\/ -->\n<title>Pol\u00edtica de RSE<\/title>\n<meta name=\"description\" content=\"Nuestra pol\u00edtica de RSE resume nuestro compromiso con operaciones \u00e9ticas, responsables y sostenibles que benefician a nuestros accionistas y a la comunidad en general.\" \/>\n<meta name=\"robots\" content=\"index, follow, max-snippet:-1, max-image-preview:large, max-video-preview:-1\" \/>\n<link rel=\"canonical\" href=\"https:\/\/bwi.earth\/es\/politica-de-rse\/\" \/>\n<meta property=\"og:locale\" content=\"es_ES\" \/>\n<meta property=\"og:type\" content=\"article\" \/>\n<meta property=\"og:title\" content=\"Pol\u00edtica de RSE\" \/>\n<meta property=\"og:description\" content=\"Nuestra pol\u00edtica de RSE resume nuestro compromiso con operaciones \u00e9ticas, responsables y sostenibles que benefician a nuestros accionistas y a la comunidad en general.\" \/>\n<meta property=\"og:url\" content=\"https:\/\/bwi.earth\/es\/politica-de-rse\/\" \/>\n<meta property=\"og:site_name\" content=\"Blue Water Intelligence (BWI)\" \/>\n<meta property=\"article:modified_time\" content=\"2025-12-04T10:21:30+00:00\" \/>\n<meta property=\"og:image\" content=\"https:\/\/bwi.earth\/wp-content\/uploads\/2023\/03\/hydro_plant-849x1024.png\" \/>\n\t<meta property=\"og:image:width\" content=\"849\" \/>\n\t<meta property=\"og:image:height\" content=\"1024\" \/>\n\t<meta property=\"og:image:type\" content=\"image\/png\" \/>\n<meta name=\"twitter:card\" content=\"summary_large_image\" \/>\n<meta name=\"twitter:label1\" content=\"Tiempo de lectura\" \/>\n\t<meta name=\"twitter:data1\" content=\"4 minutos\" \/>\n<script type=\"application\/ld+json\" class=\"yoast-schema-graph\">{\"@context\":\"https:\/\/schema.org\",\"@graph\":[{\"@type\":\"WebPage\",\"@id\":\"https:\/\/bwi.earth\/es\/politica-de-rse\/\",\"url\":\"https:\/\/bwi.earth\/es\/politica-de-rse\/\",\"name\":\"Pol\u00edtica de RSE\",\"isPartOf\":{\"@id\":\"https:\/\/bwi.earth\/es\/#website\"},\"primaryImageOfPage\":{\"@id\":\"https:\/\/bwi.earth\/es\/politica-de-rse\/#primaryimage\"},\"image\":{\"@id\":\"https:\/\/bwi.earth\/es\/politica-de-rse\/#primaryimage\"},\"thumbnailUrl\":\"https:\/\/bwi.earth\/wp-content\/uploads\/2023\/03\/hydro_plant.png\",\"datePublished\":\"2023-05-19T14:25:55+00:00\",\"dateModified\":\"2025-12-04T10:21:30+00:00\",\"description\":\"Nuestra pol\u00edtica de RSE resume nuestro compromiso con operaciones \u00e9ticas, responsables y sostenibles que benefician a nuestros accionistas y a la comunidad en general.\",\"breadcrumb\":{\"@id\":\"https:\/\/bwi.earth\/es\/politica-de-rse\/#breadcrumb\"},\"inLanguage\":\"es\",\"potentialAction\":[{\"@type\":\"ReadAction\",\"target\":[\"https:\/\/bwi.earth\/es\/politica-de-rse\/\"]}]},{\"@type\":\"ImageObject\",\"inLanguage\":\"es\",\"@id\":\"https:\/\/bwi.earth\/es\/politica-de-rse\/#primaryimage\",\"url\":\"https:\/\/bwi.earth\/wp-content\/uploads\/2023\/03\/hydro_plant.png\",\"contentUrl\":\"https:\/\/bwi.earth\/wp-content\/uploads\/2023\/03\/hydro_plant.png\",\"width\":1926,\"height\":2324},{\"@type\":\"BreadcrumbList\",\"@id\":\"https:\/\/bwi.earth\/es\/politica-de-rse\/#breadcrumb\",\"itemListElement\":[{\"@type\":\"ListItem\",\"position\":1,\"name\":\"Home\",\"item\":\"https:\/\/bwi.earth\/es\/\"},{\"@type\":\"ListItem\",\"position\":2,\"name\":\"Pol\u00edtica de RSE\"}]},{\"@type\":\"WebSite\",\"@id\":\"https:\/\/bwi.earth\/es\/#website\",\"url\":\"https:\/\/bwi.earth\/es\/\",\"name\":\"Blue Water Intelligence (BWI)\",\"description\":\"The River Basin Digitization Company\",\"publisher\":{\"@id\":\"https:\/\/bwi.earth\/es\/#organization\"},\"potentialAction\":[{\"@type\":\"SearchAction\",\"target\":{\"@type\":\"EntryPoint\",\"urlTemplate\":\"https:\/\/bwi.earth\/es\/?s={search_term_string}\"},\"query-input\":{\"@type\":\"PropertyValueSpecification\",\"valueRequired\":true,\"valueName\":\"search_term_string\"}}],\"inLanguage\":\"es\"},{\"@type\":\"Organization\",\"@id\":\"https:\/\/bwi.earth\/es\/#organization\",\"name\":\"Blue Water Intelligence (BWI)\",\"url\":\"https:\/\/bwi.earth\/es\/\",\"logo\":{\"@type\":\"ImageObject\",\"inLanguage\":\"es\",\"@id\":\"https:\/\/bwi.earth\/es\/#\/schema\/logo\/image\/\",\"url\":\"https:\/\/bwi.earth\/wp-content\/uploads\/2023\/03\/cropped-logo_couleur_bwi.png\",\"contentUrl\":\"https:\/\/bwi.earth\/wp-content\/uploads\/2023\/03\/cropped-logo_couleur_bwi.png\",\"width\":4190,\"height\":1970,\"caption\":\"Blue Water Intelligence (BWI)\"},\"image\":{\"@id\":\"https:\/\/bwi.earth\/es\/#\/schema\/logo\/image\/\"}}]}<\/script>\n<!-- \/ Yoast SEO plugin. -->","yoast_head_json":{"title":"Pol\u00edtica de RSE","description":"Nuestra pol\u00edtica de RSE resume nuestro compromiso con operaciones \u00e9ticas, responsables y sostenibles que benefician a nuestros accionistas y a la comunidad en general.","robots":{"index":"index","follow":"follow","max-snippet":"max-snippet:-1","max-image-preview":"max-image-preview:large","max-video-preview":"max-video-preview:-1"},"canonical":"https:\/\/bwi.earth\/es\/politica-de-rse\/","og_locale":"es_ES","og_type":"article","og_title":"Pol\u00edtica de RSE","og_description":"Nuestra pol\u00edtica de RSE resume nuestro compromiso con operaciones \u00e9ticas, responsables y sostenibles que benefician a nuestros accionistas y a la comunidad en general.","og_url":"https:\/\/bwi.earth\/es\/politica-de-rse\/","og_site_name":"Blue Water Intelligence (BWI)","article_modified_time":"2025-12-04T10:21:30+00:00","og_image":[{"width":849,"height":1024,"url":"https:\/\/bwi.earth\/wp-content\/uploads\/2023\/03\/hydro_plant-849x1024.png","type":"image\/png"}],"twitter_card":"summary_large_image","twitter_misc":{"Tiempo de lectura":"4 minutos"},"schema":{"@context":"https:\/\/schema.org","@graph":[{"@type":"WebPage","@id":"https:\/\/bwi.earth\/es\/politica-de-rse\/","url":"https:\/\/bwi.earth\/es\/politica-de-rse\/","name":"Pol\u00edtica de RSE","isPartOf":{"@id":"https:\/\/bwi.earth\/es\/#website"},"primaryImageOfPage":{"@id":"https:\/\/bwi.earth\/es\/politica-de-rse\/#primaryimage"},"image":{"@id":"https:\/\/bwi.earth\/es\/politica-de-rse\/#primaryimage"},"thumbnailUrl":"https:\/\/bwi.earth\/wp-content\/uploads\/2023\/03\/hydro_plant.png","datePublished":"2023-05-19T14:25:55+00:00","dateModified":"2025-12-04T10:21:30+00:00","description":"Nuestra pol\u00edtica de RSE resume nuestro compromiso con operaciones \u00e9ticas, responsables y sostenibles que benefician a nuestros accionistas y a la comunidad en general.","breadcrumb":{"@id":"https:\/\/bwi.earth\/es\/politica-de-rse\/#breadcrumb"},"inLanguage":"es","potentialAction":[{"@type":"ReadAction","target":["https:\/\/bwi.earth\/es\/politica-de-rse\/"]}]},{"@type":"ImageObject","inLanguage":"es","@id":"https:\/\/bwi.earth\/es\/politica-de-rse\/#primaryimage","url":"https:\/\/bwi.earth\/wp-content\/uploads\/2023\/03\/hydro_plant.png","contentUrl":"https:\/\/bwi.earth\/wp-content\/uploads\/2023\/03\/hydro_plant.png","width":1926,"height":2324},{"@type":"BreadcrumbList","@id":"https:\/\/bwi.earth\/es\/politica-de-rse\/#breadcrumb","itemListElement":[{"@type":"ListItem","position":1,"name":"Home","item":"https:\/\/bwi.earth\/es\/"},{"@type":"ListItem","position":2,"name":"Pol\u00edtica de RSE"}]},{"@type":"WebSite","@id":"https:\/\/bwi.earth\/es\/#website","url":"https:\/\/bwi.earth\/es\/","name":"Blue Water Intelligence (BWI)","description":"The River Basin Digitization Company","publisher":{"@id":"https:\/\/bwi.earth\/es\/#organization"},"potentialAction":[{"@type":"SearchAction","target":{"@type":"EntryPoint","urlTemplate":"https:\/\/bwi.earth\/es\/?s={search_term_string}"},"query-input":{"@type":"PropertyValueSpecification","valueRequired":true,"valueName":"search_term_string"}}],"inLanguage":"es"},{"@type":"Organization","@id":"https:\/\/bwi.earth\/es\/#organization","name":"Blue Water Intelligence (BWI)","url":"https:\/\/bwi.earth\/es\/","logo":{"@type":"ImageObject","inLanguage":"es","@id":"https:\/\/bwi.earth\/es\/#\/schema\/logo\/image\/","url":"https:\/\/bwi.earth\/wp-content\/uploads\/2023\/03\/cropped-logo_couleur_bwi.png","contentUrl":"https:\/\/bwi.earth\/wp-content\/uploads\/2023\/03\/cropped-logo_couleur_bwi.png","width":4190,"height":1970,"caption":"Blue Water Intelligence (BWI)"},"image":{"@id":"https:\/\/bwi.earth\/es\/#\/schema\/logo\/image\/"}}]}},"_links":{"self":[{"href":"https:\/\/bwi.earth\/es\/wp-json\/wp\/v2\/pages\/14454","targetHints":{"allow":["GET"]}}],"collection":[{"href":"https:\/\/bwi.earth\/es\/wp-json\/wp\/v2\/pages"}],"about":[{"href":"https:\/\/bwi.earth\/es\/wp-json\/wp\/v2\/types\/page"}],"author":[{"embeddable":true,"href":"https:\/\/bwi.earth\/es\/wp-json\/wp\/v2\/users\/5"}],"replies":[{"embeddable":true,"href":"https:\/\/bwi.earth\/es\/wp-json\/wp\/v2\/comments?post=14454"}],"version-history":[{"count":5,"href":"https:\/\/bwi.earth\/es\/wp-json\/wp\/v2\/pages\/14454\/revisions"}],"predecessor-version":[{"id":17791,"href":"https:\/\/bwi.earth\/es\/wp-json\/wp\/v2\/pages\/14454\/revisions\/17791"}],"wp:featuredmedia":[{"embeddable":true,"href":"https:\/\/bwi.earth\/es\/wp-json\/wp\/v2\/media\/14456"}],"wp:attachment":[{"href":"https:\/\/bwi.earth\/es\/wp-json\/wp\/v2\/media?parent=14454"}],"curies":[{"name":"wp","href":"https:\/\/api.w.org\/{rel}","templated":true}]}}