{"id":14457,"date":"2023-05-20T15:07:53","date_gmt":"2023-05-20T13:07:53","guid":{"rendered":"https:\/\/bwi.earth\/ecodesign-policy\/"},"modified":"2025-09-30T14:57:14","modified_gmt":"2025-09-30T12:57:14","slug":"politica-de-ecodiseno","status":"publish","type":"page","link":"https:\/\/bwi.earth\/es\/politica-de-ecodiseno\/","title":{"rendered":"Pol\u00edtica de ecodise\u00f1o"},"content":{"rendered":"<section class=\"hero-simple\">\n    <div class=\"wrap\">\n                    <h1 class=\"block-title title-h1\">Pol\u00edtica de ecodise\u00f1o de BWI<\/h1>\n        \n            <\/div>\n<\/section>\n\n    <section class=\"gut-content\">\n        <div class=\"wrap\">\n            <div class=\"x_x_elementToProof\">&nbsp;<\/div>\n<div>\n<div>\n<p>Los servicios de <a href=\"https:\/\/bwi.earth\/\">BWI<\/a> se centran en el modelado cient\u00edfico y, por lo tanto, pueden ser computacionalmente costosos.<\/p>\n<p>Fiel a su misi\u00f3n, BWI reconoce esto y se esfuerza por optimizar el impacto de sus servicios minimizando el consumo energ\u00e9tico y el impacto ambiental.<\/p>\n<p>BWI logra esto aplicando las mejores pr\u00e1cticas de ecodise\u00f1o en ingenier\u00eda de software:<\/p>\n<ol>\n<li>Utilizando bibliotecas escritas en lenguajes compilados para todas las tareas computacionalmente intensivas.<\/li>\n<li>La optimizaci\u00f3n algor\u00edtmica se garantiza mediante un estricto proceso de revisi\u00f3n por pares y un uso intensivo de la memoria cach\u00e9 (el almacenamiento consume mucha menos energ\u00eda que la computaci\u00f3n).<\/li>\n<li>El equipo de desarrollo de software y el software que produce se adhieren a la filosof\u00eda de dise\u00f1o de software UNIX, lo que implica un c\u00f3digo simple, compacto y modular que se basa en interfaces basadas en texto y prioriza la modularidad sobre el dise\u00f1o monol\u00edtico.<\/li>\n<li>Selecci\u00f3n cuidadosa de proveedores de servicios: El 100 % de la electricidad que utiliza nuestro proveedor de infraestructura de TI (<a href=\"https:\/\/www.scaleway.com\/en\/\">Scaleway<\/a>) proviene de centrales hidroel\u00e9ctricas, parques solares y e\u00f3licos.<\/li>\n<li>Por necesidad (BWI es una startup con recursos limitados) y por convicci\u00f3n, nos esforzamos por minimizar los procesos y el servicio: cada funci\u00f3n de nuestro software debe estar justificada por una necesidad clara e innegable del usuario; el c\u00f3digo genera costes a lo largo de su ciclo de vida; como dijo Jeff Atwood: \u00ab<em>El mejor c\u00f3digo es el que no tiene c\u00f3digo<\/em>\u00bb.<\/li>\n<\/ol>\n<p>En resumen, BWI se esfuerza al m\u00e1ximo por ecodise\u00f1ar algoritmos y herramientas (por ejemplo, optimizaci\u00f3n de c\u00f3digo, configuraci\u00f3n eficiente, arquitectura modular y econ\u00f3mica, simplificaci\u00f3n de las HMI) y se asegura constantemente de que sus ingenieros de desarrollo de software adopten adecuadamente las pr\u00e1cticas de ecodise\u00f1o.<\/p>\n<\/div>\n<\/div>\n        <\/div>\n    <\/section>\n","protected":false},"excerpt":{"rendered":"","protected":false},"author":5,"featured_media":14458,"parent":0,"menu_order":0,"comment_status":"closed","ping_status":"closed","template":"","meta":{"content-type":"","ngg_post_thumbnail":0,"footnotes":""},"class_list":["post-14457","page","type-page","status-publish","has-post-thumbnail","hentry"],"acf":[],"yoast_head":"<!-- This site is optimized with the Yoast SEO plugin v26.2 - https:\/\/yoast.com\/wordpress\/plugins\/seo\/ -->\n<title>Pol\u00edtica de ecodise\u00f1o<\/title>\n<meta name=\"description\" content=\"En esta p\u00e1gina encontrar\u00e1 la pol\u00edtica y las pr\u00e1cticas de ecodise\u00f1o de BWI para el dise\u00f1o, desarrollo y mantenimiento de software.\" \/>\n<meta name=\"robots\" content=\"index, follow, max-snippet:-1, max-image-preview:large, max-video-preview:-1\" \/>\n<link rel=\"canonical\" href=\"https:\/\/bwi.earth\/es\/politica-de-ecodiseno\/\" \/>\n<meta property=\"og:locale\" content=\"es_ES\" \/>\n<meta property=\"og:type\" content=\"article\" \/>\n<meta property=\"og:title\" content=\"Pol\u00edtica de ecodise\u00f1o\" \/>\n<meta property=\"og:description\" content=\"En esta p\u00e1gina encontrar\u00e1 la pol\u00edtica y las pr\u00e1cticas de ecodise\u00f1o de BWI para el dise\u00f1o, desarrollo y mantenimiento de software.\" \/>\n<meta property=\"og:url\" content=\"https:\/\/bwi.earth\/es\/politica-de-ecodiseno\/\" \/>\n<meta property=\"og:site_name\" content=\"Blue Water Intelligence (BWI)\" \/>\n<meta property=\"article:modified_time\" content=\"2025-09-30T12:57:14+00:00\" \/>\n<meta property=\"og:image\" content=\"https:\/\/bwi.earth\/wp-content\/uploads\/2023\/03\/petit-etang.png\" \/>\n\t<meta property=\"og:image:width\" content=\"1332\" \/>\n\t<meta property=\"og:image:height\" content=\"1101\" \/>\n\t<meta property=\"og:image:type\" content=\"image\/png\" \/>\n<meta name=\"twitter:card\" content=\"summary_large_image\" \/>\n<meta name=\"twitter:label1\" content=\"Tiempo de lectura\" \/>\n\t<meta name=\"twitter:data1\" content=\"2 minutos\" \/>\n<script type=\"application\/ld+json\" class=\"yoast-schema-graph\">{\"@context\":\"https:\/\/schema.org\",\"@graph\":[{\"@type\":\"WebPage\",\"@id\":\"https:\/\/bwi.earth\/es\/politica-de-ecodiseno\/\",\"url\":\"https:\/\/bwi.earth\/es\/politica-de-ecodiseno\/\",\"name\":\"Pol\u00edtica de ecodise\u00f1o\",\"isPartOf\":{\"@id\":\"https:\/\/bwi.earth\/es\/#website\"},\"primaryImageOfPage\":{\"@id\":\"https:\/\/bwi.earth\/es\/politica-de-ecodiseno\/#primaryimage\"},\"image\":{\"@id\":\"https:\/\/bwi.earth\/es\/politica-de-ecodiseno\/#primaryimage\"},\"thumbnailUrl\":\"https:\/\/bwi.earth\/wp-content\/uploads\/2023\/03\/petit-etang.png\",\"datePublished\":\"2023-05-20T13:07:53+00:00\",\"dateModified\":\"2025-09-30T12:57:14+00:00\",\"description\":\"En esta p\u00e1gina encontrar\u00e1 la pol\u00edtica y las pr\u00e1cticas de ecodise\u00f1o de BWI para el dise\u00f1o, desarrollo y mantenimiento de software.\",\"breadcrumb\":{\"@id\":\"https:\/\/bwi.earth\/es\/politica-de-ecodiseno\/#breadcrumb\"},\"inLanguage\":\"es\",\"potentialAction\":[{\"@type\":\"ReadAction\",\"target\":[\"https:\/\/bwi.earth\/es\/politica-de-ecodiseno\/\"]}]},{\"@type\":\"ImageObject\",\"inLanguage\":\"es\",\"@id\":\"https:\/\/bwi.earth\/es\/politica-de-ecodiseno\/#primaryimage\",\"url\":\"https:\/\/bwi.earth\/wp-content\/uploads\/2023\/03\/petit-etang.png\",\"contentUrl\":\"https:\/\/bwi.earth\/wp-content\/uploads\/2023\/03\/petit-etang.png\",\"width\":1332,\"height\":1101},{\"@type\":\"BreadcrumbList\",\"@id\":\"https:\/\/bwi.earth\/es\/politica-de-ecodiseno\/#breadcrumb\",\"itemListElement\":[{\"@type\":\"ListItem\",\"position\":1,\"name\":\"Home\",\"item\":\"https:\/\/bwi.earth\/es\/\"},{\"@type\":\"ListItem\",\"position\":2,\"name\":\"Pol\u00edtica de ecodise\u00f1o\"}]},{\"@type\":\"WebSite\",\"@id\":\"https:\/\/bwi.earth\/es\/#website\",\"url\":\"https:\/\/bwi.earth\/es\/\",\"name\":\"Blue Water Intelligence (BWI)\",\"description\":\"The River Basin Digitization Company\",\"publisher\":{\"@id\":\"https:\/\/bwi.earth\/es\/#organization\"},\"potentialAction\":[{\"@type\":\"SearchAction\",\"target\":{\"@type\":\"EntryPoint\",\"urlTemplate\":\"https:\/\/bwi.earth\/es\/?s={search_term_string}\"},\"query-input\":{\"@type\":\"PropertyValueSpecification\",\"valueRequired\":true,\"valueName\":\"search_term_string\"}}],\"inLanguage\":\"es\"},{\"@type\":\"Organization\",\"@id\":\"https:\/\/bwi.earth\/es\/#organization\",\"name\":\"Blue Water Intelligence (BWI)\",\"url\":\"https:\/\/bwi.earth\/es\/\",\"logo\":{\"@type\":\"ImageObject\",\"inLanguage\":\"es\",\"@id\":\"https:\/\/bwi.earth\/es\/#\/schema\/logo\/image\/\",\"url\":\"https:\/\/bwi.earth\/wp-content\/uploads\/2023\/03\/cropped-logo_couleur_bwi.png\",\"contentUrl\":\"https:\/\/bwi.earth\/wp-content\/uploads\/2023\/03\/cropped-logo_couleur_bwi.png\",\"width\":4190,\"height\":1970,\"caption\":\"Blue Water Intelligence (BWI)\"},\"image\":{\"@id\":\"https:\/\/bwi.earth\/es\/#\/schema\/logo\/image\/\"}}]}<\/script>\n<!-- \/ Yoast SEO plugin. -->","yoast_head_json":{"title":"Pol\u00edtica de ecodise\u00f1o","description":"En esta p\u00e1gina encontrar\u00e1 la pol\u00edtica y las pr\u00e1cticas de ecodise\u00f1o de BWI para el dise\u00f1o, desarrollo y mantenimiento de software.","robots":{"index":"index","follow":"follow","max-snippet":"max-snippet:-1","max-image-preview":"max-image-preview:large","max-video-preview":"max-video-preview:-1"},"canonical":"https:\/\/bwi.earth\/es\/politica-de-ecodiseno\/","og_locale":"es_ES","og_type":"article","og_title":"Pol\u00edtica de ecodise\u00f1o","og_description":"En esta p\u00e1gina encontrar\u00e1 la pol\u00edtica y las pr\u00e1cticas de ecodise\u00f1o de BWI para el dise\u00f1o, desarrollo y mantenimiento de software.","og_url":"https:\/\/bwi.earth\/es\/politica-de-ecodiseno\/","og_site_name":"Blue Water Intelligence (BWI)","article_modified_time":"2025-09-30T12:57:14+00:00","og_image":[{"width":1332,"height":1101,"url":"https:\/\/bwi.earth\/wp-content\/uploads\/2023\/03\/petit-etang.png","type":"image\/png"}],"twitter_card":"summary_large_image","twitter_misc":{"Tiempo de lectura":"2 minutos"},"schema":{"@context":"https:\/\/schema.org","@graph":[{"@type":"WebPage","@id":"https:\/\/bwi.earth\/es\/politica-de-ecodiseno\/","url":"https:\/\/bwi.earth\/es\/politica-de-ecodiseno\/","name":"Pol\u00edtica de ecodise\u00f1o","isPartOf":{"@id":"https:\/\/bwi.earth\/es\/#website"},"primaryImageOfPage":{"@id":"https:\/\/bwi.earth\/es\/politica-de-ecodiseno\/#primaryimage"},"image":{"@id":"https:\/\/bwi.earth\/es\/politica-de-ecodiseno\/#primaryimage"},"thumbnailUrl":"https:\/\/bwi.earth\/wp-content\/uploads\/2023\/03\/petit-etang.png","datePublished":"2023-05-20T13:07:53+00:00","dateModified":"2025-09-30T12:57:14+00:00","description":"En esta p\u00e1gina encontrar\u00e1 la pol\u00edtica y las pr\u00e1cticas de ecodise\u00f1o de BWI para el dise\u00f1o, desarrollo y mantenimiento de software.","breadcrumb":{"@id":"https:\/\/bwi.earth\/es\/politica-de-ecodiseno\/#breadcrumb"},"inLanguage":"es","potentialAction":[{"@type":"ReadAction","target":["https:\/\/bwi.earth\/es\/politica-de-ecodiseno\/"]}]},{"@type":"ImageObject","inLanguage":"es","@id":"https:\/\/bwi.earth\/es\/politica-de-ecodiseno\/#primaryimage","url":"https:\/\/bwi.earth\/wp-content\/uploads\/2023\/03\/petit-etang.png","contentUrl":"https:\/\/bwi.earth\/wp-content\/uploads\/2023\/03\/petit-etang.png","width":1332,"height":1101},{"@type":"BreadcrumbList","@id":"https:\/\/bwi.earth\/es\/politica-de-ecodiseno\/#breadcrumb","itemListElement":[{"@type":"ListItem","position":1,"name":"Home","item":"https:\/\/bwi.earth\/es\/"},{"@type":"ListItem","position":2,"name":"Pol\u00edtica de ecodise\u00f1o"}]},{"@type":"WebSite","@id":"https:\/\/bwi.earth\/es\/#website","url":"https:\/\/bwi.earth\/es\/","name":"Blue Water Intelligence (BWI)","description":"The River Basin Digitization Company","publisher":{"@id":"https:\/\/bwi.earth\/es\/#organization"},"potentialAction":[{"@type":"SearchAction","target":{"@type":"EntryPoint","urlTemplate":"https:\/\/bwi.earth\/es\/?s={search_term_string}"},"query-input":{"@type":"PropertyValueSpecification","valueRequired":true,"valueName":"search_term_string"}}],"inLanguage":"es"},{"@type":"Organization","@id":"https:\/\/bwi.earth\/es\/#organization","name":"Blue Water Intelligence (BWI)","url":"https:\/\/bwi.earth\/es\/","logo":{"@type":"ImageObject","inLanguage":"es","@id":"https:\/\/bwi.earth\/es\/#\/schema\/logo\/image\/","url":"https:\/\/bwi.earth\/wp-content\/uploads\/2023\/03\/cropped-logo_couleur_bwi.png","contentUrl":"https:\/\/bwi.earth\/wp-content\/uploads\/2023\/03\/cropped-logo_couleur_bwi.png","width":4190,"height":1970,"caption":"Blue Water Intelligence (BWI)"},"image":{"@id":"https:\/\/bwi.earth\/es\/#\/schema\/logo\/image\/"}}]}},"_links":{"self":[{"href":"https:\/\/bwi.earth\/es\/wp-json\/wp\/v2\/pages\/14457","targetHints":{"allow":["GET"]}}],"collection":[{"href":"https:\/\/bwi.earth\/es\/wp-json\/wp\/v2\/pages"}],"about":[{"href":"https:\/\/bwi.earth\/es\/wp-json\/wp\/v2\/types\/page"}],"author":[{"embeddable":true,"href":"https:\/\/bwi.earth\/es\/wp-json\/wp\/v2\/users\/5"}],"replies":[{"embeddable":true,"href":"https:\/\/bwi.earth\/es\/wp-json\/wp\/v2\/comments?post=14457"}],"version-history":[{"count":3,"href":"https:\/\/bwi.earth\/es\/wp-json\/wp\/v2\/pages\/14457\/revisions"}],"predecessor-version":[{"id":15996,"href":"https:\/\/bwi.earth\/es\/wp-json\/wp\/v2\/pages\/14457\/revisions\/15996"}],"wp:featuredmedia":[{"embeddable":true,"href":"https:\/\/bwi.earth\/es\/wp-json\/wp\/v2\/media\/14458"}],"wp:attachment":[{"href":"https:\/\/bwi.earth\/es\/wp-json\/wp\/v2\/media?parent=14457"}],"curies":[{"name":"wp","href":"https:\/\/api.w.org\/{rel}","templated":true}]}}