{"id":14471,"date":"2023-03-20T10:54:00","date_gmt":"2023-03-20T09:54:00","guid":{"rendered":"https:\/\/bwi.earth\/forecasting-services-for-public-authorities\/"},"modified":"2025-10-03T15:50:54","modified_gmt":"2025-10-03T13:50:54","slug":"servicios-de-prevision-hidrologico-para-autoridades-de-cuenca","status":"publish","type":"page","link":"https:\/\/bwi.earth\/es\/servicios-de-prevision-hidrologico-para-autoridades-de-cuenca\/","title":{"rendered":"Servicios de previsi\u00f3n hidrol\u00f3gico para autoridades de cuenca"},"content":{"rendered":"<section class=\"hero-img bg-color-bleu-elec\">\n    <div class=\"wrap\">\n                    <h1 class=\"block-title title-h1\">Servicios de previsi\u00f3n hidrol\u00f3gico para autoridades de cuenca<\/h1>\n        \n                    <div class=\"intro\">\n                <p>Simulaciones casi en tiempo real del caudal de los r\u00edos y de los niveles de agua, as\u00ed como provisi\u00f3n de previsiones de hasta 10 d\u00edas.<\/p>\n            <\/div>\n        \n                    <div class=\"container-img\">\n                <img loading=\"lazy\" decoding=\"async\" width=\"422\" height=\"510\" src=\"https:\/\/bwi.earth\/wp-content\/uploads\/2023\/03\/ile2.png\" class=\"attachment-banner size-banner\" alt=\"\" srcset=\"https:\/\/bwi.earth\/wp-content\/uploads\/2023\/03\/ile2.png 422w, https:\/\/bwi.earth\/wp-content\/uploads\/2023\/03\/ile2-248x300.png 248w\" sizes=\"auto, (max-width: 422px) 100vw, 422px\" \/>            <\/div>\n            <\/div>\n<\/section>\n\n<section class=\"video\">\n    <div class=\"wrap small\">\n        <div class=\"video__wrapper\">\n            \n            <div class=\"video__wrapper__container-video video-container\">\n                                                            <iframe loading=\"lazy\" src=\"https:\/\/player.vimeo.com\/video\/946207432?color=2E39FE\" width=\"640\" height=\"360\" frameborder=\"0\" allow=\"autoplay; fullscreen;\" allowfullscreen><\/iframe>\n                                    \n                            <\/div>\n\n            <span class=\"dot green\"><\/span>\n\n            <div class=\"deco-container small\">\n                <svg width=\"52\" height=\"37\" viewBox=\"0 0 52 37\" fill=\"none\" xmlns=\"http:\/\/www.w3.org\/2000\/svg\">\n                    <path fill-rule=\"evenodd\" clip-rule=\"evenodd\" d=\"M51.6074 4.46402L51.6074 3.60687L48.3936 3.60687L48.3936 0.392578L47.5364 0.392578L47.5364 3.60687L44.3217 3.60687L44.3217 4.46402L47.5364 4.46402L47.5364 7.67829L48.3936 7.67829L48.3936 4.46402L51.6074 4.46402Z\" fill=\"#151567\" \/>\n                    <path fill-rule=\"evenodd\" clip-rule=\"evenodd\" d=\"M51.6074 18.8214L51.6074 17.9643L48.3936 17.9643L48.3936 14.75L47.5364 14.75L47.5364 17.9643L44.3217 17.9643L44.3217 18.8214L47.5364 18.8214L47.5364 22.0357L48.3936 22.0357L48.3936 18.8214L51.6074 18.8214Z\" fill=\"#151567\" \/>\n                    <path fill-rule=\"evenodd\" clip-rule=\"evenodd\" d=\"M51.6074 33.3927L51.6074 32.5356L48.3936 32.5356L48.3936 29.3213L47.5364 29.3213L47.5364 32.5356L44.3217 32.5356L44.3217 33.3927L47.5364 33.3927L47.5364 36.607L48.3936 36.607L48.3936 33.3927L51.6074 33.3927Z\" fill=\"#151567\" \/>\n                    <path fill-rule=\"evenodd\" clip-rule=\"evenodd\" d=\"M37.0361 4.46402L37.0361 3.60687L33.8223 3.60687L33.8223 0.392578L32.9651 0.392578L32.9651 3.60687L29.7504 3.60687L29.7504 4.46402L32.9651 4.46402L32.9651 7.67829L33.8223 7.67829L33.8223 4.46402L37.0361 4.46402Z\" fill=\"#151567\" \/>\n                    <path fill-rule=\"evenodd\" clip-rule=\"evenodd\" d=\"M37.0361 18.8214L37.0361 17.9643L33.8223 17.9643L33.8223 14.75L32.9651 14.75L32.9651 17.9643L29.7504 17.9643L29.7504 18.8214L32.9651 18.8214L32.9651 22.0357L33.8223 22.0357L33.8223 18.8214L37.0361 18.8214Z\" fill=\"#2E39FE\" \/>\n                    <path fill-rule=\"evenodd\" clip-rule=\"evenodd\" d=\"M37.0361 33.3927L37.0361 32.5356L33.8223 32.5356L33.8223 29.3213L32.9651 29.3213L32.9651 32.5356L29.7504 32.5356L29.7504 33.3927L32.9651 33.3927L32.9651 36.607L33.8223 36.607L33.8223 33.3927L37.0361 33.3927Z\" fill=\"#2E39FE\" \/>\n                    <path fill-rule=\"evenodd\" clip-rule=\"evenodd\" d=\"M22.4648 4.46402L22.4648 3.60687L19.251 3.60687L19.251 0.392578L18.3938 0.392578L18.3938 3.60687L15.1791 3.60687L15.1791 4.46402L18.3938 4.46402L18.3938 7.67829L19.251 7.67829L19.251 4.46402L22.4648 4.46402Z\" fill=\"#151567\" \/>\n                    <path fill-rule=\"evenodd\" clip-rule=\"evenodd\" d=\"M22.4648 18.8214L22.4648 17.9643L19.251 17.9643L19.251 14.75L18.3938 14.75L18.3938 17.9643L15.1791 17.9643L15.1791 18.8214L18.3938 18.8214L18.3938 22.0357L19.251 22.0357L19.251 18.8214L22.4648 18.8214Z\" fill=\"#2E39FE\" \/>\n                    <path fill-rule=\"evenodd\" clip-rule=\"evenodd\" d=\"M22.4648 33.3927L22.4648 32.5356L19.251 32.5356L19.251 29.3213L18.3938 29.3213L18.3938 32.5356L15.1791 32.5356L15.1791 33.3927L18.3938 33.3927L18.3938 36.607L19.251 36.607L19.251 33.3927L22.4648 33.3927Z\" fill=\"#2E39FE\" \/>\n                    <path fill-rule=\"evenodd\" clip-rule=\"evenodd\" d=\"M7.89355 4.46402L7.89355 3.60687L4.67969 3.60687L4.67969 0.392578L3.82255 0.392578L3.82254 3.60687L0.60784 3.60687L0.60784 4.46402L3.82254 4.46402L3.82254 7.67829L4.67969 7.67829L4.67969 4.46402L7.89355 4.46402Z\" fill=\"#151567\" \/>\n                    <path fill-rule=\"evenodd\" clip-rule=\"evenodd\" d=\"M7.89355 18.8214L7.89355 17.9643L4.67969 17.9643L4.67969 14.75L3.82255 14.75L3.82254 17.9643L0.60784 17.9643L0.60784 18.8214L3.82254 18.8214L3.82254 22.0357L4.67969 22.0357L4.67969 18.8214L7.89355 18.8214Z\" fill=\"#151567\" \/>\n                    <path fill-rule=\"evenodd\" clip-rule=\"evenodd\" d=\"M7.89355 33.3927L7.89355 32.5356L4.67969 32.5356L4.67969 29.3213L3.82255 29.3213L3.82254 32.5356L0.60784 32.5356L0.60784 33.3927L3.82254 33.3927L3.82254 36.607L4.67969 36.607L4.67969 33.3927L7.89355 33.3927Z\" fill=\"#151567\" \/>\n                <\/svg>\n            <\/div>\n\n            <div class=\"deco-container big\">\n                <svg width=\"85\" height=\"119\" viewBox=\"0 0 85 119\" fill=\"none\" xmlns=\"http:\/\/www.w3.org\/2000\/svg\">\n                    <path fill-rule=\"evenodd\" clip-rule=\"evenodd\" d=\"M10 0H8V7.5L0.5 7.5V9.5H8V17H10V9.5H17.5V7.5L10 7.5V0Z\" fill=\"#151567\" \/>\n                    <path fill-rule=\"evenodd\" clip-rule=\"evenodd\" d=\"M43.5 0H41.5V7.5L34 7.5V9.5H41.5V17H43.5V9.5H51V7.5L43.5 7.5V0Z\" fill=\"#151567\" \/>\n                    <path fill-rule=\"evenodd\" clip-rule=\"evenodd\" d=\"M77.5 0H75.5V7.5L68 7.5V9.5H75.5V17H77.5V9.5H85V7.5L77.5 7.5V0Z\" fill=\"#151567\" \/>\n                    <path fill-rule=\"evenodd\" clip-rule=\"evenodd\" d=\"M10 34H8V41.5L0.5 41.5V43.5H8V51H10V43.5H17.5V41.5L10 41.5V34Z\" fill=\"#151567\" \/>\n                    <path fill-rule=\"evenodd\" clip-rule=\"evenodd\" d=\"M43.5 34H41.5V41.5L34 41.5V43.5H41.5V51H43.5V43.5H51V41.5L43.5 41.5V34Z\" fill=\"#2E39FE\" \/>\n                    <path fill-rule=\"evenodd\" clip-rule=\"evenodd\" d=\"M77.5 34H75.5V41.5L68 41.5V43.5H75.5V51H77.5V43.5H85V41.5L77.5 41.5V34Z\" fill=\"#2E39FE\" \/>\n                    <path fill-rule=\"evenodd\" clip-rule=\"evenodd\" d=\"M10 68H8V75.5L0.5 75.5V77.5H8V85H10V77.5H17.5V75.5L10 75.5V68Z\" fill=\"#151567\" \/>\n                    <path fill-rule=\"evenodd\" clip-rule=\"evenodd\" d=\"M43.5 68H41.5V75.5L34 75.5V77.5H41.5V85H43.5V77.5H51V75.5L43.5 75.5V68Z\" fill=\"#2E39FE\" \/>\n                    <path fill-rule=\"evenodd\" clip-rule=\"evenodd\" d=\"M77.5 68H75.5V75.5L68 75.5V77.5H75.5V85H77.5V77.5H85V75.5L77.5 75.5V68Z\" fill=\"#2E39FE\" \/>\n                    <path fill-rule=\"evenodd\" clip-rule=\"evenodd\" d=\"M10 102H8V109.5L0.5 109.5V111.5H8V119H10V111.5H17.5V109.5L10 109.5V102Z\" fill=\"#151567\" \/>\n                    <path fill-rule=\"evenodd\" clip-rule=\"evenodd\" d=\"M43.5 102H41.5V109.5L34 109.5V111.5H41.5V119H43.5V111.5H51V109.5L43.5 109.5V102Z\" fill=\"#151567\" \/>\n                    <path fill-rule=\"evenodd\" clip-rule=\"evenodd\" d=\"M77.5 102H75.5V109.5L68 109.5V111.5H75.5V119H77.5V111.5H85V109.5L77.5 109.5V102Z\" fill=\"#151567\" \/>\n                <\/svg>\n            <\/div>\n        <\/div>\n    <\/div>\n\n    <\/section>\n\n\n    <section class=\"gut-rows bg-color-blanc\">\n        <div class=\"wrap\">\n                            <div class=\"block-header\">\n                                            <h2 class=\"block-title title-h3\">Las previsiones de caudal de los r\u00edos son un activo valioso para las autoridades p\u00fablicas<\/h2>\n                    \n                                            <div class=\"container-img\">\n                            <img loading=\"lazy\" decoding=\"async\" width=\"1307\" height=\"1080\" src=\"https:\/\/bwi.earth\/wp-content\/uploads\/2023\/03\/petit-etang-1-1307x1080.png\" class=\"attachment-banner size-banner\" alt=\"\" srcset=\"https:\/\/bwi.earth\/wp-content\/uploads\/2023\/03\/petit-etang-1-1307x1080.png 1307w, https:\/\/bwi.earth\/wp-content\/uploads\/2023\/03\/petit-etang-1-300x248.png 300w, https:\/\/bwi.earth\/wp-content\/uploads\/2023\/03\/petit-etang-1-1024x846.png 1024w, https:\/\/bwi.earth\/wp-content\/uploads\/2023\/03\/petit-etang-1-768x635.png 768w, https:\/\/bwi.earth\/wp-content\/uploads\/2023\/03\/petit-etang-1.png 1332w\" sizes=\"auto, (max-width: 1307px) 100vw, 1307px\" \/>                        <\/div>\n                                    <\/div>\n            \n            <div class=\"rows\">\n                                    <div class=\"row\">\n                                                    <h3 class=\"row-title\">Previsiones continuo de inundaciones<\/h3>\n                        \n                                                    <p>Utilizando previsiones de caudal de r\u00edos de 10 d\u00edas para implementar medidas preventivas, salvando vidas y bienes.<\/p>\n                                            <\/div>\n                                    <div class=\"row\">\n                                                    <h3 class=\"row-title\">Mejorar la seguridad p\u00fablica<\/h3>\n                        \n                                                    <p>Con los previsiones del caudal de los r\u00edos, puede fortalecer su resiliencia frente a las inundaciones.<\/p>\n                                            <\/div>\n                                    <div class=\"row\">\n                                                    <h3 class=\"row-title\">Planificaci\u00f3n del uso del suelo<\/h3>\n                        \n                                                    <p>Facilitar la toma de decisiones informadas sobre la planificaci\u00f3n del uso del suelo en zonas propensas a inundaciones, con el fin de reducir los riesgos y los costos asociados.<\/p>\n                                            <\/div>\n                                    <div class=\"row\">\n                                                    <h3 class=\"row-title\">Mejorar las capacidades de respuesta ante emergencias<\/h3>\n                        \n                                                    <p>La integraci\u00f3n de previsiones de flujo en los planes de prevenci\u00f3n de desastres naturales permite una asignaci\u00f3n optimizada de sus recursos.<\/p>\n                                            <\/div>\n                                    <div class=\"row\">\n                                                    <h3 class=\"row-title\">Mayor conciencia<\/h3>\n                        \n                                                    <p>BWI permite una comunicaci\u00f3n y coordinaci\u00f3n eficaz de los riesgos de inundaciones. Adem\u00e1s, BWI ayuda a crear conciencia sobre las pr\u00e1cticas de gesti\u00f3n de los recursos h\u00eddricos para optimizar la disponibilidad de agua.<\/p>\n                                            <\/div>\n                            <\/div>\n        <\/div>\n    <\/section>\n\n\n\n<section class=\"gut-rebond bg-color-bleu-elec \">\n    <div class=\"wrap\">\n        <div class=\"left\">\n                            <h2 class=\"block-title title-h2\">Folleto .pdf<\/h2>\n            \n                    <\/div>\n\n        <div class=\"right\">\n            <div class=\"img\"><\/div>\n\n                            <a href=\"https:\/\/bwi.earth\/wp-content\/uploads\/2023\/06\/Inland-water-forecasts-for-public-authorities.pdf\" class=\"cta btn primary green\">Descargar<\/a>\n                    <\/div>\n    <\/div>\n<\/section>\n\n\n    <section class=\"gut-rows bg-color-blanc\">\n        <div class=\"wrap\">\n                            <div class=\"block-header\">\n                                            <h2 class=\"block-title title-h3\">Monitoreo de aguas superficiales<\/h2>\n                    \n                                            <div class=\"container-img\">\n                            <img loading=\"lazy\" decoding=\"async\" width=\"1000\" height=\"1000\" src=\"https:\/\/bwi.earth\/wp-content\/uploads\/2023\/03\/home1_bwi-1.png\" class=\"attachment-banner size-banner\" alt=\"\" srcset=\"https:\/\/bwi.earth\/wp-content\/uploads\/2023\/03\/home1_bwi-1.png 1000w, https:\/\/bwi.earth\/wp-content\/uploads\/2023\/03\/home1_bwi-1-300x300.png 300w, https:\/\/bwi.earth\/wp-content\/uploads\/2023\/03\/home1_bwi-1-150x150.png 150w, https:\/\/bwi.earth\/wp-content\/uploads\/2023\/03\/home1_bwi-1-768x768.png 768w\" sizes=\"auto, (max-width: 1000px) 100vw, 1000px\" \/>                        <\/div>\n                                    <\/div>\n            \n            <div class=\"rows\">\n                                    <div class=\"row\">\n                                                    <h3 class=\"row-title\">Monitoreo del estado cuantitativo de las reservas de agua<\/h3>\n                        \n                                                    <p>BWI previsiona informaci\u00f3n continua sobre el caudal de los r\u00edos y los niveles de las aguas superficiales.<\/p>\n                                            <\/div>\n                                    <div class=\"row\">\n                                                    <h3 class=\"row-title\">Previsiones de variaciones en las reservas de agua<\/h3>\n                        \n                                                    <p>Previsiones continuas de la variabilidad de sus reservas: evaporaci\u00f3n, recarga natural de las reservas de agua por lluvia y deshielo, etc.<\/p>\n                                            <\/div>\n                                    <div class=\"row\">\n                                                    <h3 class=\"row-title\">Monitoreo de la calidad del agua en las reservas h\u00eddricas<\/h3>\n                        \n                                                    <p>En el futuro, BWI monitorear\u00e1 indicadores de calidad del agua como la temperatura, la turbidez, la proliferaci\u00f3n de algas y m\u00e1s, brindando alertas cuando se alcancen los umbrales de riesgo, as\u00ed como simulaciones de la posible propagaci\u00f3n de la contaminaci\u00f3n a \u00e1reas sensibles.<\/p>\n                                            <\/div>\n                            <\/div>\n        <\/div>\n    <\/section>\n\n\n\n<section class=\"gut-rebond bg-color-bleu-elec \">\n    <div class=\"wrap\">\n        <div class=\"left\">\n                            <h2 class=\"block-title title-h2\">Previsiones de caudal y nivel de agua<\/h2>\n            \n                    <\/div>\n\n        <div class=\"right\">\n            <p class=\"content\">\n                BWI se especializa en proporcionar simulaciones y previsiones casi en tiempo real de las aguas superficiales continentales en todo el mundo.\r\nBWI combina datos in situ, observaciones espaciales y aprendizaje autom\u00e1tico para potenciar y fortalecer los modelos hidrol\u00f3gicos e hidrodin\u00e1micos.\r\nA trav\u00e9s de un servicio de suscripci\u00f3n en l\u00ednea, BWI pretende mejorar, en el espacio y el tiempo, el conocimiento hidrol\u00f3gico para abordar mejor el estr\u00e9s h\u00eddrico inducido por el cambio clim\u00e1tico.            <\/p>\n\n                            <a href=\"https:\/\/bwi.earth\/contact\/\" class=\"cta btn primary green\">Solicitar una demostraci\u00f3n<\/a>\n                    <\/div>\n    <\/div>\n<\/section>","protected":false},"excerpt":{"rendered":"","protected":false},"author":4,"featured_media":14473,"parent":0,"menu_order":0,"comment_status":"closed","ping_status":"closed","template":"","meta":{"content-type":"","ngg_post_thumbnail":0,"footnotes":""},"class_list":["post-14471","page","type-page","status-publish","has-post-thumbnail","hentry"],"acf":[],"yoast_head":"<!-- This site is optimized with the Yoast SEO plugin v26.2 - https:\/\/yoast.com\/wordpress\/plugins\/seo\/ -->\n<title>Servicios de previsi\u00f3n hidrol\u00f3gico para autoridades de cuenca<\/title>\n<meta name=\"description\" content=\"Servicios para previsionar niveles de agua, vol\u00famenes y calidad del agua de cuerpos de agua, y para previsionar el caudal de los r\u00edos.\" \/>\n<meta name=\"robots\" content=\"index, follow, max-snippet:-1, max-image-preview:large, max-video-preview:-1\" \/>\n<link rel=\"canonical\" href=\"https:\/\/bwi.earth\/es\/servicios-de-prevision-hidrologico-para-autoridades-de-cuenca\/\" \/>\n<meta property=\"og:locale\" content=\"es_ES\" \/>\n<meta property=\"og:type\" content=\"article\" \/>\n<meta property=\"og:title\" content=\"Servicios de previsi\u00f3n hidrol\u00f3gico para autoridades de cuenca\" \/>\n<meta property=\"og:description\" content=\"Servicios para previsionar niveles de agua, vol\u00famenes y calidad del agua de cuerpos de agua, y para previsionar el caudal de los r\u00edos.\" \/>\n<meta property=\"og:url\" content=\"https:\/\/bwi.earth\/es\/servicios-de-prevision-hidrologico-para-autoridades-de-cuenca\/\" \/>\n<meta property=\"og:site_name\" content=\"Blue Water Intelligence (BWI)\" \/>\n<meta property=\"article:modified_time\" content=\"2025-10-03T13:50:54+00:00\" \/>\n<meta property=\"og:image\" content=\"https:\/\/bwi.earth\/wp-content\/uploads\/2024\/01\/IMG_5333.jpg\" \/>\n\t<meta property=\"og:image:width\" content=\"2049\" \/>\n\t<meta property=\"og:image:height\" content=\"1536\" \/>\n\t<meta property=\"og:image:type\" content=\"image\/jpeg\" \/>\n<meta name=\"twitter:card\" content=\"summary_large_image\" \/>\n<meta name=\"twitter:label1\" content=\"Tiempo de lectura\" \/>\n\t<meta name=\"twitter:data1\" content=\"3 minutos\" \/>\n<script type=\"application\/ld+json\" class=\"yoast-schema-graph\">{\"@context\":\"https:\/\/schema.org\",\"@graph\":[{\"@type\":\"WebPage\",\"@id\":\"https:\/\/bwi.earth\/es\/servicios-de-prevision-hidrologico-para-autoridades-de-cuenca\/\",\"url\":\"https:\/\/bwi.earth\/es\/servicios-de-prevision-hidrologico-para-autoridades-de-cuenca\/\",\"name\":\"Servicios de previsi\u00f3n hidrol\u00f3gico para autoridades de cuenca\",\"isPartOf\":{\"@id\":\"https:\/\/bwi.earth\/es\/#website\"},\"primaryImageOfPage\":{\"@id\":\"https:\/\/bwi.earth\/es\/servicios-de-prevision-hidrologico-para-autoridades-de-cuenca\/#primaryimage\"},\"image\":{\"@id\":\"https:\/\/bwi.earth\/es\/servicios-de-prevision-hidrologico-para-autoridades-de-cuenca\/#primaryimage\"},\"thumbnailUrl\":\"https:\/\/bwi.earth\/wp-content\/uploads\/2024\/01\/IMG_5333.jpg\",\"datePublished\":\"2023-03-20T09:54:00+00:00\",\"dateModified\":\"2025-10-03T13:50:54+00:00\",\"description\":\"Servicios para previsionar niveles de agua, vol\u00famenes y calidad del agua de cuerpos de agua, y para previsionar el caudal de los r\u00edos.\",\"breadcrumb\":{\"@id\":\"https:\/\/bwi.earth\/es\/servicios-de-prevision-hidrologico-para-autoridades-de-cuenca\/#breadcrumb\"},\"inLanguage\":\"es\",\"potentialAction\":[{\"@type\":\"ReadAction\",\"target\":[\"https:\/\/bwi.earth\/es\/servicios-de-prevision-hidrologico-para-autoridades-de-cuenca\/\"]}]},{\"@type\":\"ImageObject\",\"inLanguage\":\"es\",\"@id\":\"https:\/\/bwi.earth\/es\/servicios-de-prevision-hidrologico-para-autoridades-de-cuenca\/#primaryimage\",\"url\":\"https:\/\/bwi.earth\/wp-content\/uploads\/2024\/01\/IMG_5333.jpg\",\"contentUrl\":\"https:\/\/bwi.earth\/wp-content\/uploads\/2024\/01\/IMG_5333.jpg\",\"width\":2049,\"height\":1536},{\"@type\":\"BreadcrumbList\",\"@id\":\"https:\/\/bwi.earth\/es\/servicios-de-prevision-hidrologico-para-autoridades-de-cuenca\/#breadcrumb\",\"itemListElement\":[{\"@type\":\"ListItem\",\"position\":1,\"name\":\"Home\",\"item\":\"https:\/\/bwi.earth\/es\/\"},{\"@type\":\"ListItem\",\"position\":2,\"name\":\"Servicios de previsi\u00f3n hidrol\u00f3gico para autoridades de cuenca\"}]},{\"@type\":\"WebSite\",\"@id\":\"https:\/\/bwi.earth\/es\/#website\",\"url\":\"https:\/\/bwi.earth\/es\/\",\"name\":\"Blue Water Intelligence (BWI)\",\"description\":\"The River Basin Digitization Company\",\"publisher\":{\"@id\":\"https:\/\/bwi.earth\/es\/#organization\"},\"potentialAction\":[{\"@type\":\"SearchAction\",\"target\":{\"@type\":\"EntryPoint\",\"urlTemplate\":\"https:\/\/bwi.earth\/es\/?s={search_term_string}\"},\"query-input\":{\"@type\":\"PropertyValueSpecification\",\"valueRequired\":true,\"valueName\":\"search_term_string\"}}],\"inLanguage\":\"es\"},{\"@type\":\"Organization\",\"@id\":\"https:\/\/bwi.earth\/es\/#organization\",\"name\":\"Blue Water Intelligence (BWI)\",\"url\":\"https:\/\/bwi.earth\/es\/\",\"logo\":{\"@type\":\"ImageObject\",\"inLanguage\":\"es\",\"@id\":\"https:\/\/bwi.earth\/es\/#\/schema\/logo\/image\/\",\"url\":\"https:\/\/bwi.earth\/wp-content\/uploads\/2023\/03\/cropped-logo_couleur_bwi.png\",\"contentUrl\":\"https:\/\/bwi.earth\/wp-content\/uploads\/2023\/03\/cropped-logo_couleur_bwi.png\",\"width\":4190,\"height\":1970,\"caption\":\"Blue Water Intelligence (BWI)\"},\"image\":{\"@id\":\"https:\/\/bwi.earth\/es\/#\/schema\/logo\/image\/\"}}]}<\/script>\n<!-- \/ Yoast SEO plugin. -->","yoast_head_json":{"title":"Servicios de previsi\u00f3n hidrol\u00f3gico para autoridades de cuenca","description":"Servicios para previsionar niveles de agua, vol\u00famenes y calidad del agua de cuerpos de agua, y para previsionar el caudal de los r\u00edos.","robots":{"index":"index","follow":"follow","max-snippet":"max-snippet:-1","max-image-preview":"max-image-preview:large","max-video-preview":"max-video-preview:-1"},"canonical":"https:\/\/bwi.earth\/es\/servicios-de-prevision-hidrologico-para-autoridades-de-cuenca\/","og_locale":"es_ES","og_type":"article","og_title":"Servicios de previsi\u00f3n hidrol\u00f3gico para autoridades de cuenca","og_description":"Servicios para previsionar niveles de agua, vol\u00famenes y calidad del agua de cuerpos de agua, y para previsionar el caudal de los r\u00edos.","og_url":"https:\/\/bwi.earth\/es\/servicios-de-prevision-hidrologico-para-autoridades-de-cuenca\/","og_site_name":"Blue Water Intelligence (BWI)","article_modified_time":"2025-10-03T13:50:54+00:00","og_image":[{"width":2049,"height":1536,"url":"https:\/\/bwi.earth\/wp-content\/uploads\/2024\/01\/IMG_5333.jpg","type":"image\/jpeg"}],"twitter_card":"summary_large_image","twitter_misc":{"Tiempo de lectura":"3 minutos"},"schema":{"@context":"https:\/\/schema.org","@graph":[{"@type":"WebPage","@id":"https:\/\/bwi.earth\/es\/servicios-de-prevision-hidrologico-para-autoridades-de-cuenca\/","url":"https:\/\/bwi.earth\/es\/servicios-de-prevision-hidrologico-para-autoridades-de-cuenca\/","name":"Servicios de previsi\u00f3n hidrol\u00f3gico para autoridades de cuenca","isPartOf":{"@id":"https:\/\/bwi.earth\/es\/#website"},"primaryImageOfPage":{"@id":"https:\/\/bwi.earth\/es\/servicios-de-prevision-hidrologico-para-autoridades-de-cuenca\/#primaryimage"},"image":{"@id":"https:\/\/bwi.earth\/es\/servicios-de-prevision-hidrologico-para-autoridades-de-cuenca\/#primaryimage"},"thumbnailUrl":"https:\/\/bwi.earth\/wp-content\/uploads\/2024\/01\/IMG_5333.jpg","datePublished":"2023-03-20T09:54:00+00:00","dateModified":"2025-10-03T13:50:54+00:00","description":"Servicios para previsionar niveles de agua, vol\u00famenes y calidad del agua de cuerpos de agua, y para previsionar el caudal de los r\u00edos.","breadcrumb":{"@id":"https:\/\/bwi.earth\/es\/servicios-de-prevision-hidrologico-para-autoridades-de-cuenca\/#breadcrumb"},"inLanguage":"es","potentialAction":[{"@type":"ReadAction","target":["https:\/\/bwi.earth\/es\/servicios-de-prevision-hidrologico-para-autoridades-de-cuenca\/"]}]},{"@type":"ImageObject","inLanguage":"es","@id":"https:\/\/bwi.earth\/es\/servicios-de-prevision-hidrologico-para-autoridades-de-cuenca\/#primaryimage","url":"https:\/\/bwi.earth\/wp-content\/uploads\/2024\/01\/IMG_5333.jpg","contentUrl":"https:\/\/bwi.earth\/wp-content\/uploads\/2024\/01\/IMG_5333.jpg","width":2049,"height":1536},{"@type":"BreadcrumbList","@id":"https:\/\/bwi.earth\/es\/servicios-de-prevision-hidrologico-para-autoridades-de-cuenca\/#breadcrumb","itemListElement":[{"@type":"ListItem","position":1,"name":"Home","item":"https:\/\/bwi.earth\/es\/"},{"@type":"ListItem","position":2,"name":"Servicios de previsi\u00f3n hidrol\u00f3gico para autoridades de cuenca"}]},{"@type":"WebSite","@id":"https:\/\/bwi.earth\/es\/#website","url":"https:\/\/bwi.earth\/es\/","name":"Blue Water Intelligence (BWI)","description":"The River Basin Digitization Company","publisher":{"@id":"https:\/\/bwi.earth\/es\/#organization"},"potentialAction":[{"@type":"SearchAction","target":{"@type":"EntryPoint","urlTemplate":"https:\/\/bwi.earth\/es\/?s={search_term_string}"},"query-input":{"@type":"PropertyValueSpecification","valueRequired":true,"valueName":"search_term_string"}}],"inLanguage":"es"},{"@type":"Organization","@id":"https:\/\/bwi.earth\/es\/#organization","name":"Blue Water Intelligence (BWI)","url":"https:\/\/bwi.earth\/es\/","logo":{"@type":"ImageObject","inLanguage":"es","@id":"https:\/\/bwi.earth\/es\/#\/schema\/logo\/image\/","url":"https:\/\/bwi.earth\/wp-content\/uploads\/2023\/03\/cropped-logo_couleur_bwi.png","contentUrl":"https:\/\/bwi.earth\/wp-content\/uploads\/2023\/03\/cropped-logo_couleur_bwi.png","width":4190,"height":1970,"caption":"Blue Water Intelligence (BWI)"},"image":{"@id":"https:\/\/bwi.earth\/es\/#\/schema\/logo\/image\/"}}]}},"_links":{"self":[{"href":"https:\/\/bwi.earth\/es\/wp-json\/wp\/v2\/pages\/14471","targetHints":{"allow":["GET"]}}],"collection":[{"href":"https:\/\/bwi.earth\/es\/wp-json\/wp\/v2\/pages"}],"about":[{"href":"https:\/\/bwi.earth\/es\/wp-json\/wp\/v2\/types\/page"}],"author":[{"embeddable":true,"href":"https:\/\/bwi.earth\/es\/wp-json\/wp\/v2\/users\/4"}],"replies":[{"embeddable":true,"href":"https:\/\/bwi.earth\/es\/wp-json\/wp\/v2\/comments?post=14471"}],"version-history":[{"count":13,"href":"https:\/\/bwi.earth\/es\/wp-json\/wp\/v2\/pages\/14471\/revisions"}],"predecessor-version":[{"id":16269,"href":"https:\/\/bwi.earth\/es\/wp-json\/wp\/v2\/pages\/14471\/revisions\/16269"}],"wp:featuredmedia":[{"embeddable":true,"href":"https:\/\/bwi.earth\/es\/wp-json\/wp\/v2\/media\/14473"}],"wp:attachment":[{"href":"https:\/\/bwi.earth\/es\/wp-json\/wp\/v2\/media?parent=14471"}],"curies":[{"name":"wp","href":"https:\/\/api.w.org\/{rel}","templated":true}]}}