{"id":14478,"date":"2022-07-26T11:48:14","date_gmt":"2022-07-26T09:48:14","guid":{"rendered":"https:\/\/bwi.earth\/newsroom\/"},"modified":"2025-09-30T14:56:41","modified_gmt":"2025-09-30T12:56:41","slug":"sala-de-prensa","status":"publish","type":"page","link":"https:\/\/bwi.earth\/es\/sala-de-prensa\/","title":{"rendered":"Sala de prensa"},"content":{"rendered":"<section class=\"hero-simple\">\n    <div class=\"wrap\">\n                    <h1 class=\"block-title title-h1\">Sala de prensa de BWI<\/h1>\n        \n            <\/div>\n<\/section>\n\n    <section class=\"gut-content\">\n        <div class=\"wrap\">\n            <p>\u00bfQu\u00e9 est\u00e1 pasando actualmente en <a href=\"https:\/\/bwi.earth\/\">BWI<\/a>, facilitador de digitalizaci\u00f3n de cuencas? En esta p\u00e1gina de prensa, que se actualiza con frecuencia, encontrar\u00e1 un resumen de todos nuestros aspectos destacados sobre agua dulce continental, anuncios de productos hidrol\u00f3gicos y participaci\u00f3n en eventos pasados y futuros.<\/p>\n<p>Por ejemplo, le garantizamos que destacaremos las nuevas caracter\u00edsticas de nuestros productos, como la extensi\u00f3n de las estaciones virtuales para hidrolog\u00eda a los criterios hidrol\u00f3gicos actuales o su expansi\u00f3n a nuevas geograf\u00edas, y anunciaremos nuestros lanzamientos siempre que sea posible. Tambi\u00e9n nos gusta hablar sobre hidrolog\u00eda o sobre nuevos espacios en las ferias comerciales o reuniones del sector a las que asistimos, as\u00ed como en las conferencias y reuniones de networking que organizamos, como la serie <a href=\"https:\/\/www.eventbrite.com\/e\/656775813137?aff=oddtdtcreator\">Ap\u00e9ro de l&#8217;Hydro<\/a>. Tambi\u00e9n podemos publicar columnas para compartir nuestra opini\u00f3n sobre temas relevantes en hidrolog\u00eda continental, digitalizaci\u00f3n de cuencas y eventos relacionados con el cambio clim\u00e1tico, como sequ\u00edas e inundaciones.<\/p>\n<p>Por \u00faltimo, pero no menos importante, tambi\u00e9n nos gusta presentar nuestra actividad empresarial e institucional. socios y todos aquellos que hacen posible BWI. As\u00ed que, ya sea cliente, proveedor, socio de canal (integradores, revendedores), contratista, accionista, federaci\u00f3n industrial, cl\u00faster regional o regulador, no dude en pedirle a su contacto de Blue Water Intelligence que comparta sus anuncios aqu\u00ed para que nuestra comunidad los vea. Adem\u00e1s, si desea conocer la opini\u00f3n de BWI sobre un tema espec\u00edfico, h\u00e1ganoslo saber y, si se trata de hidrolog\u00eda continental, probablemente nos pondremos en contacto con usted.<\/p>\n        <\/div>\n    <\/section>\n\n\n\n\n<section class=\"gut-news bg-color-blanc\">\n    <div class=\"wrap\">\n\n                    <p class=\"no-results-message\">No article<\/p>\n            <\/div>\n<\/section>\n\n\n<figure class=\"wp-block-image size-large\"><img loading=\"lazy\" decoding=\"async\" width=\"1024\" height=\"768\" src=\"https:\/\/bwi.earth\/wp-content\/uploads\/2024\/01\/IMG_5332-1024x768.jpeg\" alt=\"\" class=\"wp-image-4579\" srcset=\"https:\/\/bwi.earth\/wp-content\/uploads\/2024\/01\/IMG_5332-1024x768.jpeg 1024w, https:\/\/bwi.earth\/wp-content\/uploads\/2024\/01\/IMG_5332-300x225.jpeg 300w, https:\/\/bwi.earth\/wp-content\/uploads\/2024\/01\/IMG_5332-768x576.jpeg 768w, https:\/\/bwi.earth\/wp-content\/uploads\/2024\/01\/IMG_5332-1536x1152.jpeg 1536w, https:\/\/bwi.earth\/wp-content\/uploads\/2024\/01\/IMG_5332-2048x1536.jpeg 2048w, https:\/\/bwi.earth\/wp-content\/uploads\/2024\/01\/IMG_5332-16x12.jpeg 16w, https:\/\/bwi.earth\/wp-content\/uploads\/2024\/01\/IMG_5332-1440x1080.jpeg 1440w\" sizes=\"auto, (max-width: 1024px) 100vw, 1024px\" \/><\/figure>\n","protected":false},"excerpt":{"rendered":"","protected":false},"author":5,"featured_media":14480,"parent":0,"menu_order":0,"comment_status":"closed","ping_status":"closed","template":"","meta":{"content-type":"","ngg_post_thumbnail":0,"footnotes":""},"class_list":["post-14478","page","type-page","status-publish","has-post-thumbnail","hentry"],"acf":[],"yoast_head":"<!-- This site is optimized with the Yoast SEO plugin v26.2 - https:\/\/yoast.com\/wordpress\/plugins\/seo\/ -->\n<title>Sala de prensa<\/title>\n<meta name=\"description\" content=\"Bienvenido a la sala de prensa. En esta p\u00e1gina que se actualiza con frecuencia, encontrar\u00e1 una descripci\u00f3n general de todos nuestros aspectos destacados, anuncios y eventos.\" \/>\n<meta name=\"robots\" content=\"index, follow, max-snippet:-1, max-image-preview:large, max-video-preview:-1\" \/>\n<link rel=\"canonical\" href=\"https:\/\/bwi.earth\/es\/sala-de-prensa\/\" \/>\n<meta property=\"og:locale\" content=\"es_ES\" \/>\n<meta property=\"og:type\" content=\"article\" \/>\n<meta property=\"og:title\" content=\"Sala de prensa\" \/>\n<meta property=\"og:description\" content=\"Bienvenido a la sala de prensa. En esta p\u00e1gina que se actualiza con frecuencia, encontrar\u00e1 una descripci\u00f3n general de todos nuestros aspectos destacados, anuncios y eventos.\" \/>\n<meta property=\"og:url\" content=\"https:\/\/bwi.earth\/es\/sala-de-prensa\/\" \/>\n<meta property=\"og:site_name\" content=\"Blue Water Intelligence (BWI)\" \/>\n<meta property=\"article:modified_time\" content=\"2025-09-30T12:56:41+00:00\" \/>\n<meta property=\"og:image\" content=\"https:\/\/bwi.earth\/wp-content\/uploads\/2024\/04\/newsroom-screenshot.png\" \/>\n\t<meta property=\"og:image:width\" content=\"658\" \/>\n\t<meta property=\"og:image:height\" content=\"890\" \/>\n\t<meta property=\"og:image:type\" content=\"image\/png\" \/>\n<meta name=\"twitter:card\" content=\"summary_large_image\" \/>\n<meta name=\"twitter:label1\" content=\"Tiempo de lectura\" \/>\n\t<meta name=\"twitter:data1\" content=\"2 minutos\" \/>\n<script type=\"application\/ld+json\" class=\"yoast-schema-graph\">{\"@context\":\"https:\/\/schema.org\",\"@graph\":[{\"@type\":\"WebPage\",\"@id\":\"https:\/\/bwi.earth\/es\/sala-de-prensa\/\",\"url\":\"https:\/\/bwi.earth\/es\/sala-de-prensa\/\",\"name\":\"Sala de prensa\",\"isPartOf\":{\"@id\":\"https:\/\/bwi.earth\/es\/#website\"},\"primaryImageOfPage\":{\"@id\":\"https:\/\/bwi.earth\/es\/sala-de-prensa\/#primaryimage\"},\"image\":{\"@id\":\"https:\/\/bwi.earth\/es\/sala-de-prensa\/#primaryimage\"},\"thumbnailUrl\":\"https:\/\/bwi.earth\/wp-content\/uploads\/2024\/04\/newsroom-screenshot.png\",\"datePublished\":\"2022-07-26T09:48:14+00:00\",\"dateModified\":\"2025-09-30T12:56:41+00:00\",\"description\":\"Bienvenido a la sala de prensa. En esta p\u00e1gina que se actualiza con frecuencia, encontrar\u00e1 una descripci\u00f3n general de todos nuestros aspectos destacados, anuncios y eventos.\",\"breadcrumb\":{\"@id\":\"https:\/\/bwi.earth\/es\/sala-de-prensa\/#breadcrumb\"},\"inLanguage\":\"es\",\"potentialAction\":[{\"@type\":\"ReadAction\",\"target\":[\"https:\/\/bwi.earth\/es\/sala-de-prensa\/\"]}]},{\"@type\":\"ImageObject\",\"inLanguage\":\"es\",\"@id\":\"https:\/\/bwi.earth\/es\/sala-de-prensa\/#primaryimage\",\"url\":\"https:\/\/bwi.earth\/wp-content\/uploads\/2024\/04\/newsroom-screenshot.png\",\"contentUrl\":\"https:\/\/bwi.earth\/wp-content\/uploads\/2024\/04\/newsroom-screenshot.png\",\"width\":658,\"height\":890},{\"@type\":\"BreadcrumbList\",\"@id\":\"https:\/\/bwi.earth\/es\/sala-de-prensa\/#breadcrumb\",\"itemListElement\":[{\"@type\":\"ListItem\",\"position\":1,\"name\":\"Home\",\"item\":\"https:\/\/bwi.earth\/es\/\"},{\"@type\":\"ListItem\",\"position\":2,\"name\":\"Sala de prensa\"}]},{\"@type\":\"WebSite\",\"@id\":\"https:\/\/bwi.earth\/es\/#website\",\"url\":\"https:\/\/bwi.earth\/es\/\",\"name\":\"Blue Water Intelligence (BWI)\",\"description\":\"The River Basin Digitization Company\",\"publisher\":{\"@id\":\"https:\/\/bwi.earth\/es\/#organization\"},\"potentialAction\":[{\"@type\":\"SearchAction\",\"target\":{\"@type\":\"EntryPoint\",\"urlTemplate\":\"https:\/\/bwi.earth\/es\/?s={search_term_string}\"},\"query-input\":{\"@type\":\"PropertyValueSpecification\",\"valueRequired\":true,\"valueName\":\"search_term_string\"}}],\"inLanguage\":\"es\"},{\"@type\":\"Organization\",\"@id\":\"https:\/\/bwi.earth\/es\/#organization\",\"name\":\"Blue Water Intelligence (BWI)\",\"url\":\"https:\/\/bwi.earth\/es\/\",\"logo\":{\"@type\":\"ImageObject\",\"inLanguage\":\"es\",\"@id\":\"https:\/\/bwi.earth\/es\/#\/schema\/logo\/image\/\",\"url\":\"https:\/\/bwi.earth\/wp-content\/uploads\/2023\/03\/cropped-logo_couleur_bwi.png\",\"contentUrl\":\"https:\/\/bwi.earth\/wp-content\/uploads\/2023\/03\/cropped-logo_couleur_bwi.png\",\"width\":4190,\"height\":1970,\"caption\":\"Blue Water Intelligence (BWI)\"},\"image\":{\"@id\":\"https:\/\/bwi.earth\/es\/#\/schema\/logo\/image\/\"}}]}<\/script>\n<!-- \/ Yoast SEO plugin. -->","yoast_head_json":{"title":"Sala de prensa","description":"Bienvenido a la sala de prensa. En esta p\u00e1gina que se actualiza con frecuencia, encontrar\u00e1 una descripci\u00f3n general de todos nuestros aspectos destacados, anuncios y eventos.","robots":{"index":"index","follow":"follow","max-snippet":"max-snippet:-1","max-image-preview":"max-image-preview:large","max-video-preview":"max-video-preview:-1"},"canonical":"https:\/\/bwi.earth\/es\/sala-de-prensa\/","og_locale":"es_ES","og_type":"article","og_title":"Sala de prensa","og_description":"Bienvenido a la sala de prensa. En esta p\u00e1gina que se actualiza con frecuencia, encontrar\u00e1 una descripci\u00f3n general de todos nuestros aspectos destacados, anuncios y eventos.","og_url":"https:\/\/bwi.earth\/es\/sala-de-prensa\/","og_site_name":"Blue Water Intelligence (BWI)","article_modified_time":"2025-09-30T12:56:41+00:00","og_image":[{"width":658,"height":890,"url":"https:\/\/bwi.earth\/wp-content\/uploads\/2024\/04\/newsroom-screenshot.png","type":"image\/png"}],"twitter_card":"summary_large_image","twitter_misc":{"Tiempo de lectura":"2 minutos"},"schema":{"@context":"https:\/\/schema.org","@graph":[{"@type":"WebPage","@id":"https:\/\/bwi.earth\/es\/sala-de-prensa\/","url":"https:\/\/bwi.earth\/es\/sala-de-prensa\/","name":"Sala de prensa","isPartOf":{"@id":"https:\/\/bwi.earth\/es\/#website"},"primaryImageOfPage":{"@id":"https:\/\/bwi.earth\/es\/sala-de-prensa\/#primaryimage"},"image":{"@id":"https:\/\/bwi.earth\/es\/sala-de-prensa\/#primaryimage"},"thumbnailUrl":"https:\/\/bwi.earth\/wp-content\/uploads\/2024\/04\/newsroom-screenshot.png","datePublished":"2022-07-26T09:48:14+00:00","dateModified":"2025-09-30T12:56:41+00:00","description":"Bienvenido a la sala de prensa. En esta p\u00e1gina que se actualiza con frecuencia, encontrar\u00e1 una descripci\u00f3n general de todos nuestros aspectos destacados, anuncios y eventos.","breadcrumb":{"@id":"https:\/\/bwi.earth\/es\/sala-de-prensa\/#breadcrumb"},"inLanguage":"es","potentialAction":[{"@type":"ReadAction","target":["https:\/\/bwi.earth\/es\/sala-de-prensa\/"]}]},{"@type":"ImageObject","inLanguage":"es","@id":"https:\/\/bwi.earth\/es\/sala-de-prensa\/#primaryimage","url":"https:\/\/bwi.earth\/wp-content\/uploads\/2024\/04\/newsroom-screenshot.png","contentUrl":"https:\/\/bwi.earth\/wp-content\/uploads\/2024\/04\/newsroom-screenshot.png","width":658,"height":890},{"@type":"BreadcrumbList","@id":"https:\/\/bwi.earth\/es\/sala-de-prensa\/#breadcrumb","itemListElement":[{"@type":"ListItem","position":1,"name":"Home","item":"https:\/\/bwi.earth\/es\/"},{"@type":"ListItem","position":2,"name":"Sala de prensa"}]},{"@type":"WebSite","@id":"https:\/\/bwi.earth\/es\/#website","url":"https:\/\/bwi.earth\/es\/","name":"Blue Water Intelligence (BWI)","description":"The River Basin Digitization Company","publisher":{"@id":"https:\/\/bwi.earth\/es\/#organization"},"potentialAction":[{"@type":"SearchAction","target":{"@type":"EntryPoint","urlTemplate":"https:\/\/bwi.earth\/es\/?s={search_term_string}"},"query-input":{"@type":"PropertyValueSpecification","valueRequired":true,"valueName":"search_term_string"}}],"inLanguage":"es"},{"@type":"Organization","@id":"https:\/\/bwi.earth\/es\/#organization","name":"Blue Water Intelligence (BWI)","url":"https:\/\/bwi.earth\/es\/","logo":{"@type":"ImageObject","inLanguage":"es","@id":"https:\/\/bwi.earth\/es\/#\/schema\/logo\/image\/","url":"https:\/\/bwi.earth\/wp-content\/uploads\/2023\/03\/cropped-logo_couleur_bwi.png","contentUrl":"https:\/\/bwi.earth\/wp-content\/uploads\/2023\/03\/cropped-logo_couleur_bwi.png","width":4190,"height":1970,"caption":"Blue Water Intelligence (BWI)"},"image":{"@id":"https:\/\/bwi.earth\/es\/#\/schema\/logo\/image\/"}}]}},"_links":{"self":[{"href":"https:\/\/bwi.earth\/es\/wp-json\/wp\/v2\/pages\/14478","targetHints":{"allow":["GET"]}}],"collection":[{"href":"https:\/\/bwi.earth\/es\/wp-json\/wp\/v2\/pages"}],"about":[{"href":"https:\/\/bwi.earth\/es\/wp-json\/wp\/v2\/types\/page"}],"author":[{"embeddable":true,"href":"https:\/\/bwi.earth\/es\/wp-json\/wp\/v2\/users\/5"}],"replies":[{"embeddable":true,"href":"https:\/\/bwi.earth\/es\/wp-json\/wp\/v2\/comments?post=14478"}],"version-history":[{"count":3,"href":"https:\/\/bwi.earth\/es\/wp-json\/wp\/v2\/pages\/14478\/revisions"}],"predecessor-version":[{"id":15991,"href":"https:\/\/bwi.earth\/es\/wp-json\/wp\/v2\/pages\/14478\/revisions\/15991"}],"wp:featuredmedia":[{"embeddable":true,"href":"https:\/\/bwi.earth\/es\/wp-json\/wp\/v2\/media\/14480"}],"wp:attachment":[{"href":"https:\/\/bwi.earth\/es\/wp-json\/wp\/v2\/media?parent=14478"}],"curies":[{"name":"wp","href":"https:\/\/api.w.org\/{rel}","templated":true}]}}