{"id":16118,"date":"2025-08-21T19:30:42","date_gmt":"2025-08-21T17:30:42","guid":{"rendered":"https:\/\/bwi.earth\/previsions-hydrologiques-pour-les-entreprises-de-genie-civil\/"},"modified":"2025-10-06T14:32:31","modified_gmt":"2025-10-06T12:32:31","slug":"previsiones-hidrologicas-para-empresas-de-ingenieria-civil","status":"publish","type":"page","link":"https:\/\/bwi.earth\/es\/previsiones-hidrologicas-para-empresas-de-ingenieria-civil\/","title":{"rendered":"Previsiones hidrol\u00f3gicas para empresas de ingenier\u00eda civil"},"content":{"rendered":"<section class=\"hero-img bg-color-bleu-elec\">\n    <div class=\"wrap\">\n                    <h1 class=\"block-title title-h1\">Previsiones hidrol\u00f3gicas para empresas de ingenier\u00eda civil<\/h1>\n        \n                    <div class=\"intro\">\n                <p>Las previsiones hidrol\u00f3gicas de BWI aportan a las empresas de ingenier\u00eda civil una visi\u00f3n clara y anticipada del comportamiento de los r\u00edos.\r\n\r\nLas previsiones de caudal proporcionadas por BWI permiten planificar las obras a lo largo de los r\u00edos teniendo en cuenta los riesgos de inundaci\u00f3n, crecida o sequ\u00eda, reduciendo as\u00ed las incertidumbres y los costes asociados a las interrupciones.\r\n\r\nAl integrar estos datos fiables en sus estudios y en la gesti\u00f3n operativa, los actores de la construcci\u00f3n y de la ingenier\u00eda civil en entornos hidr\u00e1ulicos aseguran sus proyectos, optimizan sus decisiones t\u00e9cnicas y estrat\u00e9gicas y contribuyen a la seguridad de los trabajadores en obra.<\/p>\n            <\/div>\n        \n                    <div class=\"container-img\">\n                <img loading=\"lazy\" decoding=\"async\" width=\"1440\" height=\"1080\" src=\"https:\/\/bwi.earth\/wp-content\/uploads\/2025\/10\/jamar-penny-ZgmGq_eFmUs-unsplash-1440x1080.jpg\" class=\"attachment-banner size-banner\" alt=\"\" srcset=\"https:\/\/bwi.earth\/wp-content\/uploads\/2025\/10\/jamar-penny-ZgmGq_eFmUs-unsplash-1440x1080.jpg 1440w, https:\/\/bwi.earth\/wp-content\/uploads\/2025\/10\/jamar-penny-ZgmGq_eFmUs-unsplash-300x225.jpg 300w, https:\/\/bwi.earth\/wp-content\/uploads\/2025\/10\/jamar-penny-ZgmGq_eFmUs-unsplash-1024x768.jpg 1024w, https:\/\/bwi.earth\/wp-content\/uploads\/2025\/10\/jamar-penny-ZgmGq_eFmUs-unsplash-768x576.jpg 768w, https:\/\/bwi.earth\/wp-content\/uploads\/2025\/10\/jamar-penny-ZgmGq_eFmUs-unsplash-1536x1152.jpg 1536w, https:\/\/bwi.earth\/wp-content\/uploads\/2025\/10\/jamar-penny-ZgmGq_eFmUs-unsplash.jpg 2048w\" sizes=\"auto, (max-width: 1440px) 100vw, 1440px\" \/>            <\/div>\n            <\/div>\n<\/section>\n\n\n    <section class=\"gut-rows bg-color-blanc\">\n        <div class=\"wrap\">\n                            <div class=\"block-header\">\n                                            <h2 class=\"block-title title-h3\">Las previsiones hidrol\u00f3gicas son esenciales para las empresas de ingenier\u00eda civil<\/h2>\n                    \n                                            <div class=\"container-img\">\n                            <img loading=\"lazy\" decoding=\"async\" width=\"1000\" height=\"1000\" src=\"https:\/\/bwi.earth\/wp-content\/uploads\/2023\/03\/home1_bwi-1.png\" class=\"attachment-banner size-banner\" alt=\"\" srcset=\"https:\/\/bwi.earth\/wp-content\/uploads\/2023\/03\/home1_bwi-1.png 1000w, https:\/\/bwi.earth\/wp-content\/uploads\/2023\/03\/home1_bwi-1-300x300.png 300w, https:\/\/bwi.earth\/wp-content\/uploads\/2023\/03\/home1_bwi-1-150x150.png 150w, https:\/\/bwi.earth\/wp-content\/uploads\/2023\/03\/home1_bwi-1-768x768.png 768w\" sizes=\"auto, (max-width: 1000px) 100vw, 1000px\" \/>                        <\/div>\n                                    <\/div>\n            \n            <div class=\"rows\">\n                                    <div class=\"row\">\n                                                    <h3 class=\"row-title\">Organizar las obras de construcci\u00f3n con total seguridad<\/h3>\n                        \n                                                    <p>Las previsiones hidrol\u00f3gicas permiten anticipar las condiciones futuras de los r\u00edos, reduciendo los riesgos relacionados con inundaciones o sequ\u00edas. Ofrecen a los actores de la obra un marco m\u00e1s seguro para organizar las intervenciones de sus subcontratistas.<\/p>\n                                            <\/div>\n                                    <div class=\"row\">\n                                                    <h3 class=\"row-title\">Reducir las interrupciones de la obra<\/h3>\n                        \n                                                    <p>Al anticipar los eventos hidrol\u00f3gicos cr\u00edticos, las empresas de construcci\u00f3n limitan las paradas imprevistas. Esto se traduce en una mejor continuidad operativa de la obra, en unos costes m\u00e1s controlados y en la reducci\u00f3n de retrasos evitables.<\/p>\n                                            <\/div>\n                                    <div class=\"row\">\n                                                    <h3 class=\"row-title\">Cumplir los plazos y controlar los presupuestos<\/h3>\n                        \n                                                    <p>Al reducir las incertidumbres relacionadas con el comportamiento de los r\u00edos y los riesgos de inundaci\u00f3n de las obras, las previsiones contribuyen al cumplimiento de los calendarios y al control de los gastos. Las previsiones de caudal se convierten as\u00ed en un activo estrat\u00e9gico para evitar retrasos y favorecer el \u00e9xito de los proyectos de construcci\u00f3n hidr\u00e1ulica.<\/p>\n                                            <\/div>\n                                    <div class=\"row\">\n                                                    <h3 class=\"row-title\">Supervisar una obra de construcci\u00f3n hidr\u00e1ulica<\/h3>\n                        \n                                                    <p>Las previsiones hidrol\u00f3gicas de BWI acompa\u00f1an las obras en los cauces fluviales, como la construcci\u00f3n o el mantenimiento de infraestructuras a lo largo de un r\u00edo. Las previsiones de caudal proporcionan informaci\u00f3n fiable en cada etapa de la operaci\u00f3n, garantizando una adaptaci\u00f3n continua a las condiciones locales y una gesti\u00f3n proactiva de los riesgos.<\/p>\n                                            <\/div>\n                            <\/div>\n        <\/div>\n    <\/section>\n\n\n\n<section class=\"gut-rebond bg-color-bleu-elec \">\n    <div class=\"wrap\">\n        <div class=\"left\">\n                            <h2 class=\"block-title title-h2\">Previsiones de caudales y niveles de agua para obras de construcci\u00f3n en cauces o a lo largo de r\u00edos<\/h2>\n            \n                    <\/div>\n\n        <div class=\"right\">\n            <p class=\"content\">\n                BWI proporciona simulaciones y previsiones casi en tiempo real del comportamiento de las aguas superficiales continentales en todo el mundo. Combinando datos in situ, observaciones espaciales y aprendizaje autom\u00e1tico, nuestros modelos hidrol\u00f3gicos e hidrodin\u00e1micos ofrecen una visi\u00f3n precisa y fiable de los r\u00edos. A trav\u00e9s de este servicio en l\u00ednea bajo licencia, las empresas de ingenier\u00eda civil disponen de una herramienta \u00fanica para anticipar los riesgos relacionados con el comportamiento de los r\u00edos en los que realizan sus proyectos de construcci\u00f3n hidr\u00e1ulica, asegurar sus obras y reducir las interrupciones costosas tanto para los promotores como para ellas mismas.            <\/p>\n\n                            <a href=\"https:\/\/bwi.earth\/contact\/\" class=\"cta btn primary green\">Solicite una demostraci\u00f3n<\/a>\n                    <\/div>\n    <\/div>\n<\/section>","protected":false},"excerpt":{"rendered":"","protected":false},"author":18,"featured_media":14443,"parent":0,"menu_order":0,"comment_status":"closed","ping_status":"closed","template":"","meta":{"content-type":"","ngg_post_thumbnail":0,"footnotes":""},"class_list":["post-16118","page","type-page","status-publish","has-post-thumbnail","hentry"],"acf":[],"yoast_head":"<!-- This site is optimized with the Yoast SEO plugin v26.2 - https:\/\/yoast.com\/wordpress\/plugins\/seo\/ -->\n<title>Previsiones hidrol\u00f3gicas para empresas de ingenier\u00eda civil - Blue Water Intelligence (BWI)<\/title>\n<meta name=\"description\" content=\"Descubra los servicios de previsi\u00f3n y monitoreo del caudal fluvial de BWI para empresas de ingenier\u00eda civil.\" \/>\n<meta name=\"robots\" content=\"index, follow, max-snippet:-1, max-image-preview:large, max-video-preview:-1\" \/>\n<link rel=\"canonical\" href=\"https:\/\/bwi.earth\/es\/previsiones-hidrologicas-para-empresas-de-ingenieria-civil\/\" \/>\n<meta property=\"og:locale\" content=\"es_ES\" \/>\n<meta property=\"og:type\" content=\"article\" \/>\n<meta property=\"og:title\" content=\"Previsiones hidrol\u00f3gicas para empresas de ingenier\u00eda civil - Blue Water Intelligence (BWI)\" \/>\n<meta property=\"og:description\" content=\"Descubra los servicios de previsi\u00f3n y monitoreo del caudal fluvial de BWI para empresas de ingenier\u00eda civil.\" \/>\n<meta property=\"og:url\" content=\"https:\/\/bwi.earth\/es\/previsiones-hidrologicas-para-empresas-de-ingenieria-civil\/\" \/>\n<meta property=\"og:site_name\" content=\"Blue Water Intelligence (BWI)\" \/>\n<meta property=\"article:modified_time\" content=\"2025-10-06T12:32:31+00:00\" \/>\n<meta property=\"og:image\" content=\"https:\/\/bwi.earth\/wp-content\/uploads\/2024\/05\/irrigation-588941_1280.jpg\" \/>\n\t<meta property=\"og:image:width\" content=\"1280\" \/>\n\t<meta property=\"og:image:height\" content=\"852\" \/>\n\t<meta property=\"og:image:type\" content=\"image\/jpeg\" \/>\n<meta name=\"twitter:card\" content=\"summary_large_image\" \/>\n<meta name=\"twitter:label1\" content=\"Tiempo de lectura\" \/>\n\t<meta name=\"twitter:data1\" content=\"3 minutos\" \/>\n<script type=\"application\/ld+json\" class=\"yoast-schema-graph\">{\"@context\":\"https:\/\/schema.org\",\"@graph\":[{\"@type\":\"WebPage\",\"@id\":\"https:\/\/bwi.earth\/es\/previsiones-hidrologicas-para-empresas-de-ingenieria-civil\/\",\"url\":\"https:\/\/bwi.earth\/es\/previsiones-hidrologicas-para-empresas-de-ingenieria-civil\/\",\"name\":\"Previsiones hidrol\u00f3gicas para empresas de ingenier\u00eda civil - Blue Water Intelligence (BWI)\",\"isPartOf\":{\"@id\":\"https:\/\/bwi.earth\/es\/#website\"},\"primaryImageOfPage\":{\"@id\":\"https:\/\/bwi.earth\/es\/previsiones-hidrologicas-para-empresas-de-ingenieria-civil\/#primaryimage\"},\"image\":{\"@id\":\"https:\/\/bwi.earth\/es\/previsiones-hidrologicas-para-empresas-de-ingenieria-civil\/#primaryimage\"},\"thumbnailUrl\":\"https:\/\/bwi.earth\/wp-content\/uploads\/2024\/05\/irrigation-588941_1280.jpg\",\"datePublished\":\"2025-08-21T17:30:42+00:00\",\"dateModified\":\"2025-10-06T12:32:31+00:00\",\"description\":\"Descubra los servicios de previsi\u00f3n y monitoreo del caudal fluvial de BWI para empresas de ingenier\u00eda civil.\",\"breadcrumb\":{\"@id\":\"https:\/\/bwi.earth\/es\/previsiones-hidrologicas-para-empresas-de-ingenieria-civil\/#breadcrumb\"},\"inLanguage\":\"es\",\"potentialAction\":[{\"@type\":\"ReadAction\",\"target\":[\"https:\/\/bwi.earth\/es\/previsiones-hidrologicas-para-empresas-de-ingenieria-civil\/\"]}]},{\"@type\":\"ImageObject\",\"inLanguage\":\"es\",\"@id\":\"https:\/\/bwi.earth\/es\/previsiones-hidrologicas-para-empresas-de-ingenieria-civil\/#primaryimage\",\"url\":\"https:\/\/bwi.earth\/wp-content\/uploads\/2024\/05\/irrigation-588941_1280.jpg\",\"contentUrl\":\"https:\/\/bwi.earth\/wp-content\/uploads\/2024\/05\/irrigation-588941_1280.jpg\",\"width\":1280,\"height\":852},{\"@type\":\"BreadcrumbList\",\"@id\":\"https:\/\/bwi.earth\/es\/previsiones-hidrologicas-para-empresas-de-ingenieria-civil\/#breadcrumb\",\"itemListElement\":[{\"@type\":\"ListItem\",\"position\":1,\"name\":\"Home\",\"item\":\"https:\/\/bwi.earth\/es\/\"},{\"@type\":\"ListItem\",\"position\":2,\"name\":\"Previsiones hidrol\u00f3gicas para empresas de ingenier\u00eda civil\"}]},{\"@type\":\"WebSite\",\"@id\":\"https:\/\/bwi.earth\/es\/#website\",\"url\":\"https:\/\/bwi.earth\/es\/\",\"name\":\"Blue Water Intelligence (BWI)\",\"description\":\"The River Basin Digitization Company\",\"publisher\":{\"@id\":\"https:\/\/bwi.earth\/es\/#organization\"},\"potentialAction\":[{\"@type\":\"SearchAction\",\"target\":{\"@type\":\"EntryPoint\",\"urlTemplate\":\"https:\/\/bwi.earth\/es\/?s={search_term_string}\"},\"query-input\":{\"@type\":\"PropertyValueSpecification\",\"valueRequired\":true,\"valueName\":\"search_term_string\"}}],\"inLanguage\":\"es\"},{\"@type\":\"Organization\",\"@id\":\"https:\/\/bwi.earth\/es\/#organization\",\"name\":\"Blue Water Intelligence (BWI)\",\"url\":\"https:\/\/bwi.earth\/es\/\",\"logo\":{\"@type\":\"ImageObject\",\"inLanguage\":\"es\",\"@id\":\"https:\/\/bwi.earth\/es\/#\/schema\/logo\/image\/\",\"url\":\"https:\/\/bwi.earth\/wp-content\/uploads\/2023\/03\/cropped-logo_couleur_bwi.png\",\"contentUrl\":\"https:\/\/bwi.earth\/wp-content\/uploads\/2023\/03\/cropped-logo_couleur_bwi.png\",\"width\":4190,\"height\":1970,\"caption\":\"Blue Water Intelligence (BWI)\"},\"image\":{\"@id\":\"https:\/\/bwi.earth\/es\/#\/schema\/logo\/image\/\"}}]}<\/script>\n<!-- \/ Yoast SEO plugin. -->","yoast_head_json":{"title":"Previsiones hidrol\u00f3gicas para empresas de ingenier\u00eda civil - Blue Water Intelligence (BWI)","description":"Descubra los servicios de previsi\u00f3n y monitoreo del caudal fluvial de BWI para empresas de ingenier\u00eda civil.","robots":{"index":"index","follow":"follow","max-snippet":"max-snippet:-1","max-image-preview":"max-image-preview:large","max-video-preview":"max-video-preview:-1"},"canonical":"https:\/\/bwi.earth\/es\/previsiones-hidrologicas-para-empresas-de-ingenieria-civil\/","og_locale":"es_ES","og_type":"article","og_title":"Previsiones hidrol\u00f3gicas para empresas de ingenier\u00eda civil - Blue Water Intelligence (BWI)","og_description":"Descubra los servicios de previsi\u00f3n y monitoreo del caudal fluvial de BWI para empresas de ingenier\u00eda civil.","og_url":"https:\/\/bwi.earth\/es\/previsiones-hidrologicas-para-empresas-de-ingenieria-civil\/","og_site_name":"Blue Water Intelligence (BWI)","article_modified_time":"2025-10-06T12:32:31+00:00","og_image":[{"width":1280,"height":852,"url":"https:\/\/bwi.earth\/wp-content\/uploads\/2024\/05\/irrigation-588941_1280.jpg","type":"image\/jpeg"}],"twitter_card":"summary_large_image","twitter_misc":{"Tiempo de lectura":"3 minutos"},"schema":{"@context":"https:\/\/schema.org","@graph":[{"@type":"WebPage","@id":"https:\/\/bwi.earth\/es\/previsiones-hidrologicas-para-empresas-de-ingenieria-civil\/","url":"https:\/\/bwi.earth\/es\/previsiones-hidrologicas-para-empresas-de-ingenieria-civil\/","name":"Previsiones hidrol\u00f3gicas para empresas de ingenier\u00eda civil - Blue Water Intelligence (BWI)","isPartOf":{"@id":"https:\/\/bwi.earth\/es\/#website"},"primaryImageOfPage":{"@id":"https:\/\/bwi.earth\/es\/previsiones-hidrologicas-para-empresas-de-ingenieria-civil\/#primaryimage"},"image":{"@id":"https:\/\/bwi.earth\/es\/previsiones-hidrologicas-para-empresas-de-ingenieria-civil\/#primaryimage"},"thumbnailUrl":"https:\/\/bwi.earth\/wp-content\/uploads\/2024\/05\/irrigation-588941_1280.jpg","datePublished":"2025-08-21T17:30:42+00:00","dateModified":"2025-10-06T12:32:31+00:00","description":"Descubra los servicios de previsi\u00f3n y monitoreo del caudal fluvial de BWI para empresas de ingenier\u00eda civil.","breadcrumb":{"@id":"https:\/\/bwi.earth\/es\/previsiones-hidrologicas-para-empresas-de-ingenieria-civil\/#breadcrumb"},"inLanguage":"es","potentialAction":[{"@type":"ReadAction","target":["https:\/\/bwi.earth\/es\/previsiones-hidrologicas-para-empresas-de-ingenieria-civil\/"]}]},{"@type":"ImageObject","inLanguage":"es","@id":"https:\/\/bwi.earth\/es\/previsiones-hidrologicas-para-empresas-de-ingenieria-civil\/#primaryimage","url":"https:\/\/bwi.earth\/wp-content\/uploads\/2024\/05\/irrigation-588941_1280.jpg","contentUrl":"https:\/\/bwi.earth\/wp-content\/uploads\/2024\/05\/irrigation-588941_1280.jpg","width":1280,"height":852},{"@type":"BreadcrumbList","@id":"https:\/\/bwi.earth\/es\/previsiones-hidrologicas-para-empresas-de-ingenieria-civil\/#breadcrumb","itemListElement":[{"@type":"ListItem","position":1,"name":"Home","item":"https:\/\/bwi.earth\/es\/"},{"@type":"ListItem","position":2,"name":"Previsiones hidrol\u00f3gicas para empresas de ingenier\u00eda civil"}]},{"@type":"WebSite","@id":"https:\/\/bwi.earth\/es\/#website","url":"https:\/\/bwi.earth\/es\/","name":"Blue Water Intelligence (BWI)","description":"The River Basin Digitization Company","publisher":{"@id":"https:\/\/bwi.earth\/es\/#organization"},"potentialAction":[{"@type":"SearchAction","target":{"@type":"EntryPoint","urlTemplate":"https:\/\/bwi.earth\/es\/?s={search_term_string}"},"query-input":{"@type":"PropertyValueSpecification","valueRequired":true,"valueName":"search_term_string"}}],"inLanguage":"es"},{"@type":"Organization","@id":"https:\/\/bwi.earth\/es\/#organization","name":"Blue Water Intelligence (BWI)","url":"https:\/\/bwi.earth\/es\/","logo":{"@type":"ImageObject","inLanguage":"es","@id":"https:\/\/bwi.earth\/es\/#\/schema\/logo\/image\/","url":"https:\/\/bwi.earth\/wp-content\/uploads\/2023\/03\/cropped-logo_couleur_bwi.png","contentUrl":"https:\/\/bwi.earth\/wp-content\/uploads\/2023\/03\/cropped-logo_couleur_bwi.png","width":4190,"height":1970,"caption":"Blue Water Intelligence (BWI)"},"image":{"@id":"https:\/\/bwi.earth\/es\/#\/schema\/logo\/image\/"}}]}},"_links":{"self":[{"href":"https:\/\/bwi.earth\/es\/wp-json\/wp\/v2\/pages\/16118","targetHints":{"allow":["GET"]}}],"collection":[{"href":"https:\/\/bwi.earth\/es\/wp-json\/wp\/v2\/pages"}],"about":[{"href":"https:\/\/bwi.earth\/es\/wp-json\/wp\/v2\/types\/page"}],"author":[{"embeddable":true,"href":"https:\/\/bwi.earth\/es\/wp-json\/wp\/v2\/users\/18"}],"replies":[{"embeddable":true,"href":"https:\/\/bwi.earth\/es\/wp-json\/wp\/v2\/comments?post=16118"}],"version-history":[{"count":5,"href":"https:\/\/bwi.earth\/es\/wp-json\/wp\/v2\/pages\/16118\/revisions"}],"predecessor-version":[{"id":16314,"href":"https:\/\/bwi.earth\/es\/wp-json\/wp\/v2\/pages\/16118\/revisions\/16314"}],"wp:featuredmedia":[{"embeddable":true,"href":"https:\/\/bwi.earth\/es\/wp-json\/wp\/v2\/media\/14443"}],"wp:attachment":[{"href":"https:\/\/bwi.earth\/es\/wp-json\/wp\/v2\/media?parent=16118"}],"curies":[{"name":"wp","href":"https:\/\/api.w.org\/{rel}","templated":true}]}}