{"id":10635,"date":"2022-07-26T11:39:42","date_gmt":"2022-07-26T09:39:42","guid":{"rendered":"https:\/\/bwi.earth\/legal-notice\/"},"modified":"2026-01-09T16:09:45","modified_gmt":"2026-01-09T15:09:45","slug":"avis_juridique","status":"publish","type":"page","link":"https:\/\/bwi.earth\/fr\/avis_juridique\/","title":{"rendered":"Avis juridique"},"content":{"rendered":"<section class=\"hero-simple\">\n    <div class=\"wrap\">\n                    <h1 class=\"block-title title-h1\">Avis juridique de BWI<\/h1>\n        \n            <\/div>\n<\/section>\n\n    <section class=\"gut-content\">\n        <div class=\"wrap\">\n            <div>\n<p><b>Con\u00e7u par<br \/>\n<\/b>Brainsonic<b><\/b><\/p>\n<\/div>\n<p><b>H\u00e9berg\u00e9 par<\/b><br \/>\n<a href=\"https:\/\/bwi.earth\">BWI<\/a><br \/>\n8, impasse Boudeville<br \/>\n31100 Toulouse, France<br \/>\nTelephone: +33 5.82.95.16.22<br \/>\nS.A.S au capital de 2 027 000 euros<br \/>\nRegistre du commerce et des soci\u00e9t\u00e9s de Toulouse (RCS) 914 969 019<\/p>\n<div><b>Clause de non-responsabilit\u00e9<\/b><\/div>\n<div>Les informations fournies sur le site &lsquo;www.bwi.earth&rsquo; sont n\u00e9cessairement partielles et n&rsquo;ont pas de valeur contractuelle.<\/div>\n<div>&nbsp;<\/div>\n<div><b>Droit applicable<\/b><\/div>\n<div>Le pr\u00e9sent site web est r\u00e9gi par le droit fran\u00e7ais<\/div>\n<div>&nbsp;<\/div>\n<div><b>Droits d&rsquo;auteur \/ Reproduction<\/b><\/div>\n<div>Tous les droits du propri\u00e9taire du contenu du site sont r\u00e9serv\u00e9s. Le contenu ne peut \u00eatre reproduit ou utilis\u00e9 \u00e0 d&rsquo;autres fins que la consultation sans autorisation.<\/div>\n<div>&nbsp;<\/div>\n<div><b>Donn\u00e9es personnelles<\/b><\/div>\n<div>BWI s&rsquo;engage \u00e0 respecter votre vie priv\u00e9e.<\/div>\n<div>Vous pouvez contacter directement notre DG \u00e0 l&rsquo;adresse <a href=\"mailto:jfain@bwi.earth\">jfain@bwi.earth<\/a> pour toute question ou probl\u00e8me concernant l&rsquo;utilisation de vos donn\u00e9es personnelles, car nous prenons chaque question avec le plus grand s\u00e9rieux. Nous nous ferons un plaisir de vous renseigner au plus vite.<\/div>\n<div>&nbsp;<\/div>\n<div><b>D\u00e9finitions<\/b><\/div>\n<div>Donn\u00e9es personnelles : toute information concernant une personne physique identifi\u00e9e ou identifiable.<\/div>\n<div>Traitement : toute op\u00e9ration ou ensemble d&rsquo;op\u00e9rations effectu\u00e9es sur des donn\u00e9es \u00e0 caract\u00e8re personnel ou sur des ensembles de donn\u00e9es \u00e0 caract\u00e8re personnel.<\/div>\n<div>Personne concern\u00e9e : toute personne physique dont les donn\u00e9es \u00e0 caract\u00e8re personnel sont trait\u00e9es.<\/div>\n<div>Nous (avec ou sans majuscule) &#8211; BWI (Blue WaterIntelligence)<\/div>\n<div>&nbsp;<\/div>\n<div><b>Principes de protection des donn\u00e9es<\/b><\/div>\n<div>Nous nous engageons \u00e0 respecter les principes suivants en mati\u00e8re de protection des donn\u00e9es : le traitement est licite, \u00e9quitable et transparent. Toutes nos activit\u00e9s de traitement sont fond\u00e9es sur des motifs l\u00e9gitimes. Nous prenons toujours en consid\u00e9ration vos droits avant de traiter des donn\u00e9es \u00e0 caract\u00e8re personnel. Sur demande, nous vous fournirons des informations sur le traitement.<\/div>\n<div>&nbsp;<\/div>\n<div>Le traitement est limit\u00e9 \u00e0 la finalit\u00e9. Nos activit\u00e9s de traitement correspondent \u00e0 la finalit\u00e9 pour laquelle les donn\u00e9es \u00e0 caract\u00e8re personnel ont \u00e9t\u00e9 collect\u00e9es.<\/div>\n<div>&nbsp;<\/div>\n<div>Le traitement est effectu\u00e9 avec un minimum de donn\u00e9es. Nous ne collectons et ne traitons que la quantit\u00e9 minimale de donn\u00e9es \u00e0 caract\u00e8re personnel n\u00e9cessaire \u00e0 toute fin.<\/div>\n<div>&nbsp;<\/div>\n<div>Le traitement est limit\u00e9 dans le temps. Nous ne conservons pas vos donn\u00e9es personnelles plus longtemps que n\u00e9cessaire.<\/div>\n<div>&nbsp;<\/div>\n<div>Nous nous effor\u00e7ons de garantir l&rsquo;exactitude des donn\u00e9es.<\/div>\n<div>&nbsp;<\/div>\n<div>Nous nous effor\u00e7ons de garantir l&rsquo;int\u00e9grit\u00e9 et la confidentialit\u00e9 des donn\u00e9es.<\/div>\n<div>&nbsp;<\/div>\n<div><b>Droits des personnes concern\u00e9es <\/b><\/div>\n<div>&nbsp;<\/div>\n<div>Les personnes concern\u00e9es ont les droits suivants :<\/div>\n<div>&nbsp;<\/div>\n<div>Droit \u00e0 l&rsquo;information &#8211; vous avez le droit de savoir si vos donn\u00e9es \u00e0 caract\u00e8re personnel sont trait\u00e9es, quelles donn\u00e9es sont collect\u00e9es, d&rsquo;o\u00f9 elles proviennent, pourquoi et par qui elles sont trait\u00e9es.<\/div>\n<div>&nbsp;<\/div>\n<div>Droit \u00e0 l&rsquo;acc\u00e8s &#8211; vous avez le droit d&rsquo;acc\u00e9der aux donn\u00e9es collect\u00e9es. Cela inclut le droit de demander et d&rsquo;obtenir une copie de vos donn\u00e9es personnelles collect\u00e9es.<\/div>\n<div>&nbsp;<\/div>\n<div>Droit de rectification &#8211; vous avez le droit de demander la rectification ou l&rsquo;effacement de vos donn\u00e9es \u00e0 caract\u00e8re personnel si elles sont inexactes ou incompl\u00e8tes.<\/div>\n<div>&nbsp;<\/div>\n<div>Droit \u00e0 l&rsquo;effacement &#8211; signifie que, dans certains cas, vous pouvez demander l&rsquo;effacement de vos donn\u00e9es personnelles de nos dossiers.<\/div>\n<div>&nbsp;<\/div>\n<div>Droit de restreindre le traitement &#8211; signifie que, lorsque certaines conditions s&rsquo;appliquent, vous avez le droit de restreindre le traitement de vos donn\u00e9es \u00e0 caract\u00e8re personnel.<\/div>\n<div>&nbsp;<\/div>\n<div>Droit de s&rsquo;opposer au traitement &#8211; signifie que, dans certains cas, vous avez le droit de vous opposer au traitement de vos donn\u00e9es \u00e0 caract\u00e8re personnel, par exemple dans le cas du marketing direct.<\/div>\n<div>&nbsp;<\/div>\n<div>Droit d&rsquo;opposition au traitement automatis\u00e9 : vous avez le droit de vous opposer au traitement automatis\u00e9, y compris au profilage, et le droit de ne pas faire l&rsquo;objet d&rsquo;une d\u00e9cision fond\u00e9e exclusivement sur un traitement automatis\u00e9, qui produit des effets juridiques \u00e0 votre \u00e9gard ou qui vous affecte de mani\u00e8re significative de fa\u00e7on similaire.<\/div>\n<div>&nbsp;<\/div>\n<div>Droit \u00e0 la portabilit\u00e9 des donn\u00e9es &#8211; vous avez le droit d&rsquo;obtenir vos donn\u00e9es \u00e0 caract\u00e8re personnel dans un format lisible par machine ou, si possible, par transfert direct d&rsquo;un responsable du traitement \u00e0 un autre.<\/div>\n<div>&nbsp;<\/div>\n<div>Droit d&rsquo;introduire une r\u00e9clamation &#8211; dans le cas o\u00f9 nous refuserions votre demande en vertu de votre droit d&rsquo;acc\u00e8s, nous vous en expliquerons les raisons. Si vous n&rsquo;\u00eates pas satisfait de la mani\u00e8re dont nous avons trait\u00e9 votre demande, veuillez contacter le directeur g\u00e9n\u00e9ral de BWI par e-mail : jfain@bwi.earth ou \u00e9crivez-nous \u00e0 BWI &#8211; 8, impasse Boudeville &#8211; 31100 Toulouse, France.<\/div>\n<div>&nbsp;<\/div>\n<div>Droit \u00e0 l&rsquo;assistance d&rsquo;une autorit\u00e9 de contr\u00f4le &#8211; signifie que vous avez le droit d&rsquo;\u00eatre assist\u00e9 par une autorit\u00e9 de contr\u00f4le et le droit \u00e0 d&rsquo;autres recours juridiques tels que le droit de demander des dommages-int\u00e9r\u00eats.<\/div>\n<div>&nbsp;<\/div>\n<div>Droit de retirer votre consentement &#8211; vous avez le droit de retirer tout consentement que vous avez donn\u00e9 pour le traitement de vos donn\u00e9es \u00e0 caract\u00e8re personnel.<\/div>\n<div>&nbsp;<\/div>\n<div>En utilisant ce site web et\/ou nos services, vous consentez au traitement de vos donn\u00e9es personnelles tel que d\u00e9crit dans la pr\u00e9sente politique de confidentialit\u00e9.<\/div>\n<div>&nbsp;<\/div>\n<div>BWI, soci\u00e9t\u00e9 par actions simplifi\u00e9e (S.A.S), au capital de 2 027 000 euros, immatricul\u00e9e au registre du commerce et des soci\u00e9t\u00e9s de Toulouse sous le num\u00e9ro 914 969 019, est le responsable du traitement des donn\u00e9es collect\u00e9es sur le site web de BWI.<\/div>\n<div>&nbsp;<\/div>\n<div>En tant qu&rsquo;utilisateur, vous \u00eates notamment inform\u00e9 que, conform\u00e9ment \u00e0 l&rsquo;article 32 de la loi Informatique et libert\u00e9s du 6 janvier 1978 modifi\u00e9e, les informations communiqu\u00e9es par le biais des formulaires pr\u00e9sents sur le site web de BWI sont n\u00e9cessaires pour r\u00e9pondre \u00e0 vos demandes et sont destin\u00e9es aux services en charge de r\u00e9pondre aux demandes, \u00e0 des fins de suivi.<\/div>\n<div>&nbsp;<\/div>\n<div>Conform\u00e9ment aux dispositions des articles 39 et 40 de la loi \u00ab Informatique et Libert\u00e9s \u201c du 6 janvier 1978 modifi\u00e9e en 2004, les utilisateurs disposent d&rsquo;un droit d&rsquo;acc\u00e8s, de rectification, de mise \u00e0 jour et d&rsquo;effacement des informations qui les concernent, qu&rsquo;ils peuvent exercer en \u00e9crivant directement \u00e0 notre DG \u00e0 <a href=\"mailto:jfain@bwi.earth\">jfain@bwi.earth<\/a>, ou \u00e0 BWI &#8211; 8, impasse Boudeville &#8211; 31100 Toulouse, France, en pr\u00e9cisant comme objet \u201d Droits des personnes concern\u00e9es \u00bb et en joignant une copie d&rsquo;un justificatif d&rsquo;identit\u00e9.<\/div>\n<div>&nbsp;<\/div>\n<div>Conform\u00e9ment aux dispositions de l&rsquo;article 38 de la loi Informatique et Libert\u00e9s du 6 janvier 1978 modifi\u00e9e en 2004, l&rsquo;utilisateur peut s&rsquo;opposer au traitement de ses donn\u00e9es pour des motifs l\u00e9gitimes, et peut \u00e9galement s&rsquo;opposer, sans motif et gratuitement, \u00e0 ce que ses donn\u00e9es soient utilis\u00e9es \u00e0 des fins de prospection commerciale.<\/div>\n<div>&nbsp;<\/div>\n<div>En tant qu&rsquo;utilisateur, vous \u00eates inform\u00e9 que lors de vos visites sur le site <a href=\"http:\/\/www.bwi.earth\">www.bwi.earth<\/a>, un cookie peut s&rsquo;installer automatiquement sur votre logiciel de navigation ; vous pouvez choisir d&rsquo;accepter ou de refuser l&rsquo;utilisation de cookies.<\/div>\n<div>&nbsp;<\/div>\n<div>Les informations collect\u00e9es sur ce site seront toutefois conserv\u00e9es pendant un an.<\/div>\n<div>&nbsp;<\/div>\n<div><strong>Cr\u00e9dits photos<\/strong><\/div>\n<div>\u00a9BWI, \u00a9Brainsonic, @Shutterstock, @Mariko Kieffer, \u00a9Neil Bissaud \u00a9Bianka Felnerova<\/div>\n<div>&nbsp;<\/div>\n<div><strong>Cr\u00e9dits vid\u00e9o<\/strong><\/div>\n<div>\u00a9BWI, \u00a9Lary Marchand, \u00a9Olivier Coulon, @Mariko Kieffer \u00a9Neil Bissaud \u00a9Bianka Felnerova<\/div>\n<div>&nbsp;<\/div>\n<div><strong>Design \/ Graphisme \/ D\u00e9veloppement du site web :<\/strong><\/div>\n<div>Brainsonic<\/div>\n<div>28 Rue Meslay, 75003 Paris, France<\/div>\n<div>+33 1 58 28 19 20<\/div>\n<div>&nbsp;<\/div>\n<div><span style=\"font-weight: 400;\">Copyright \u00a92024 BWI<\/span><\/div>\n        <\/div>\n    <\/section>\n","protected":false},"excerpt":{"rendered":"","protected":false},"author":5,"featured_media":7485,"parent":0,"menu_order":0,"comment_status":"closed","ping_status":"closed","template":"","meta":{"content-type":"","ngg_post_thumbnail":0,"footnotes":""},"class_list":["post-10635","page","type-page","status-publish","has-post-thumbnail","hentry"],"acf":[],"yoast_head":"<!-- This site is optimized with the Yoast SEO plugin v26.2 - https:\/\/yoast.com\/wordpress\/plugins\/seo\/ -->\n<title>Blue Water Intelligence (BWI) Avis juridique<\/title>\n<meta name=\"description\" content=\"Consultez notre avis juridique : d\u00e9tails complets sur les termes, conditions et dispositions l\u00e9gales r\u00e9gissant l&#039;utilisation de notre site Web.\" \/>\n<meta name=\"robots\" content=\"index, follow, max-snippet:-1, max-image-preview:large, max-video-preview:-1\" \/>\n<link rel=\"canonical\" href=\"https:\/\/bwi.earth\/fr\/avis_juridique\/\" \/>\n<meta property=\"og:locale\" content=\"fr_FR\" \/>\n<meta property=\"og:type\" content=\"article\" \/>\n<meta property=\"og:title\" content=\"Blue Water Intelligence (BWI) Avis juridique\" \/>\n<meta property=\"og:description\" content=\"Consultez notre avis juridique : d\u00e9tails complets sur les termes, conditions et dispositions l\u00e9gales r\u00e9gissant l&#039;utilisation de notre site Web.\" \/>\n<meta property=\"og:url\" content=\"https:\/\/bwi.earth\/fr\/avis_juridique\/\" \/>\n<meta property=\"og:site_name\" content=\"Blue Water Intelligence (BWI)\" \/>\n<meta property=\"article:modified_time\" content=\"2026-01-09T15:09:45+00:00\" \/>\n<meta property=\"og:image\" content=\"https:\/\/bwi.earth\/wp-content\/uploads\/2024\/04\/legal.jpg\" \/>\n\t<meta property=\"og:image:width\" content=\"1200\" \/>\n\t<meta property=\"og:image:height\" content=\"870\" \/>\n\t<meta property=\"og:image:type\" content=\"image\/jpeg\" \/>\n<meta name=\"twitter:card\" content=\"summary_large_image\" \/>\n<meta name=\"twitter:label1\" content=\"Dur\u00e9e de lecture estim\u00e9e\" \/>\n\t<meta name=\"twitter:data1\" content=\"5 minutes\" \/>\n<script type=\"application\/ld+json\" class=\"yoast-schema-graph\">{\"@context\":\"https:\/\/schema.org\",\"@graph\":[{\"@type\":\"WebPage\",\"@id\":\"https:\/\/bwi.earth\/fr\/avis_juridique\/\",\"url\":\"https:\/\/bwi.earth\/fr\/avis_juridique\/\",\"name\":\"Blue Water Intelligence (BWI) Avis juridique\",\"isPartOf\":{\"@id\":\"https:\/\/bwi.earth\/fr\/#website\"},\"primaryImageOfPage\":{\"@id\":\"https:\/\/bwi.earth\/fr\/avis_juridique\/#primaryimage\"},\"image\":{\"@id\":\"https:\/\/bwi.earth\/fr\/avis_juridique\/#primaryimage\"},\"thumbnailUrl\":\"https:\/\/bwi.earth\/wp-content\/uploads\/2024\/04\/legal.jpg\",\"datePublished\":\"2022-07-26T09:39:42+00:00\",\"dateModified\":\"2026-01-09T15:09:45+00:00\",\"description\":\"Consultez notre avis juridique : d\u00e9tails complets sur les termes, conditions et dispositions l\u00e9gales r\u00e9gissant l'utilisation de notre site Web.\",\"breadcrumb\":{\"@id\":\"https:\/\/bwi.earth\/fr\/avis_juridique\/#breadcrumb\"},\"inLanguage\":\"fr-FR\",\"potentialAction\":[{\"@type\":\"ReadAction\",\"target\":[\"https:\/\/bwi.earth\/fr\/avis_juridique\/\"]}]},{\"@type\":\"ImageObject\",\"inLanguage\":\"fr-FR\",\"@id\":\"https:\/\/bwi.earth\/fr\/avis_juridique\/#primaryimage\",\"url\":\"https:\/\/bwi.earth\/wp-content\/uploads\/2024\/04\/legal.jpg\",\"contentUrl\":\"https:\/\/bwi.earth\/wp-content\/uploads\/2024\/04\/legal.jpg\",\"width\":1200,\"height\":870},{\"@type\":\"BreadcrumbList\",\"@id\":\"https:\/\/bwi.earth\/fr\/avis_juridique\/#breadcrumb\",\"itemListElement\":[{\"@type\":\"ListItem\",\"position\":1,\"name\":\"Home\",\"item\":\"https:\/\/bwi.earth\/fr\/\"},{\"@type\":\"ListItem\",\"position\":2,\"name\":\"Avis juridique\"}]},{\"@type\":\"WebSite\",\"@id\":\"https:\/\/bwi.earth\/fr\/#website\",\"url\":\"https:\/\/bwi.earth\/fr\/\",\"name\":\"Blue Water Intelligence (BWI)\",\"description\":\"The River Basin Digitization Company\",\"publisher\":{\"@id\":\"https:\/\/bwi.earth\/fr\/#organization\"},\"potentialAction\":[{\"@type\":\"SearchAction\",\"target\":{\"@type\":\"EntryPoint\",\"urlTemplate\":\"https:\/\/bwi.earth\/fr\/?s={search_term_string}\"},\"query-input\":{\"@type\":\"PropertyValueSpecification\",\"valueRequired\":true,\"valueName\":\"search_term_string\"}}],\"inLanguage\":\"fr-FR\"},{\"@type\":\"Organization\",\"@id\":\"https:\/\/bwi.earth\/fr\/#organization\",\"name\":\"Blue Water Intelligence (BWI)\",\"url\":\"https:\/\/bwi.earth\/fr\/\",\"logo\":{\"@type\":\"ImageObject\",\"inLanguage\":\"fr-FR\",\"@id\":\"https:\/\/bwi.earth\/fr\/#\/schema\/logo\/image\/\",\"url\":\"https:\/\/bwi.earth\/wp-content\/uploads\/2023\/03\/cropped-logo_couleur_bwi.png\",\"contentUrl\":\"https:\/\/bwi.earth\/wp-content\/uploads\/2023\/03\/cropped-logo_couleur_bwi.png\",\"width\":4190,\"height\":1970,\"caption\":\"Blue Water Intelligence (BWI)\"},\"image\":{\"@id\":\"https:\/\/bwi.earth\/fr\/#\/schema\/logo\/image\/\"}}]}<\/script>\n<!-- \/ Yoast SEO plugin. -->","yoast_head_json":{"title":"Blue Water Intelligence (BWI) Avis juridique","description":"Consultez notre avis juridique : d\u00e9tails complets sur les termes, conditions et dispositions l\u00e9gales r\u00e9gissant l'utilisation de notre site Web.","robots":{"index":"index","follow":"follow","max-snippet":"max-snippet:-1","max-image-preview":"max-image-preview:large","max-video-preview":"max-video-preview:-1"},"canonical":"https:\/\/bwi.earth\/fr\/avis_juridique\/","og_locale":"fr_FR","og_type":"article","og_title":"Blue Water Intelligence (BWI) Avis juridique","og_description":"Consultez notre avis juridique : d\u00e9tails complets sur les termes, conditions et dispositions l\u00e9gales r\u00e9gissant l'utilisation de notre site Web.","og_url":"https:\/\/bwi.earth\/fr\/avis_juridique\/","og_site_name":"Blue Water Intelligence (BWI)","article_modified_time":"2026-01-09T15:09:45+00:00","og_image":[{"width":1200,"height":870,"url":"https:\/\/bwi.earth\/wp-content\/uploads\/2024\/04\/legal.jpg","type":"image\/jpeg"}],"twitter_card":"summary_large_image","twitter_misc":{"Dur\u00e9e de lecture estim\u00e9e":"5 minutes"},"schema":{"@context":"https:\/\/schema.org","@graph":[{"@type":"WebPage","@id":"https:\/\/bwi.earth\/fr\/avis_juridique\/","url":"https:\/\/bwi.earth\/fr\/avis_juridique\/","name":"Blue Water Intelligence (BWI) Avis juridique","isPartOf":{"@id":"https:\/\/bwi.earth\/fr\/#website"},"primaryImageOfPage":{"@id":"https:\/\/bwi.earth\/fr\/avis_juridique\/#primaryimage"},"image":{"@id":"https:\/\/bwi.earth\/fr\/avis_juridique\/#primaryimage"},"thumbnailUrl":"https:\/\/bwi.earth\/wp-content\/uploads\/2024\/04\/legal.jpg","datePublished":"2022-07-26T09:39:42+00:00","dateModified":"2026-01-09T15:09:45+00:00","description":"Consultez notre avis juridique : d\u00e9tails complets sur les termes, conditions et dispositions l\u00e9gales r\u00e9gissant l'utilisation de notre site Web.","breadcrumb":{"@id":"https:\/\/bwi.earth\/fr\/avis_juridique\/#breadcrumb"},"inLanguage":"fr-FR","potentialAction":[{"@type":"ReadAction","target":["https:\/\/bwi.earth\/fr\/avis_juridique\/"]}]},{"@type":"ImageObject","inLanguage":"fr-FR","@id":"https:\/\/bwi.earth\/fr\/avis_juridique\/#primaryimage","url":"https:\/\/bwi.earth\/wp-content\/uploads\/2024\/04\/legal.jpg","contentUrl":"https:\/\/bwi.earth\/wp-content\/uploads\/2024\/04\/legal.jpg","width":1200,"height":870},{"@type":"BreadcrumbList","@id":"https:\/\/bwi.earth\/fr\/avis_juridique\/#breadcrumb","itemListElement":[{"@type":"ListItem","position":1,"name":"Home","item":"https:\/\/bwi.earth\/fr\/"},{"@type":"ListItem","position":2,"name":"Avis juridique"}]},{"@type":"WebSite","@id":"https:\/\/bwi.earth\/fr\/#website","url":"https:\/\/bwi.earth\/fr\/","name":"Blue Water Intelligence (BWI)","description":"The River Basin Digitization Company","publisher":{"@id":"https:\/\/bwi.earth\/fr\/#organization"},"potentialAction":[{"@type":"SearchAction","target":{"@type":"EntryPoint","urlTemplate":"https:\/\/bwi.earth\/fr\/?s={search_term_string}"},"query-input":{"@type":"PropertyValueSpecification","valueRequired":true,"valueName":"search_term_string"}}],"inLanguage":"fr-FR"},{"@type":"Organization","@id":"https:\/\/bwi.earth\/fr\/#organization","name":"Blue Water Intelligence (BWI)","url":"https:\/\/bwi.earth\/fr\/","logo":{"@type":"ImageObject","inLanguage":"fr-FR","@id":"https:\/\/bwi.earth\/fr\/#\/schema\/logo\/image\/","url":"https:\/\/bwi.earth\/wp-content\/uploads\/2023\/03\/cropped-logo_couleur_bwi.png","contentUrl":"https:\/\/bwi.earth\/wp-content\/uploads\/2023\/03\/cropped-logo_couleur_bwi.png","width":4190,"height":1970,"caption":"Blue Water Intelligence (BWI)"},"image":{"@id":"https:\/\/bwi.earth\/fr\/#\/schema\/logo\/image\/"}}]}},"_links":{"self":[{"href":"https:\/\/bwi.earth\/fr\/wp-json\/wp\/v2\/pages\/10635","targetHints":{"allow":["GET"]}}],"collection":[{"href":"https:\/\/bwi.earth\/fr\/wp-json\/wp\/v2\/pages"}],"about":[{"href":"https:\/\/bwi.earth\/fr\/wp-json\/wp\/v2\/types\/page"}],"author":[{"embeddable":true,"href":"https:\/\/bwi.earth\/fr\/wp-json\/wp\/v2\/users\/5"}],"replies":[{"embeddable":true,"href":"https:\/\/bwi.earth\/fr\/wp-json\/wp\/v2\/comments?post=10635"}],"version-history":[{"count":6,"href":"https:\/\/bwi.earth\/fr\/wp-json\/wp\/v2\/pages\/10635\/revisions"}],"predecessor-version":[{"id":13073,"href":"https:\/\/bwi.earth\/fr\/wp-json\/wp\/v2\/pages\/10635\/revisions\/13073"}],"wp:featuredmedia":[{"embeddable":true,"href":"https:\/\/bwi.earth\/fr\/wp-json\/wp\/v2\/media\/7485"}],"wp:attachment":[{"href":"https:\/\/bwi.earth\/fr\/wp-json\/wp\/v2\/media?parent=10635"}],"curies":[{"name":"wp","href":"https:\/\/api.w.org\/{rel}","templated":true}]}}