{"id":12851,"date":"2022-07-26T11:40:07","date_gmt":"2022-07-26T09:40:07","guid":{"rendered":"https:\/\/bwi.earth\/cookies-management\/"},"modified":"2026-03-19T15:50:58","modified_gmt":"2026-03-19T14:50:58","slug":"gestion_des_cookies","status":"publish","type":"page","link":"https:\/\/bwi.earth\/fr\/gestion_des_cookies\/","title":{"rendered":"Gestion des cookies"},"content":{"rendered":"<section class=\"hero-simple\">\n    <div class=\"wrap\">\n                    <h1 class=\"block-title title-h1\">Gestion des cookies chez BWI<\/h1>\n        \n            <\/div>\n<\/section>\n\n    <section class=\"gut-content\">\n        <div class=\"wrap\">\n            <div>\n<p>En tant qu&rsquo;utilisateur, vous \u00eates inform\u00e9 que lors de vos visites sur le site <a href=\"http:\/\/www.bwi.earth\">www.bwi.earth<\/a>, un cookie peut s&rsquo;installer automatiquement sur votre logiciel de navigation ; vous pouvez choisir d&rsquo;accepter ou de refuser l&rsquo;utilisation de cookies.<\/p>\n<\/div>\n<div>\n<p>Les informations collect\u00e9es sur ce site seront toutefois conserv\u00e9es pendant un an.<\/p>\n<p style=\"font-weight: 400;\"><strong>Qu&rsquo;est-ce qu&rsquo;un cookie ?<\/strong><\/p>\n<p style=\"font-weight: 400;\">Un cookie est un bloc de donn\u00e9es qui ne permet pas d&rsquo;identifier personnellement les utilisateurs mais qui sert \u00e0 enregistrer des informations relatives \u00e0 la navigation de celui-ci sur le site. Le param\u00e9trage du navigateur permet d&rsquo;informer de la pr\u00e9sence de cookies et \u00e9ventuellement de la refuser de la mani\u00e8re d\u00e9crite \u00e0 l&rsquo;adresse suivante <u><a href=\"http:\/\/www.cnil.fr\">www.cnil.fr<\/a><\/u>.<\/p>\n<p style=\"font-weight: 400;\">Le <a href=\"https:\/\/bwi.earth\">site web de BWI<\/a> utilise la technologie <a href=\"https:\/\/www.google.com\/analytics\/%22%20%5Cl%20%22?modal_active=none%22%20%5Ct%20%22_blank\">Google analytics<\/a> ainsi qu&rsquo;un cookie de session qui peut collecter des donn\u00e9es telles que l&rsquo;adresse IP, la localisation g\u00e9ographique et le navigateur utilis\u00e9.<\/p>\n<p style=\"font-weight: 400;\">Les utilisateurs disposent d&rsquo;un droit d&rsquo;acc\u00e8s, de retrait et de modification des donn\u00e9es personnelles collect\u00e9es par le biais des cookies dans les conditions mentionn\u00e9es ci-dessus.<\/p>\n<p style=\"font-weight: 400;\">En tant qu&rsquo;utilisateur du site web de BWI, vous \u00eates tenu de respecter les dispositions de la loi Informatique et libert\u00e9s du 6 janvier 1978 modifi\u00e9e, dont la violation est passible de sanctions p\u00e9nales. Vous devez notamment vous abstenir, s&rsquo;agissant des informations nominatives auxquelles vous acc\u00e9dez, de toute collecte, de toute utilisation d\u00e9tourn\u00e9e et, d&rsquo;une mani\u00e8re g\u00e9n\u00e9rale, de tout acte susceptible de porter atteinte \u00e0 la vie priv\u00e9e ou \u00e0 la r\u00e9putation des personnes.<\/p>\n<\/div>\n        <\/div>\n    <\/section>\n","protected":false},"excerpt":{"rendered":"","protected":false},"author":5,"featured_media":7411,"parent":0,"menu_order":0,"comment_status":"closed","ping_status":"closed","template":"","meta":{"content-type":"","ngg_post_thumbnail":0,"footnotes":""},"class_list":["post-12851","page","type-page","status-publish","has-post-thumbnail","hentry"],"acf":[],"yoast_head":"<!-- This site is optimized with the Yoast SEO plugin v26.2 - https:\/\/yoast.com\/wordpress\/plugins\/seo\/ -->\n<title>Gestion des cookies<\/title>\n<meta name=\"description\" content=\"D\u00e9couvrez comment nous utilisons les cookies, g\u00e9rons vos pr\u00e9f\u00e9rences et garantissons votre confidentialit\u00e9 tout en profitant d&#039;une navigation fluide.\" \/>\n<meta name=\"robots\" content=\"index, follow, max-snippet:-1, max-image-preview:large, max-video-preview:-1\" \/>\n<link rel=\"canonical\" href=\"https:\/\/bwi.earth\/fr\/gestion_des_cookies\/\" \/>\n<meta property=\"og:locale\" content=\"fr_FR\" \/>\n<meta property=\"og:type\" content=\"article\" \/>\n<meta property=\"og:title\" content=\"Gestion des cookies\" \/>\n<meta property=\"og:description\" content=\"D\u00e9couvrez comment nous utilisons les cookies, g\u00e9rons vos pr\u00e9f\u00e9rences et garantissons votre confidentialit\u00e9 tout en profitant d&#039;une navigation fluide.\" \/>\n<meta property=\"og:url\" content=\"https:\/\/bwi.earth\/fr\/gestion_des_cookies\/\" \/>\n<meta property=\"og:site_name\" content=\"Blue Water Intelligence (BWI)\" \/>\n<meta property=\"article:modified_time\" content=\"2026-03-19T14:50:58+00:00\" \/>\n<meta property=\"og:image\" content=\"https:\/\/bwi.earth\/wp-content\/uploads\/2024\/01\/river-picture.jpg\" \/>\n\t<meta property=\"og:image:width\" content=\"1536\" \/>\n\t<meta property=\"og:image:height\" content=\"2049\" \/>\n\t<meta property=\"og:image:type\" content=\"image\/jpeg\" \/>\n<meta name=\"twitter:card\" content=\"summary_large_image\" \/>\n<meta name=\"twitter:label1\" content=\"Dur\u00e9e de lecture estim\u00e9e\" \/>\n\t<meta name=\"twitter:data1\" content=\"2 minutes\" \/>\n<script type=\"application\/ld+json\" class=\"yoast-schema-graph\">{\"@context\":\"https:\/\/schema.org\",\"@graph\":[{\"@type\":\"WebPage\",\"@id\":\"https:\/\/bwi.earth\/fr\/gestion_des_cookies\/\",\"url\":\"https:\/\/bwi.earth\/fr\/gestion_des_cookies\/\",\"name\":\"Gestion des cookies\",\"isPartOf\":{\"@id\":\"https:\/\/bwi.earth\/fr\/#website\"},\"primaryImageOfPage\":{\"@id\":\"https:\/\/bwi.earth\/fr\/gestion_des_cookies\/#primaryimage\"},\"image\":{\"@id\":\"https:\/\/bwi.earth\/fr\/gestion_des_cookies\/#primaryimage\"},\"thumbnailUrl\":\"https:\/\/bwi.earth\/wp-content\/uploads\/2024\/01\/river-picture.jpg\",\"datePublished\":\"2022-07-26T09:40:07+00:00\",\"dateModified\":\"2026-03-19T14:50:58+00:00\",\"description\":\"D\u00e9couvrez comment nous utilisons les cookies, g\u00e9rons vos pr\u00e9f\u00e9rences et garantissons votre confidentialit\u00e9 tout en profitant d'une navigation fluide.\",\"breadcrumb\":{\"@id\":\"https:\/\/bwi.earth\/fr\/gestion_des_cookies\/#breadcrumb\"},\"inLanguage\":\"fr-FR\",\"potentialAction\":[{\"@type\":\"ReadAction\",\"target\":[\"https:\/\/bwi.earth\/fr\/gestion_des_cookies\/\"]}]},{\"@type\":\"ImageObject\",\"inLanguage\":\"fr-FR\",\"@id\":\"https:\/\/bwi.earth\/fr\/gestion_des_cookies\/#primaryimage\",\"url\":\"https:\/\/bwi.earth\/wp-content\/uploads\/2024\/01\/river-picture.jpg\",\"contentUrl\":\"https:\/\/bwi.earth\/wp-content\/uploads\/2024\/01\/river-picture.jpg\",\"width\":1536,\"height\":2049},{\"@type\":\"BreadcrumbList\",\"@id\":\"https:\/\/bwi.earth\/fr\/gestion_des_cookies\/#breadcrumb\",\"itemListElement\":[{\"@type\":\"ListItem\",\"position\":1,\"name\":\"Home\",\"item\":\"https:\/\/bwi.earth\/fr\/\"},{\"@type\":\"ListItem\",\"position\":2,\"name\":\"Gestion des cookies\"}]},{\"@type\":\"WebSite\",\"@id\":\"https:\/\/bwi.earth\/fr\/#website\",\"url\":\"https:\/\/bwi.earth\/fr\/\",\"name\":\"Blue Water Intelligence (BWI)\",\"description\":\"The River Basin Digitization Company\",\"publisher\":{\"@id\":\"https:\/\/bwi.earth\/fr\/#organization\"},\"potentialAction\":[{\"@type\":\"SearchAction\",\"target\":{\"@type\":\"EntryPoint\",\"urlTemplate\":\"https:\/\/bwi.earth\/fr\/?s={search_term_string}\"},\"query-input\":{\"@type\":\"PropertyValueSpecification\",\"valueRequired\":true,\"valueName\":\"search_term_string\"}}],\"inLanguage\":\"fr-FR\"},{\"@type\":\"Organization\",\"@id\":\"https:\/\/bwi.earth\/fr\/#organization\",\"name\":\"Blue Water Intelligence (BWI)\",\"url\":\"https:\/\/bwi.earth\/fr\/\",\"logo\":{\"@type\":\"ImageObject\",\"inLanguage\":\"fr-FR\",\"@id\":\"https:\/\/bwi.earth\/fr\/#\/schema\/logo\/image\/\",\"url\":\"https:\/\/bwi.earth\/wp-content\/uploads\/2023\/03\/cropped-logo_couleur_bwi.png\",\"contentUrl\":\"https:\/\/bwi.earth\/wp-content\/uploads\/2023\/03\/cropped-logo_couleur_bwi.png\",\"width\":4190,\"height\":1970,\"caption\":\"Blue Water Intelligence (BWI)\"},\"image\":{\"@id\":\"https:\/\/bwi.earth\/fr\/#\/schema\/logo\/image\/\"}}]}<\/script>\n<!-- \/ Yoast SEO plugin. -->","yoast_head_json":{"title":"Gestion des cookies","description":"D\u00e9couvrez comment nous utilisons les cookies, g\u00e9rons vos pr\u00e9f\u00e9rences et garantissons votre confidentialit\u00e9 tout en profitant d'une navigation fluide.","robots":{"index":"index","follow":"follow","max-snippet":"max-snippet:-1","max-image-preview":"max-image-preview:large","max-video-preview":"max-video-preview:-1"},"canonical":"https:\/\/bwi.earth\/fr\/gestion_des_cookies\/","og_locale":"fr_FR","og_type":"article","og_title":"Gestion des cookies","og_description":"D\u00e9couvrez comment nous utilisons les cookies, g\u00e9rons vos pr\u00e9f\u00e9rences et garantissons votre confidentialit\u00e9 tout en profitant d'une navigation fluide.","og_url":"https:\/\/bwi.earth\/fr\/gestion_des_cookies\/","og_site_name":"Blue Water Intelligence (BWI)","article_modified_time":"2026-03-19T14:50:58+00:00","og_image":[{"width":1536,"height":2049,"url":"https:\/\/bwi.earth\/wp-content\/uploads\/2024\/01\/river-picture.jpg","type":"image\/jpeg"}],"twitter_card":"summary_large_image","twitter_misc":{"Dur\u00e9e de lecture estim\u00e9e":"2 minutes"},"schema":{"@context":"https:\/\/schema.org","@graph":[{"@type":"WebPage","@id":"https:\/\/bwi.earth\/fr\/gestion_des_cookies\/","url":"https:\/\/bwi.earth\/fr\/gestion_des_cookies\/","name":"Gestion des cookies","isPartOf":{"@id":"https:\/\/bwi.earth\/fr\/#website"},"primaryImageOfPage":{"@id":"https:\/\/bwi.earth\/fr\/gestion_des_cookies\/#primaryimage"},"image":{"@id":"https:\/\/bwi.earth\/fr\/gestion_des_cookies\/#primaryimage"},"thumbnailUrl":"https:\/\/bwi.earth\/wp-content\/uploads\/2024\/01\/river-picture.jpg","datePublished":"2022-07-26T09:40:07+00:00","dateModified":"2026-03-19T14:50:58+00:00","description":"D\u00e9couvrez comment nous utilisons les cookies, g\u00e9rons vos pr\u00e9f\u00e9rences et garantissons votre confidentialit\u00e9 tout en profitant d'une navigation fluide.","breadcrumb":{"@id":"https:\/\/bwi.earth\/fr\/gestion_des_cookies\/#breadcrumb"},"inLanguage":"fr-FR","potentialAction":[{"@type":"ReadAction","target":["https:\/\/bwi.earth\/fr\/gestion_des_cookies\/"]}]},{"@type":"ImageObject","inLanguage":"fr-FR","@id":"https:\/\/bwi.earth\/fr\/gestion_des_cookies\/#primaryimage","url":"https:\/\/bwi.earth\/wp-content\/uploads\/2024\/01\/river-picture.jpg","contentUrl":"https:\/\/bwi.earth\/wp-content\/uploads\/2024\/01\/river-picture.jpg","width":1536,"height":2049},{"@type":"BreadcrumbList","@id":"https:\/\/bwi.earth\/fr\/gestion_des_cookies\/#breadcrumb","itemListElement":[{"@type":"ListItem","position":1,"name":"Home","item":"https:\/\/bwi.earth\/fr\/"},{"@type":"ListItem","position":2,"name":"Gestion des cookies"}]},{"@type":"WebSite","@id":"https:\/\/bwi.earth\/fr\/#website","url":"https:\/\/bwi.earth\/fr\/","name":"Blue Water Intelligence (BWI)","description":"The River Basin Digitization Company","publisher":{"@id":"https:\/\/bwi.earth\/fr\/#organization"},"potentialAction":[{"@type":"SearchAction","target":{"@type":"EntryPoint","urlTemplate":"https:\/\/bwi.earth\/fr\/?s={search_term_string}"},"query-input":{"@type":"PropertyValueSpecification","valueRequired":true,"valueName":"search_term_string"}}],"inLanguage":"fr-FR"},{"@type":"Organization","@id":"https:\/\/bwi.earth\/fr\/#organization","name":"Blue Water Intelligence (BWI)","url":"https:\/\/bwi.earth\/fr\/","logo":{"@type":"ImageObject","inLanguage":"fr-FR","@id":"https:\/\/bwi.earth\/fr\/#\/schema\/logo\/image\/","url":"https:\/\/bwi.earth\/wp-content\/uploads\/2023\/03\/cropped-logo_couleur_bwi.png","contentUrl":"https:\/\/bwi.earth\/wp-content\/uploads\/2023\/03\/cropped-logo_couleur_bwi.png","width":4190,"height":1970,"caption":"Blue Water Intelligence (BWI)"},"image":{"@id":"https:\/\/bwi.earth\/fr\/#\/schema\/logo\/image\/"}}]}},"_links":{"self":[{"href":"https:\/\/bwi.earth\/fr\/wp-json\/wp\/v2\/pages\/12851","targetHints":{"allow":["GET"]}}],"collection":[{"href":"https:\/\/bwi.earth\/fr\/wp-json\/wp\/v2\/pages"}],"about":[{"href":"https:\/\/bwi.earth\/fr\/wp-json\/wp\/v2\/types\/page"}],"author":[{"embeddable":true,"href":"https:\/\/bwi.earth\/fr\/wp-json\/wp\/v2\/users\/5"}],"replies":[{"embeddable":true,"href":"https:\/\/bwi.earth\/fr\/wp-json\/wp\/v2\/comments?post=12851"}],"version-history":[{"count":3,"href":"https:\/\/bwi.earth\/fr\/wp-json\/wp\/v2\/pages\/12851\/revisions"}],"predecessor-version":[{"id":13060,"href":"https:\/\/bwi.earth\/fr\/wp-json\/wp\/v2\/pages\/12851\/revisions\/13060"}],"wp:featuredmedia":[{"embeddable":true,"href":"https:\/\/bwi.earth\/fr\/wp-json\/wp\/v2\/media\/7411"}],"wp:attachment":[{"href":"https:\/\/bwi.earth\/fr\/wp-json\/wp\/v2\/media?parent=12851"}],"curies":[{"name":"wp","href":"https:\/\/api.w.org\/{rel}","templated":true}]}}