{"id":12859,"date":"2022-07-26T09:34:22","date_gmt":"2022-07-26T07:34:22","guid":{"rendered":"https:\/\/bwi.earth\/privacy-policy\/"},"modified":"2025-06-09T16:11:13","modified_gmt":"2025-06-09T14:11:13","slug":"politique_de_confidentialite","status":"publish","type":"page","link":"https:\/\/bwi.earth\/fr\/politique_de_confidentialite\/","title":{"rendered":"Politique de confidentialit\u00e9"},"content":{"rendered":"<section class=\"hero-simple\">\n    <div class=\"wrap\">\n                    <h1 class=\"block-title title-h1\">Politique de confidentialit\u00e9 de BWI<\/h1>\n        \n            <\/div>\n<\/section>\n\n    <section class=\"gut-content\">\n        <div class=\"wrap\">\n            <p style=\"font-weight: 400;\">La pr\u00e9sente politique de confidentialit\u00e9 s&rsquo;applique \u00e0 toute personne physique qui transmet directement ou indirectement des donn\u00e9es personnelles \u00e0 <a href=\"https:\/\/bwi.earth\">BWI<\/a> en se rendant sur notre site Web.<\/p>\n<p style=\"font-weight: 400;\">BWI est une soci\u00e9t\u00e9 \u00e9tablie en France et, en tant que telle, nous respectons la l\u00e9gislation fran\u00e7aise sur la protection des donn\u00e9es personnelles (1998:204) qui vise \u00e0 appliquer la directive europ\u00e9enne sur la protection des donn\u00e9es 95\/46\/CE.<\/p>\n<p style=\"font-weight: 400;\">Notre si\u00e8ge social est situ\u00e9 au 8, impasse Boudeville &#8211; 31100 Toulouse, France. Nous vous invitons \u00e0 nous faire part de vos questions ou de vos pr\u00e9occupations concernant la protection des donn\u00e9es en \u00e9crivant \u00e0 : <a href=\"mailto:jfain@bwi.earth\">jfain@bwi.earth<\/a>.<\/p>\n<p style=\"font-weight: 400;\">Dans la pr\u00e9sente politique de confidentialit\u00e9, nous expliquons quels types de donn\u00e9es \u00e0 caract\u00e8re personnel sont susceptibles d&rsquo;\u00eatre trait\u00e9s et la finalit\u00e9 du traitement. Nous expliquons \u00e9galement les choix que vous pouvez faire concernant notre traitement et comment vous pouvez en savoir plus sur notre traitement et vos droits.<\/p>\n<h3 style=\"font-weight: 400;\"><strong>Champ d&rsquo;application de la politique de confidentialit\u00e9<\/strong><\/h3>\n<p style=\"font-weight: 400;\">Veuillez noter que la pr\u00e9sente politique de confidentialit\u00e9 concerne le traitement des donn\u00e9es \u00e0 caract\u00e8re personnel dont BWI est le garant, c&rsquo;est-\u00e0-dire que BWI en d\u00e9cide les objectifs et les moyens de traitement.<\/p>\n<p style=\"font-weight: 400;\">Pour \u00e9viter toute ambigu\u00eft\u00e9, la pr\u00e9sente politique de confidentialit\u00e9 ne couvre pas les traitements de donn\u00e9es \u00e0 caract\u00e8re personnel que BWI peut effectuer en tant que sous-traitant dans le cadre de votre utilisation de nos services.<\/p>\n<p><span style=\"font-weight: 400;\">Pour plus d&rsquo;informations sur la mani\u00e8re dont nos services peuvent \u00eatre utilis\u00e9s pour faciliter le traitement de vos donn\u00e9es, ainsi que sur la responsabilit\u00e9 et les engagements de BWI \u00e0 cet \u00e9gard, veuillez-vous r\u00e9f\u00e9rer aux conditions applicables.<\/span><\/p>\n<h3 style=\"font-weight: 400;\"><strong>Donn\u00e9es personnelles trait\u00e9es<\/strong><\/h3>\n<p style=\"font-weight: 400;\">Les donn\u00e9es \u00e0 caract\u00e8re personnel sont des donn\u00e9es qui vous identifient en tant que personne physique. Nous pouvons traiter les types de donn\u00e9es \u00e0 caract\u00e8re personnel suivants vous concernant :<\/p>\n<ul>\n<li style=\"font-weight: 400;\">Vos coordonn\u00e9es, y compris votre nom, votre adresse \u00e9lectronique et votre num\u00e9ro de t\u00e9l\u00e9phone.<\/li>\n<li style=\"font-weight: 400;\">Informations sur l&rsquo;utilisateur, par exemple, si vous vous connectez \u00e0 notre service ou si vous visitez notre site web. Ces informations peuvent inclure l&rsquo;adresse IP, le type d&rsquo;appareil, le navigateur, le fuseau horaire et la localisation g\u00e9ographique, ainsi que vos int\u00e9r\u00eats et pr\u00e9f\u00e9rences ou des informations sur la mani\u00e8re dont vous interagissez avec nos services, telles que les fonctionnalit\u00e9s que vous utilisez et les boutons sur lesquels vous cliquez.<\/li>\n<li><span style=\"font-weight: 400;\">Autres informations que nous recevons par l&rsquo;interm\u00e9diaire de vos contacts.<\/span><\/li>\n<\/ul>\n<h3 style=\"font-weight: 400;\"><strong>Donn\u00e9es collect\u00e9es<\/strong><\/h3>\n<p style=\"font-weight: 400;\">Le site garantit que les donn\u00e9es personnelles sont collect\u00e9es et trait\u00e9es dans le respect de la vie priv\u00e9e conform\u00e9ment \u00e0 la loi n\u00b0 78-17 du 6 janvier 1978 relative \u00e0 l&rsquo;informatique, aux fichiers et aux libert\u00e9s.<\/p>\n<h3 style=\"font-weight: 400;\"><strong>Partage avec des tiers et transfert vers des pays tiers <\/strong><\/h3>\n<p style=\"font-weight: 400;\">Nous ne partageons aucune donn\u00e9e personnelle avec des tiers.<\/p>\n<h3 style=\"font-weight: 400;\"><strong>Vos droits<\/strong><\/h3>\n<p><span style=\"font-weight: 400;\">Nous devons traiter des donn\u00e9es personnelles exactes, pertinentes et n\u00e9cessaires en tenant compte de nos objectifs l\u00e9gitimes. Vous avez le droit de le v\u00e9rifier. Pour mettre \u00e0 jour les donn\u00e9es personnelles vous concernant que nous traitons, veuillez nous contacter \u00e0 l&rsquo;adresse <a href=\"mailto:jfain@bwi.earth\">jfain@bwi.earth<\/a>. Pour recevoir gratuitement un extrait des donn\u00e9es personnelles vous concernant que nous traitons, adressez-nous un courrier sign\u00e9 \u00e0 BWI &#8211; 8, impasse Boudeville &#8211; 31100 Toulouse, France.<\/span><\/p>\n        <\/div>\n    <\/section>\n","protected":false},"excerpt":{"rendered":"","protected":false},"author":5,"featured_media":7488,"parent":0,"menu_order":0,"comment_status":"closed","ping_status":"closed","template":"","meta":{"content-type":"","ngg_post_thumbnail":0,"footnotes":""},"class_list":["post-12859","page","type-page","status-publish","has-post-thumbnail","hentry"],"acf":[],"yoast_head":"<!-- This site is optimized with the Yoast SEO plugin v26.2 - https:\/\/yoast.com\/wordpress\/plugins\/seo\/ -->\n<title>Politique de confidentialit\u00e9<\/title>\n<meta name=\"description\" content=\"Plongez dans notre politique de confidentialit\u00e9 : comprenez comment nous traitons vos donn\u00e9es avec le plus grand soin, en garantissant la transparence et en prot\u00e9geant votre vie priv\u00e9e \u00e0 chaque \u00e9tape.\" \/>\n<meta name=\"robots\" content=\"index, follow, max-snippet:-1, max-image-preview:large, max-video-preview:-1\" \/>\n<link rel=\"canonical\" href=\"https:\/\/bwi.earth\/fr\/politique_de_confidentialite\/\" \/>\n<meta property=\"og:locale\" content=\"fr_FR\" \/>\n<meta property=\"og:type\" content=\"article\" \/>\n<meta property=\"og:title\" content=\"Politique de confidentialit\u00e9\" \/>\n<meta property=\"og:description\" content=\"Plongez dans notre politique de confidentialit\u00e9 : comprenez comment nous traitons vos donn\u00e9es avec le plus grand soin, en garantissant la transparence et en prot\u00e9geant votre vie priv\u00e9e \u00e0 chaque \u00e9tape.\" \/>\n<meta property=\"og:url\" content=\"https:\/\/bwi.earth\/fr\/politique_de_confidentialite\/\" \/>\n<meta property=\"og:site_name\" content=\"Blue Water Intelligence (BWI)\" \/>\n<meta property=\"article:modified_time\" content=\"2025-06-09T14:11:13+00:00\" \/>\n<meta property=\"og:image\" content=\"https:\/\/bwi.earth\/wp-content\/uploads\/2024\/04\/security-5199236_1280.jpg\" \/>\n\t<meta property=\"og:image:width\" content=\"1280\" \/>\n\t<meta property=\"og:image:height\" content=\"853\" \/>\n\t<meta property=\"og:image:type\" content=\"image\/jpeg\" \/>\n<meta name=\"twitter:card\" content=\"summary_large_image\" \/>\n<meta name=\"twitter:label1\" content=\"Dur\u00e9e de lecture estim\u00e9e\" \/>\n\t<meta name=\"twitter:data1\" content=\"3 minutes\" \/>\n<script type=\"application\/ld+json\" class=\"yoast-schema-graph\">{\"@context\":\"https:\/\/schema.org\",\"@graph\":[{\"@type\":\"WebPage\",\"@id\":\"https:\/\/bwi.earth\/fr\/politique_de_confidentialite\/\",\"url\":\"https:\/\/bwi.earth\/fr\/politique_de_confidentialite\/\",\"name\":\"Politique de confidentialit\u00e9\",\"isPartOf\":{\"@id\":\"https:\/\/bwi.earth\/fr\/#website\"},\"primaryImageOfPage\":{\"@id\":\"https:\/\/bwi.earth\/fr\/politique_de_confidentialite\/#primaryimage\"},\"image\":{\"@id\":\"https:\/\/bwi.earth\/fr\/politique_de_confidentialite\/#primaryimage\"},\"thumbnailUrl\":\"https:\/\/bwi.earth\/wp-content\/uploads\/2024\/04\/security-5199236_1280.jpg\",\"datePublished\":\"2022-07-26T07:34:22+00:00\",\"dateModified\":\"2025-06-09T14:11:13+00:00\",\"description\":\"Plongez dans notre politique de confidentialit\u00e9 : comprenez comment nous traitons vos donn\u00e9es avec le plus grand soin, en garantissant la transparence et en prot\u00e9geant votre vie priv\u00e9e \u00e0 chaque \u00e9tape.\",\"breadcrumb\":{\"@id\":\"https:\/\/bwi.earth\/fr\/politique_de_confidentialite\/#breadcrumb\"},\"inLanguage\":\"fr-FR\",\"potentialAction\":[{\"@type\":\"ReadAction\",\"target\":[\"https:\/\/bwi.earth\/fr\/politique_de_confidentialite\/\"]}]},{\"@type\":\"ImageObject\",\"inLanguage\":\"fr-FR\",\"@id\":\"https:\/\/bwi.earth\/fr\/politique_de_confidentialite\/#primaryimage\",\"url\":\"https:\/\/bwi.earth\/wp-content\/uploads\/2024\/04\/security-5199236_1280.jpg\",\"contentUrl\":\"https:\/\/bwi.earth\/wp-content\/uploads\/2024\/04\/security-5199236_1280.jpg\",\"width\":1280,\"height\":853},{\"@type\":\"BreadcrumbList\",\"@id\":\"https:\/\/bwi.earth\/fr\/politique_de_confidentialite\/#breadcrumb\",\"itemListElement\":[{\"@type\":\"ListItem\",\"position\":1,\"name\":\"Home\",\"item\":\"https:\/\/bwi.earth\/fr\/\"},{\"@type\":\"ListItem\",\"position\":2,\"name\":\"Politique de confidentialit\u00e9\"}]},{\"@type\":\"WebSite\",\"@id\":\"https:\/\/bwi.earth\/fr\/#website\",\"url\":\"https:\/\/bwi.earth\/fr\/\",\"name\":\"Blue Water Intelligence (BWI)\",\"description\":\"The River Basin Digitization Company\",\"publisher\":{\"@id\":\"https:\/\/bwi.earth\/fr\/#organization\"},\"potentialAction\":[{\"@type\":\"SearchAction\",\"target\":{\"@type\":\"EntryPoint\",\"urlTemplate\":\"https:\/\/bwi.earth\/fr\/?s={search_term_string}\"},\"query-input\":{\"@type\":\"PropertyValueSpecification\",\"valueRequired\":true,\"valueName\":\"search_term_string\"}}],\"inLanguage\":\"fr-FR\"},{\"@type\":\"Organization\",\"@id\":\"https:\/\/bwi.earth\/fr\/#organization\",\"name\":\"Blue Water Intelligence (BWI)\",\"url\":\"https:\/\/bwi.earth\/fr\/\",\"logo\":{\"@type\":\"ImageObject\",\"inLanguage\":\"fr-FR\",\"@id\":\"https:\/\/bwi.earth\/fr\/#\/schema\/logo\/image\/\",\"url\":\"https:\/\/bwi.earth\/wp-content\/uploads\/2023\/03\/cropped-logo_couleur_bwi.png\",\"contentUrl\":\"https:\/\/bwi.earth\/wp-content\/uploads\/2023\/03\/cropped-logo_couleur_bwi.png\",\"width\":4190,\"height\":1970,\"caption\":\"Blue Water Intelligence (BWI)\"},\"image\":{\"@id\":\"https:\/\/bwi.earth\/fr\/#\/schema\/logo\/image\/\"}}]}<\/script>\n<!-- \/ Yoast SEO plugin. -->","yoast_head_json":{"title":"Politique de confidentialit\u00e9","description":"Plongez dans notre politique de confidentialit\u00e9 : comprenez comment nous traitons vos donn\u00e9es avec le plus grand soin, en garantissant la transparence et en prot\u00e9geant votre vie priv\u00e9e \u00e0 chaque \u00e9tape.","robots":{"index":"index","follow":"follow","max-snippet":"max-snippet:-1","max-image-preview":"max-image-preview:large","max-video-preview":"max-video-preview:-1"},"canonical":"https:\/\/bwi.earth\/fr\/politique_de_confidentialite\/","og_locale":"fr_FR","og_type":"article","og_title":"Politique de confidentialit\u00e9","og_description":"Plongez dans notre politique de confidentialit\u00e9 : comprenez comment nous traitons vos donn\u00e9es avec le plus grand soin, en garantissant la transparence et en prot\u00e9geant votre vie priv\u00e9e \u00e0 chaque \u00e9tape.","og_url":"https:\/\/bwi.earth\/fr\/politique_de_confidentialite\/","og_site_name":"Blue Water Intelligence (BWI)","article_modified_time":"2025-06-09T14:11:13+00:00","og_image":[{"width":1280,"height":853,"url":"https:\/\/bwi.earth\/wp-content\/uploads\/2024\/04\/security-5199236_1280.jpg","type":"image\/jpeg"}],"twitter_card":"summary_large_image","twitter_misc":{"Dur\u00e9e de lecture estim\u00e9e":"3 minutes"},"schema":{"@context":"https:\/\/schema.org","@graph":[{"@type":"WebPage","@id":"https:\/\/bwi.earth\/fr\/politique_de_confidentialite\/","url":"https:\/\/bwi.earth\/fr\/politique_de_confidentialite\/","name":"Politique de confidentialit\u00e9","isPartOf":{"@id":"https:\/\/bwi.earth\/fr\/#website"},"primaryImageOfPage":{"@id":"https:\/\/bwi.earth\/fr\/politique_de_confidentialite\/#primaryimage"},"image":{"@id":"https:\/\/bwi.earth\/fr\/politique_de_confidentialite\/#primaryimage"},"thumbnailUrl":"https:\/\/bwi.earth\/wp-content\/uploads\/2024\/04\/security-5199236_1280.jpg","datePublished":"2022-07-26T07:34:22+00:00","dateModified":"2025-06-09T14:11:13+00:00","description":"Plongez dans notre politique de confidentialit\u00e9 : comprenez comment nous traitons vos donn\u00e9es avec le plus grand soin, en garantissant la transparence et en prot\u00e9geant votre vie priv\u00e9e \u00e0 chaque \u00e9tape.","breadcrumb":{"@id":"https:\/\/bwi.earth\/fr\/politique_de_confidentialite\/#breadcrumb"},"inLanguage":"fr-FR","potentialAction":[{"@type":"ReadAction","target":["https:\/\/bwi.earth\/fr\/politique_de_confidentialite\/"]}]},{"@type":"ImageObject","inLanguage":"fr-FR","@id":"https:\/\/bwi.earth\/fr\/politique_de_confidentialite\/#primaryimage","url":"https:\/\/bwi.earth\/wp-content\/uploads\/2024\/04\/security-5199236_1280.jpg","contentUrl":"https:\/\/bwi.earth\/wp-content\/uploads\/2024\/04\/security-5199236_1280.jpg","width":1280,"height":853},{"@type":"BreadcrumbList","@id":"https:\/\/bwi.earth\/fr\/politique_de_confidentialite\/#breadcrumb","itemListElement":[{"@type":"ListItem","position":1,"name":"Home","item":"https:\/\/bwi.earth\/fr\/"},{"@type":"ListItem","position":2,"name":"Politique de confidentialit\u00e9"}]},{"@type":"WebSite","@id":"https:\/\/bwi.earth\/fr\/#website","url":"https:\/\/bwi.earth\/fr\/","name":"Blue Water Intelligence (BWI)","description":"The River Basin Digitization Company","publisher":{"@id":"https:\/\/bwi.earth\/fr\/#organization"},"potentialAction":[{"@type":"SearchAction","target":{"@type":"EntryPoint","urlTemplate":"https:\/\/bwi.earth\/fr\/?s={search_term_string}"},"query-input":{"@type":"PropertyValueSpecification","valueRequired":true,"valueName":"search_term_string"}}],"inLanguage":"fr-FR"},{"@type":"Organization","@id":"https:\/\/bwi.earth\/fr\/#organization","name":"Blue Water Intelligence (BWI)","url":"https:\/\/bwi.earth\/fr\/","logo":{"@type":"ImageObject","inLanguage":"fr-FR","@id":"https:\/\/bwi.earth\/fr\/#\/schema\/logo\/image\/","url":"https:\/\/bwi.earth\/wp-content\/uploads\/2023\/03\/cropped-logo_couleur_bwi.png","contentUrl":"https:\/\/bwi.earth\/wp-content\/uploads\/2023\/03\/cropped-logo_couleur_bwi.png","width":4190,"height":1970,"caption":"Blue Water Intelligence (BWI)"},"image":{"@id":"https:\/\/bwi.earth\/fr\/#\/schema\/logo\/image\/"}}]}},"_links":{"self":[{"href":"https:\/\/bwi.earth\/fr\/wp-json\/wp\/v2\/pages\/12859","targetHints":{"allow":["GET"]}}],"collection":[{"href":"https:\/\/bwi.earth\/fr\/wp-json\/wp\/v2\/pages"}],"about":[{"href":"https:\/\/bwi.earth\/fr\/wp-json\/wp\/v2\/types\/page"}],"author":[{"embeddable":true,"href":"https:\/\/bwi.earth\/fr\/wp-json\/wp\/v2\/users\/5"}],"replies":[{"embeddable":true,"href":"https:\/\/bwi.earth\/fr\/wp-json\/wp\/v2\/comments?post=12859"}],"version-history":[{"count":1,"href":"https:\/\/bwi.earth\/fr\/wp-json\/wp\/v2\/pages\/12859\/revisions"}],"predecessor-version":[{"id":13062,"href":"https:\/\/bwi.earth\/fr\/wp-json\/wp\/v2\/pages\/12859\/revisions\/13062"}],"wp:featuredmedia":[{"embeddable":true,"href":"https:\/\/bwi.earth\/fr\/wp-json\/wp\/v2\/media\/7488"}],"wp:attachment":[{"href":"https:\/\/bwi.earth\/fr\/wp-json\/wp\/v2\/media?parent=12859"}],"curies":[{"name":"wp","href":"https:\/\/api.w.org\/{rel}","templated":true}]}}