{"id":12863,"date":"2023-05-19T16:25:55","date_gmt":"2023-05-19T14:25:55","guid":{"rendered":"https:\/\/bwi.earth\/csr-policy\/"},"modified":"2025-12-04T11:20:01","modified_gmt":"2025-12-04T10:20:01","slug":"politique_rse","status":"publish","type":"page","link":"https:\/\/bwi.earth\/fr\/politique_rse\/","title":{"rendered":"Politique RSE"},"content":{"rendered":"<section class=\"hero-simple\">\n    <div class=\"wrap\">\n                    <h1 class=\"block-title title-h1\">Politique RSE de BWI<\/h1>\n        \n            <\/div>\n<\/section>\n\n    <section class=\"gut-content\">\n        <div class=\"wrap\">\n            <p style=\"font-weight: 400;\"><strong>Politique de responsabilit\u00e9 sociale des entreprises (RSE) de Blue Water Intelligence (BWI)<\/strong><\/p>\n<p>I. <strong>Introduction<\/strong><\/p>\n<p>Blue Water Intelligence (<a href=\"https:\/\/bwi.earth\">BWI<\/a>) a pour vocation de cr\u00e9er un avenir durable en capitalisant sur l\u2019\u00e9tat de l\u2019art en mati\u00e8re d&rsquo;hydrologie, et en s\u2019appuyant sur les technologies de pointe pour optimiser la production d&rsquo;\u00e9nergie hydro\u00e9lectrique, pour permettre la pr\u00e9vision des inondations et des s\u00e9cheresses, pour fournir des donn\u00e9es sur les cours d&rsquo;eau en temps-r\u00e9el et pour am\u00e9liorer notre compr\u00e9hension globale des syst\u00e8mes hydrologiques, y compris la disponibilit\u00e9 de l&rsquo;eau. Ces activit\u00e9s sont r\u00e9alis\u00e9es par l&rsquo;interm\u00e9diaire de nos stations virtuelles. Notre politique de responsabilit\u00e9 sociale des entreprises (RSE) r\u00e9sume notre engagement \u00e0 mener des activit\u00e9s \u00e9thiques, responsables et durables qui profitent \u00e0 nos parties prenantes et \u00e0 la communaut\u00e9 au sens large.<\/p>\n<p>II. <strong>Souci de l&rsquo;environnement<\/strong><\/p>\n<p>En tant qu&rsquo;entreprise soucieuse de l&rsquo;environnement, nous nous engageons r\u00e9solument \u00e0 minimiser notre empreinte \u00e9cologique. Cela signifie que :<\/p>\n<ol>\n<li>Le d\u00e9veloppement et le perfectionnement continus de technologies respectueuses de l&rsquo;environnement.<\/li>\n<li>Un travail actif pour r\u00e9duire l&rsquo;impact de nos activit\u00e9s sur l&rsquo;environnement.<\/li>\n<li><span style=\"font-weight: 400;\">Am\u00e9lioration constante de notre compr\u00e9hension des cons\u00e9quences environnementales de nos activit\u00e9s et efforts pour minimiser les dommages potentiels.<\/span><\/li>\n<\/ol>\n<p>III. <strong>D\u00e9veloppement num\u00e9rique durable<\/strong><\/p>\n<p style=\"font-weight: 400;\">Conscients de l&rsquo;impact environnemental de la technologie num\u00e9rique, nous prenons au s\u00e9rieux la responsabilit\u00e9 de notre empreinte carbone num\u00e9rique. Nous veillons \u00e0 ce que :<\/p>\n<ol>\n<li style=\"font-weight: 400;\">Notre site web soit con\u00e7u pour \u00eatre respectueux de l&rsquo;environnement, en utilisant un minimum de plugins, des feuilles de style CSS r\u00e9duites et des images compress\u00e9es pour r\u00e9duire la consommation d&rsquo;\u00e9nergie.<\/li>\n<li style=\"font-weight: 400;\">Soient minimiser la consommation d&rsquo;\u00e9nergie sous tous ses aspects de notre infrastructure num\u00e9rique, depuis les serveurs jusqu\u2019aux \u00e9quipements bureautiques.<\/li>\n<li style=\"font-weight: 400;\">Nous encourageons la durabilit\u00e9 num\u00e9rique tant en interne qu&rsquo;aupr\u00e8s de nos clients et partenaires.<\/li>\n<\/ol>\n<p>IV. <strong>Innovation et technologie<\/strong><\/p>\n<p style=\"font-weight: 400;\">Dans notre qu\u00eate de solutions innovantes en mati\u00e8re de gestion de l&rsquo;eau, nous nous engageons \u00e0 :<\/p>\n<ol>\n<li style=\"font-weight: 400;\">Utiliser la meilleure technologie disponible pour la collecte et l&rsquo;analyse des donn\u00e9es afin de fournir des pr\u00e9visions pr\u00e9cises.<\/li>\n<li style=\"font-weight: 400;\">Investir dans le d\u00e9veloppement de technologies qui r\u00e9duisent l&rsquo;impact sur l&rsquo;environnement et qui am\u00e9liorent la durabilit\u00e9, comme par exemple notre constellation de satellites \u00e9quip\u00e9s de mini altim\u00e8tres.<\/li>\n<li style=\"font-weight: 400;\">Maintenir la transparence sur notre technologie et sur ses impacts, en favorisant un climat de confiance et de responsabilit\u00e9.<\/li>\n<\/ol>\n<p>V. <strong>Engagement communautaire<\/strong><\/p>\n<p style=\"font-weight: 400;\">Nous souhaitons avoir un impact positif sur les communaut\u00e9s que nous servons :<\/p>\n<ol>\n<li style=\"font-weight: 400;\">en utilisant notre expertise pour sensibiliser le public \u00e0 l&rsquo;importance de la gestion de l&rsquo;eau et aux implications du changement climatique<\/li>\n<li style=\"font-weight: 400;\">en coop\u00e9rant avec des organisations locales, r\u00e9gionales et internationales pour relever les d\u00e9fis li\u00e9s \u00e0 l&rsquo;eau<\/li>\n<li style=\"font-weight: 400;\">en plaidant en faveur d&rsquo;activit\u00e9s et d&rsquo;initiatives qui soutiennent la conservation de l&rsquo;eau et le d\u00e9veloppement durable.<\/li>\n<\/ol>\n<p>VI. <strong>Pratiques commerciales \u00e9thiques<\/strong><\/p>\n<p>Nous nous effor\u00e7ons d&rsquo;appliquer les normes les plus rigoureuses en mati\u00e8re de conduite \u00e9thique dans toutes nos activit\u00e9s commerciales :<\/p>\n<ol>\n<li style=\"font-weight: 400;\">Nous privil\u00e9gions la transparence et l&rsquo;ouverture dans nos relations avec toutes les parties prenantes.<\/li>\n<li style=\"font-weight: 400;\">Nous respectons les droits de tous les individus et les principes d&rsquo;\u00e9quit\u00e9 et de justice.<\/li>\n<li style=\"font-weight: 400;\">Nous nous conformons \u00e0 toutes les lois et r\u00e9glementations applicables et nous nous tenons responsables de nos actions.<\/li>\n<\/ol>\n<p>VII. <strong>Le milieu de travail<\/strong><\/p>\n<p style=\"font-weight: 400;\">Dans notre qu\u00eate d&rsquo;un environnement de travail diversifi\u00e9 et inclusif, nous nous engageons \u00e0 :<\/p>\n<ol>\n<li style=\"font-weight: 400;\">Traiter tous les salari\u00e9s de mani\u00e8re \u00e9quitable, sans aucune forme de discrimination.<\/li>\n<li style=\"font-weight: 400;\">Soutenir le d\u00e9veloppement et l&rsquo;\u00e9panouissement professionnel de nos salari\u00e9s.<\/li>\n<li style=\"font-weight: 400;\">Donner la priorit\u00e9 \u00e0 la sant\u00e9 et \u00e0 la s\u00e9curit\u00e9 de nos salari\u00e9s dans tous les contextes de travail.<\/li>\n<\/ol>\n<p>VIII. <strong>R\u00e9vision de la politique<\/strong><\/p>\n<p style=\"font-weight: 400;\">La pr\u00e9sente politique fera l&rsquo;objet d&rsquo;un r\u00e9examen r\u00e9gulier afin de garantir son ad\u00e9quation avec l&rsquo;\u00e9volution de nos objectifs, de nos activit\u00e9s op\u00e9rationnelles et des attentes des parties prenantes. Nous \u00e9valuerons et rendrons compte en permanence de l&rsquo;efficacit\u00e9 de nos initiatives en mati\u00e8re de RSE afin de maintenir la transparence et la responsabilit\u00e9.<\/p>\n<p><span style=\"font-weight: 400;\">Par le biais de cette politique de RSE, nous exprimons notre engagement en faveur d&rsquo;un avenir plus durable. Chez BWI, nous comprenons qu&rsquo;une approche responsable des affaires est b\u00e9n\u00e9fique pour tout le monde, de nos parties prenantes \u00e0 notre plan\u00e8te.<\/span><\/p>\n<p>IX. <strong>Adh\u00e9sion<\/strong><\/p>\n<p><span style=\"font-weight: 400;\">Nous sommes fiers de d\u00e9montrer notre engagement pour un avenir plus durable gr\u00e2ce \u00e0 l&rsquo;adh\u00e9sion de BWI \u00e0 la <strong>communaut\u00e9 <a href=\"https:\/\/www.bpifrance.fr\/communaute-du-coq-vert\" target=\"_blank\" rel=\"noopener\">Le Coq Vert<\/a><\/strong>. BWI est \u00e9galement <strong>signataire de la charte <a href=\"https:\/\/planet-techcare.green\/2024\/08\/05\/bwi\/\" target=\"_blank\" rel=\"noopener\">Planet Tech&rsquo;Care<\/a><\/strong>.<\/span><\/p>\n<p>&nbsp;<\/p>\n        <\/div>\n    <\/section>\n\n\n    <section class=\"partners\">\n        <div class=\"wrap\">\n            \n            <div class=\"swiper\">\n                <div class=\"swiper-wrapper count-2\">\n                                            <div class=\"swiper-slide\">\n                                                            <a href=\"https:\/\/www.bpifrance.fr\/communaute-du-coq-vert\" target=\"_blank\" class=\"logo\">\n                            \n                            <img loading=\"lazy\" decoding=\"async\" width=\"300\" height=\"300\" src=\"https:\/\/bwi.earth\/wp-content\/uploads\/2024\/07\/coq-vert_gris-300x300.png\" class=\"attachment-medium size-medium\" alt=\"\" srcset=\"https:\/\/bwi.earth\/wp-content\/uploads\/2024\/07\/coq-vert_gris-300x300.png 300w, https:\/\/bwi.earth\/wp-content\/uploads\/2024\/07\/coq-vert_gris-1024x1024.png 1024w, https:\/\/bwi.earth\/wp-content\/uploads\/2024\/07\/coq-vert_gris-150x150.png 150w, https:\/\/bwi.earth\/wp-content\/uploads\/2024\/07\/coq-vert_gris-768x768.png 768w, https:\/\/bwi.earth\/wp-content\/uploads\/2024\/07\/coq-vert_gris-1080x1080.png 1080w, https:\/\/bwi.earth\/wp-content\/uploads\/2024\/07\/coq-vert_gris.png 1200w\" sizes=\"auto, (max-width: 300px) 100vw, 300px\" \/>                            \n                                                            <\/a>\n                                                    <\/div>\n                                            <div class=\"swiper-slide\">\n                                                            <a href=\"https:\/\/planet-techcare.green\/2024\/08\/05\/bwi\/\" target=\"_blank\" class=\"logo\">\n                            \n                            <img loading=\"lazy\" decoding=\"async\" width=\"300\" height=\"142\" src=\"https:\/\/bwi.earth\/wp-content\/uploads\/2024\/07\/logo-PTC_logo-PTC-couleurs-300x142.png\" class=\"attachment-medium size-medium\" alt=\"\" srcset=\"https:\/\/bwi.earth\/wp-content\/uploads\/2024\/07\/logo-PTC_logo-PTC-couleurs-300x142.png 300w, https:\/\/bwi.earth\/wp-content\/uploads\/2024\/07\/logo-PTC_logo-PTC-couleurs-1024x485.png 1024w, https:\/\/bwi.earth\/wp-content\/uploads\/2024\/07\/logo-PTC_logo-PTC-couleurs-768x364.png 768w, https:\/\/bwi.earth\/wp-content\/uploads\/2024\/07\/logo-PTC_logo-PTC-couleurs-1536x727.png 1536w, https:\/\/bwi.earth\/wp-content\/uploads\/2024\/07\/logo-PTC_logo-PTC-couleurs-2048x970.png 2048w, https:\/\/bwi.earth\/wp-content\/uploads\/2024\/07\/logo-PTC_logo-PTC-couleurs-1920x909.png 1920w\" sizes=\"auto, (max-width: 300px) 100vw, 300px\" \/>                            \n                                                            <\/a>\n                                                    <\/div>\n                                    <\/div>\n            <\/div>\n\n            <div class=\"partners__navigation\">\n                <button class=\"partners__navigation--prev\"><span class=\"icon-chevron-right\"><\/span><span class=\"label\">Previous<\/span><\/button>\n\n                <div class=\"partners__pagination\"><\/div>\n                \n                <button class=\"partners__navigation--next\"><span class=\"label\">Next<\/span> <span class=\"icon-chevron-right\"><\/span><\/button>\n            <\/div>\n        <\/div>\n    <\/section>\n","protected":false},"excerpt":{"rendered":"","protected":false},"author":5,"featured_media":7238,"parent":0,"menu_order":0,"comment_status":"closed","ping_status":"closed","template":"","meta":{"content-type":"","ngg_post_thumbnail":0,"footnotes":""},"class_list":["post-12863","page","type-page","status-publish","has-post-thumbnail","hentry"],"acf":[],"yoast_head":"<!-- This site is optimized with the Yoast SEO plugin v26.2 - https:\/\/yoast.com\/wordpress\/plugins\/seo\/ -->\n<title>Politique RSE<\/title>\n<meta name=\"description\" content=\"Notre politique RSE r\u00e9sume notre engagement envers des op\u00e9rations \u00e9thiques, responsables et durables qui profitent \u00e0 nos parties prenantes et \u00e0 la communaut\u00e9 au sens large.\" \/>\n<meta name=\"robots\" content=\"index, follow, max-snippet:-1, max-image-preview:large, max-video-preview:-1\" \/>\n<link rel=\"canonical\" href=\"https:\/\/bwi.earth\/fr\/politique_rse\/\" \/>\n<meta property=\"og:locale\" content=\"fr_FR\" \/>\n<meta property=\"og:type\" content=\"article\" \/>\n<meta property=\"og:title\" content=\"Politique RSE\" \/>\n<meta property=\"og:description\" content=\"Notre politique RSE r\u00e9sume notre engagement envers des op\u00e9rations \u00e9thiques, responsables et durables qui profitent \u00e0 nos parties prenantes et \u00e0 la communaut\u00e9 au sens large.\" \/>\n<meta property=\"og:url\" content=\"https:\/\/bwi.earth\/fr\/politique_rse\/\" \/>\n<meta property=\"og:site_name\" content=\"Blue Water Intelligence (BWI)\" \/>\n<meta property=\"article:modified_time\" content=\"2025-12-04T10:20:01+00:00\" \/>\n<meta property=\"og:image\" content=\"https:\/\/bwi.earth\/wp-content\/uploads\/2023\/03\/hydro_plant-849x1024.png\" \/>\n\t<meta property=\"og:image:width\" content=\"849\" \/>\n\t<meta property=\"og:image:height\" content=\"1024\" \/>\n\t<meta property=\"og:image:type\" content=\"image\/png\" \/>\n<meta name=\"twitter:card\" content=\"summary_large_image\" \/>\n<meta name=\"twitter:label1\" content=\"Dur\u00e9e de lecture estim\u00e9e\" \/>\n\t<meta name=\"twitter:data1\" content=\"4 minutes\" \/>\n<script type=\"application\/ld+json\" class=\"yoast-schema-graph\">{\"@context\":\"https:\/\/schema.org\",\"@graph\":[{\"@type\":\"WebPage\",\"@id\":\"https:\/\/bwi.earth\/fr\/politique_rse\/\",\"url\":\"https:\/\/bwi.earth\/fr\/politique_rse\/\",\"name\":\"Politique RSE\",\"isPartOf\":{\"@id\":\"https:\/\/bwi.earth\/fr\/#website\"},\"primaryImageOfPage\":{\"@id\":\"https:\/\/bwi.earth\/fr\/politique_rse\/#primaryimage\"},\"image\":{\"@id\":\"https:\/\/bwi.earth\/fr\/politique_rse\/#primaryimage\"},\"thumbnailUrl\":\"https:\/\/bwi.earth\/wp-content\/uploads\/2023\/03\/hydro_plant.png\",\"datePublished\":\"2023-05-19T14:25:55+00:00\",\"dateModified\":\"2025-12-04T10:20:01+00:00\",\"description\":\"Notre politique RSE r\u00e9sume notre engagement envers des op\u00e9rations \u00e9thiques, responsables et durables qui profitent \u00e0 nos parties prenantes et \u00e0 la communaut\u00e9 au sens large.\",\"breadcrumb\":{\"@id\":\"https:\/\/bwi.earth\/fr\/politique_rse\/#breadcrumb\"},\"inLanguage\":\"fr-FR\",\"potentialAction\":[{\"@type\":\"ReadAction\",\"target\":[\"https:\/\/bwi.earth\/fr\/politique_rse\/\"]}]},{\"@type\":\"ImageObject\",\"inLanguage\":\"fr-FR\",\"@id\":\"https:\/\/bwi.earth\/fr\/politique_rse\/#primaryimage\",\"url\":\"https:\/\/bwi.earth\/wp-content\/uploads\/2023\/03\/hydro_plant.png\",\"contentUrl\":\"https:\/\/bwi.earth\/wp-content\/uploads\/2023\/03\/hydro_plant.png\",\"width\":1926,\"height\":2324},{\"@type\":\"BreadcrumbList\",\"@id\":\"https:\/\/bwi.earth\/fr\/politique_rse\/#breadcrumb\",\"itemListElement\":[{\"@type\":\"ListItem\",\"position\":1,\"name\":\"Home\",\"item\":\"https:\/\/bwi.earth\/fr\/\"},{\"@type\":\"ListItem\",\"position\":2,\"name\":\"Politique RSE\"}]},{\"@type\":\"WebSite\",\"@id\":\"https:\/\/bwi.earth\/fr\/#website\",\"url\":\"https:\/\/bwi.earth\/fr\/\",\"name\":\"Blue Water Intelligence (BWI)\",\"description\":\"The River Basin Digitization Company\",\"publisher\":{\"@id\":\"https:\/\/bwi.earth\/fr\/#organization\"},\"potentialAction\":[{\"@type\":\"SearchAction\",\"target\":{\"@type\":\"EntryPoint\",\"urlTemplate\":\"https:\/\/bwi.earth\/fr\/?s={search_term_string}\"},\"query-input\":{\"@type\":\"PropertyValueSpecification\",\"valueRequired\":true,\"valueName\":\"search_term_string\"}}],\"inLanguage\":\"fr-FR\"},{\"@type\":\"Organization\",\"@id\":\"https:\/\/bwi.earth\/fr\/#organization\",\"name\":\"Blue Water Intelligence (BWI)\",\"url\":\"https:\/\/bwi.earth\/fr\/\",\"logo\":{\"@type\":\"ImageObject\",\"inLanguage\":\"fr-FR\",\"@id\":\"https:\/\/bwi.earth\/fr\/#\/schema\/logo\/image\/\",\"url\":\"https:\/\/bwi.earth\/wp-content\/uploads\/2023\/03\/cropped-logo_couleur_bwi.png\",\"contentUrl\":\"https:\/\/bwi.earth\/wp-content\/uploads\/2023\/03\/cropped-logo_couleur_bwi.png\",\"width\":4190,\"height\":1970,\"caption\":\"Blue Water Intelligence (BWI)\"},\"image\":{\"@id\":\"https:\/\/bwi.earth\/fr\/#\/schema\/logo\/image\/\"}}]}<\/script>\n<!-- \/ Yoast SEO plugin. -->","yoast_head_json":{"title":"Politique RSE","description":"Notre politique RSE r\u00e9sume notre engagement envers des op\u00e9rations \u00e9thiques, responsables et durables qui profitent \u00e0 nos parties prenantes et \u00e0 la communaut\u00e9 au sens large.","robots":{"index":"index","follow":"follow","max-snippet":"max-snippet:-1","max-image-preview":"max-image-preview:large","max-video-preview":"max-video-preview:-1"},"canonical":"https:\/\/bwi.earth\/fr\/politique_rse\/","og_locale":"fr_FR","og_type":"article","og_title":"Politique RSE","og_description":"Notre politique RSE r\u00e9sume notre engagement envers des op\u00e9rations \u00e9thiques, responsables et durables qui profitent \u00e0 nos parties prenantes et \u00e0 la communaut\u00e9 au sens large.","og_url":"https:\/\/bwi.earth\/fr\/politique_rse\/","og_site_name":"Blue Water Intelligence (BWI)","article_modified_time":"2025-12-04T10:20:01+00:00","og_image":[{"width":849,"height":1024,"url":"https:\/\/bwi.earth\/wp-content\/uploads\/2023\/03\/hydro_plant-849x1024.png","type":"image\/png"}],"twitter_card":"summary_large_image","twitter_misc":{"Dur\u00e9e de lecture estim\u00e9e":"4 minutes"},"schema":{"@context":"https:\/\/schema.org","@graph":[{"@type":"WebPage","@id":"https:\/\/bwi.earth\/fr\/politique_rse\/","url":"https:\/\/bwi.earth\/fr\/politique_rse\/","name":"Politique RSE","isPartOf":{"@id":"https:\/\/bwi.earth\/fr\/#website"},"primaryImageOfPage":{"@id":"https:\/\/bwi.earth\/fr\/politique_rse\/#primaryimage"},"image":{"@id":"https:\/\/bwi.earth\/fr\/politique_rse\/#primaryimage"},"thumbnailUrl":"https:\/\/bwi.earth\/wp-content\/uploads\/2023\/03\/hydro_plant.png","datePublished":"2023-05-19T14:25:55+00:00","dateModified":"2025-12-04T10:20:01+00:00","description":"Notre politique RSE r\u00e9sume notre engagement envers des op\u00e9rations \u00e9thiques, responsables et durables qui profitent \u00e0 nos parties prenantes et \u00e0 la communaut\u00e9 au sens large.","breadcrumb":{"@id":"https:\/\/bwi.earth\/fr\/politique_rse\/#breadcrumb"},"inLanguage":"fr-FR","potentialAction":[{"@type":"ReadAction","target":["https:\/\/bwi.earth\/fr\/politique_rse\/"]}]},{"@type":"ImageObject","inLanguage":"fr-FR","@id":"https:\/\/bwi.earth\/fr\/politique_rse\/#primaryimage","url":"https:\/\/bwi.earth\/wp-content\/uploads\/2023\/03\/hydro_plant.png","contentUrl":"https:\/\/bwi.earth\/wp-content\/uploads\/2023\/03\/hydro_plant.png","width":1926,"height":2324},{"@type":"BreadcrumbList","@id":"https:\/\/bwi.earth\/fr\/politique_rse\/#breadcrumb","itemListElement":[{"@type":"ListItem","position":1,"name":"Home","item":"https:\/\/bwi.earth\/fr\/"},{"@type":"ListItem","position":2,"name":"Politique RSE"}]},{"@type":"WebSite","@id":"https:\/\/bwi.earth\/fr\/#website","url":"https:\/\/bwi.earth\/fr\/","name":"Blue Water Intelligence (BWI)","description":"The River Basin Digitization Company","publisher":{"@id":"https:\/\/bwi.earth\/fr\/#organization"},"potentialAction":[{"@type":"SearchAction","target":{"@type":"EntryPoint","urlTemplate":"https:\/\/bwi.earth\/fr\/?s={search_term_string}"},"query-input":{"@type":"PropertyValueSpecification","valueRequired":true,"valueName":"search_term_string"}}],"inLanguage":"fr-FR"},{"@type":"Organization","@id":"https:\/\/bwi.earth\/fr\/#organization","name":"Blue Water Intelligence (BWI)","url":"https:\/\/bwi.earth\/fr\/","logo":{"@type":"ImageObject","inLanguage":"fr-FR","@id":"https:\/\/bwi.earth\/fr\/#\/schema\/logo\/image\/","url":"https:\/\/bwi.earth\/wp-content\/uploads\/2023\/03\/cropped-logo_couleur_bwi.png","contentUrl":"https:\/\/bwi.earth\/wp-content\/uploads\/2023\/03\/cropped-logo_couleur_bwi.png","width":4190,"height":1970,"caption":"Blue Water Intelligence (BWI)"},"image":{"@id":"https:\/\/bwi.earth\/fr\/#\/schema\/logo\/image\/"}}]}},"_links":{"self":[{"href":"https:\/\/bwi.earth\/fr\/wp-json\/wp\/v2\/pages\/12863","targetHints":{"allow":["GET"]}}],"collection":[{"href":"https:\/\/bwi.earth\/fr\/wp-json\/wp\/v2\/pages"}],"about":[{"href":"https:\/\/bwi.earth\/fr\/wp-json\/wp\/v2\/types\/page"}],"author":[{"embeddable":true,"href":"https:\/\/bwi.earth\/fr\/wp-json\/wp\/v2\/users\/5"}],"replies":[{"embeddable":true,"href":"https:\/\/bwi.earth\/fr\/wp-json\/wp\/v2\/comments?post=12863"}],"version-history":[{"count":9,"href":"https:\/\/bwi.earth\/fr\/wp-json\/wp\/v2\/pages\/12863\/revisions"}],"predecessor-version":[{"id":17789,"href":"https:\/\/bwi.earth\/fr\/wp-json\/wp\/v2\/pages\/12863\/revisions\/17789"}],"wp:featuredmedia":[{"embeddable":true,"href":"https:\/\/bwi.earth\/fr\/wp-json\/wp\/v2\/media\/7238"}],"wp:attachment":[{"href":"https:\/\/bwi.earth\/fr\/wp-json\/wp\/v2\/media?parent=12863"}],"curies":[{"name":"wp","href":"https:\/\/api.w.org\/{rel}","templated":true}]}}