{"id":12869,"date":"2023-05-20T15:07:53","date_gmt":"2023-05-20T13:07:53","guid":{"rendered":"https:\/\/bwi.earth\/software-ecodesign-policy\/"},"modified":"2026-03-19T15:50:51","modified_gmt":"2026-03-19T14:50:51","slug":"politique_decoconception","status":"publish","type":"page","link":"https:\/\/bwi.earth\/fr\/politique_decoconception\/","title":{"rendered":"Politique d&rsquo;\u00e9coconception"},"content":{"rendered":"<section class=\"hero-simple\">\n    <div class=\"wrap\">\n                    <h1 class=\"block-title title-h1\">Politique d&rsquo;\u00e9coconception de BWI<\/h1>\n        \n            <\/div>\n<\/section>\n\n    <section class=\"gut-content\">\n        <div class=\"wrap\">\n            <div class=\"x_x_elementToProof\">Les services de <a href=\"https:\/\/bwi.earth\">BWI<\/a> appartiennent au domaine de la mod\u00e9lisation scientifique et, en tant que tels, peuvent \u00eatre co\u00fbteux en termes de calcul.<\/div>\n<div>\n<p style=\"font-weight: 400;\">Fid\u00e8le \u00e0 sa mission, BWI reconna\u00eet cet \u00e9tat de fait et s&rsquo;efforce d&rsquo;optimiser l&rsquo;impact de ses services en minimisant la consommation d&rsquo;\u00e9nergie et l&rsquo;impact sur l&rsquo;environnement.<\/p>\n<p style=\"font-weight: 400;\">BWI y parvient en appliquant les meilleures pratiques en mati\u00e8re d&rsquo;\u00e9coconception dans le domaine de l&rsquo;ing\u00e9nierie logicielle :<\/p>\n<ol>\n<li style=\"font-weight: 400;\">Utilisation de biblioth\u00e8ques \u00e9crites dans des langages compil\u00e9s pour toutes les t\u00e2ches lourdes en termes de calcul.<\/li>\n<li style=\"font-weight: 400;\">L&rsquo;optimisation algorithmique est assur\u00e9e par un processus strict d&rsquo;\u00e9valuation par les pairs et par une utilisation intensive de la m\u00e9moire cache (le stockage consommant beaucoup moins d&rsquo;\u00e9nergie que le calcul).<\/li>\n<li style=\"font-weight: 400;\">L&rsquo;\u00e9quipe de d\u00e9veloppement logiciel et les logiciels produits par cette derni\u00e8re adh\u00e8rent \u00e0 la philosophie de conception des logiciels UNIX, ce qui signifie un code simple, compact et modulaire qui s&rsquo;appuie sur des interfaces textuelles et favorise la modularit\u00e9 plut\u00f4t que la conception monolithique.<\/li>\n<li style=\"font-weight: 400;\">S\u00e9lection minutieuse des fournisseurs de services : 100 % de l&rsquo;\u00e9lectricit\u00e9 utilis\u00e9e par notre fournisseur d&rsquo;infrastructures informatiques (<span class=\"x_x_ContentPasted0\"><a href=\"https:\/\/www.scaleway.com\/en\/\">Scaleway<\/a><\/span>) provient de centrales hydro\u00e9lectriques et de parcs solaires et \u00e9oliens.<\/li>\n<li style=\"font-weight: 400;\">Par n\u00e9cessit\u00e9 (BWI est une startup aux ressources limit\u00e9es) et par croyance, nous nous effor\u00e7ons de minimiser le processus et le service : chaque fonctionnalit\u00e9 de notre logiciel doit \u00eatre justifi\u00e9e par le besoin clair et ind\u00e9niable de l&rsquo;utilisateur ; le code g\u00e9n\u00e8re des co\u00fbts tout au long de sa dur\u00e9e de vie, pour citer Jeff Atwood : \u00ab<em> le meilleur code est de ne pas avoir de code du tout<\/em> \u00bb.<\/li>\n<\/ol>\n<p style=\"font-weight: 400;\">En r\u00e9sum\u00e9, BWI fait de son mieux pour \u00e9co-concevoir les algorithmes et les outils (par exemple, optimisation du code, configuration sobre, architecture modulaire et frugale, simplification des interfaces homme-machine des IHM) et s&rsquo;assure constamment que les pratiques d&rsquo;\u00e9co-conception des logiciels sont bien adopt\u00e9es par ses ing\u00e9nieurs en d\u00e9veloppement logiciel.<\/p>\n<\/div>\n        <\/div>\n    <\/section>\n","protected":false},"excerpt":{"rendered":"","protected":false},"author":5,"featured_media":7224,"parent":0,"menu_order":0,"comment_status":"closed","ping_status":"closed","template":"","meta":{"content-type":"","ngg_post_thumbnail":0,"footnotes":""},"class_list":["post-12869","page","type-page","status-publish","has-post-thumbnail","hentry"],"acf":[],"yoast_head":"<!-- This site is optimized with the Yoast SEO plugin v26.2 - https:\/\/yoast.com\/wordpress\/plugins\/seo\/ -->\n<title>Politique d&#039;\u00e9coconception<\/title>\n<meta name=\"description\" content=\"On this page, you&#039;ll find BWI&#039;s software design, development and maintenance ecodesign policy and practices.\" \/>\n<meta name=\"robots\" content=\"index, follow, max-snippet:-1, max-image-preview:large, max-video-preview:-1\" \/>\n<link rel=\"canonical\" href=\"https:\/\/bwi.earth\/fr\/politique_decoconception\/\" \/>\n<meta property=\"og:locale\" content=\"fr_FR\" \/>\n<meta property=\"og:type\" content=\"article\" \/>\n<meta property=\"og:title\" content=\"Politique d&#039;\u00e9coconception\" \/>\n<meta property=\"og:description\" content=\"On this page, you&#039;ll find BWI&#039;s software design, development and maintenance ecodesign policy and practices.\" \/>\n<meta property=\"og:url\" content=\"https:\/\/bwi.earth\/fr\/politique_decoconception\/\" \/>\n<meta property=\"og:site_name\" content=\"Blue Water Intelligence (BWI)\" \/>\n<meta property=\"article:modified_time\" content=\"2026-03-19T14:50:51+00:00\" \/>\n<meta property=\"og:image\" content=\"https:\/\/bwi.earth\/wp-content\/uploads\/2023\/03\/petit-etang.png\" \/>\n\t<meta property=\"og:image:width\" content=\"1332\" \/>\n\t<meta property=\"og:image:height\" content=\"1101\" \/>\n\t<meta property=\"og:image:type\" content=\"image\/png\" \/>\n<meta name=\"twitter:card\" content=\"summary_large_image\" \/>\n<meta name=\"twitter:label1\" content=\"Dur\u00e9e de lecture estim\u00e9e\" \/>\n\t<meta name=\"twitter:data1\" content=\"2 minutes\" \/>\n<script type=\"application\/ld+json\" class=\"yoast-schema-graph\">{\"@context\":\"https:\/\/schema.org\",\"@graph\":[{\"@type\":\"WebPage\",\"@id\":\"https:\/\/bwi.earth\/fr\/politique_decoconception\/\",\"url\":\"https:\/\/bwi.earth\/fr\/politique_decoconception\/\",\"name\":\"Politique d'\u00e9coconception\",\"isPartOf\":{\"@id\":\"https:\/\/bwi.earth\/fr\/#website\"},\"primaryImageOfPage\":{\"@id\":\"https:\/\/bwi.earth\/fr\/politique_decoconception\/#primaryimage\"},\"image\":{\"@id\":\"https:\/\/bwi.earth\/fr\/politique_decoconception\/#primaryimage\"},\"thumbnailUrl\":\"https:\/\/bwi.earth\/wp-content\/uploads\/2023\/03\/petit-etang.png\",\"datePublished\":\"2023-05-20T13:07:53+00:00\",\"dateModified\":\"2026-03-19T14:50:51+00:00\",\"description\":\"On this page, you'll find BWI's software design, development and maintenance ecodesign policy and practices.\",\"breadcrumb\":{\"@id\":\"https:\/\/bwi.earth\/fr\/politique_decoconception\/#breadcrumb\"},\"inLanguage\":\"fr-FR\",\"potentialAction\":[{\"@type\":\"ReadAction\",\"target\":[\"https:\/\/bwi.earth\/fr\/politique_decoconception\/\"]}]},{\"@type\":\"ImageObject\",\"inLanguage\":\"fr-FR\",\"@id\":\"https:\/\/bwi.earth\/fr\/politique_decoconception\/#primaryimage\",\"url\":\"https:\/\/bwi.earth\/wp-content\/uploads\/2023\/03\/petit-etang.png\",\"contentUrl\":\"https:\/\/bwi.earth\/wp-content\/uploads\/2023\/03\/petit-etang.png\",\"width\":1332,\"height\":1101},{\"@type\":\"BreadcrumbList\",\"@id\":\"https:\/\/bwi.earth\/fr\/politique_decoconception\/#breadcrumb\",\"itemListElement\":[{\"@type\":\"ListItem\",\"position\":1,\"name\":\"Home\",\"item\":\"https:\/\/bwi.earth\/fr\/\"},{\"@type\":\"ListItem\",\"position\":2,\"name\":\"Politique d&#8217;\u00e9coconception\"}]},{\"@type\":\"WebSite\",\"@id\":\"https:\/\/bwi.earth\/fr\/#website\",\"url\":\"https:\/\/bwi.earth\/fr\/\",\"name\":\"Blue Water Intelligence (BWI)\",\"description\":\"The River Basin Digitization Company\",\"publisher\":{\"@id\":\"https:\/\/bwi.earth\/fr\/#organization\"},\"potentialAction\":[{\"@type\":\"SearchAction\",\"target\":{\"@type\":\"EntryPoint\",\"urlTemplate\":\"https:\/\/bwi.earth\/fr\/?s={search_term_string}\"},\"query-input\":{\"@type\":\"PropertyValueSpecification\",\"valueRequired\":true,\"valueName\":\"search_term_string\"}}],\"inLanguage\":\"fr-FR\"},{\"@type\":\"Organization\",\"@id\":\"https:\/\/bwi.earth\/fr\/#organization\",\"name\":\"Blue Water Intelligence (BWI)\",\"url\":\"https:\/\/bwi.earth\/fr\/\",\"logo\":{\"@type\":\"ImageObject\",\"inLanguage\":\"fr-FR\",\"@id\":\"https:\/\/bwi.earth\/fr\/#\/schema\/logo\/image\/\",\"url\":\"https:\/\/bwi.earth\/wp-content\/uploads\/2023\/03\/cropped-logo_couleur_bwi.png\",\"contentUrl\":\"https:\/\/bwi.earth\/wp-content\/uploads\/2023\/03\/cropped-logo_couleur_bwi.png\",\"width\":4190,\"height\":1970,\"caption\":\"Blue Water Intelligence (BWI)\"},\"image\":{\"@id\":\"https:\/\/bwi.earth\/fr\/#\/schema\/logo\/image\/\"}}]}<\/script>\n<!-- \/ Yoast SEO plugin. -->","yoast_head_json":{"title":"Politique d'\u00e9coconception","description":"On this page, you'll find BWI's software design, development and maintenance ecodesign policy and practices.","robots":{"index":"index","follow":"follow","max-snippet":"max-snippet:-1","max-image-preview":"max-image-preview:large","max-video-preview":"max-video-preview:-1"},"canonical":"https:\/\/bwi.earth\/fr\/politique_decoconception\/","og_locale":"fr_FR","og_type":"article","og_title":"Politique d'\u00e9coconception","og_description":"On this page, you'll find BWI's software design, development and maintenance ecodesign policy and practices.","og_url":"https:\/\/bwi.earth\/fr\/politique_decoconception\/","og_site_name":"Blue Water Intelligence (BWI)","article_modified_time":"2026-03-19T14:50:51+00:00","og_image":[{"width":1332,"height":1101,"url":"https:\/\/bwi.earth\/wp-content\/uploads\/2023\/03\/petit-etang.png","type":"image\/png"}],"twitter_card":"summary_large_image","twitter_misc":{"Dur\u00e9e de lecture estim\u00e9e":"2 minutes"},"schema":{"@context":"https:\/\/schema.org","@graph":[{"@type":"WebPage","@id":"https:\/\/bwi.earth\/fr\/politique_decoconception\/","url":"https:\/\/bwi.earth\/fr\/politique_decoconception\/","name":"Politique d'\u00e9coconception","isPartOf":{"@id":"https:\/\/bwi.earth\/fr\/#website"},"primaryImageOfPage":{"@id":"https:\/\/bwi.earth\/fr\/politique_decoconception\/#primaryimage"},"image":{"@id":"https:\/\/bwi.earth\/fr\/politique_decoconception\/#primaryimage"},"thumbnailUrl":"https:\/\/bwi.earth\/wp-content\/uploads\/2023\/03\/petit-etang.png","datePublished":"2023-05-20T13:07:53+00:00","dateModified":"2026-03-19T14:50:51+00:00","description":"On this page, you'll find BWI's software design, development and maintenance ecodesign policy and practices.","breadcrumb":{"@id":"https:\/\/bwi.earth\/fr\/politique_decoconception\/#breadcrumb"},"inLanguage":"fr-FR","potentialAction":[{"@type":"ReadAction","target":["https:\/\/bwi.earth\/fr\/politique_decoconception\/"]}]},{"@type":"ImageObject","inLanguage":"fr-FR","@id":"https:\/\/bwi.earth\/fr\/politique_decoconception\/#primaryimage","url":"https:\/\/bwi.earth\/wp-content\/uploads\/2023\/03\/petit-etang.png","contentUrl":"https:\/\/bwi.earth\/wp-content\/uploads\/2023\/03\/petit-etang.png","width":1332,"height":1101},{"@type":"BreadcrumbList","@id":"https:\/\/bwi.earth\/fr\/politique_decoconception\/#breadcrumb","itemListElement":[{"@type":"ListItem","position":1,"name":"Home","item":"https:\/\/bwi.earth\/fr\/"},{"@type":"ListItem","position":2,"name":"Politique d&#8217;\u00e9coconception"}]},{"@type":"WebSite","@id":"https:\/\/bwi.earth\/fr\/#website","url":"https:\/\/bwi.earth\/fr\/","name":"Blue Water Intelligence (BWI)","description":"The River Basin Digitization Company","publisher":{"@id":"https:\/\/bwi.earth\/fr\/#organization"},"potentialAction":[{"@type":"SearchAction","target":{"@type":"EntryPoint","urlTemplate":"https:\/\/bwi.earth\/fr\/?s={search_term_string}"},"query-input":{"@type":"PropertyValueSpecification","valueRequired":true,"valueName":"search_term_string"}}],"inLanguage":"fr-FR"},{"@type":"Organization","@id":"https:\/\/bwi.earth\/fr\/#organization","name":"Blue Water Intelligence (BWI)","url":"https:\/\/bwi.earth\/fr\/","logo":{"@type":"ImageObject","inLanguage":"fr-FR","@id":"https:\/\/bwi.earth\/fr\/#\/schema\/logo\/image\/","url":"https:\/\/bwi.earth\/wp-content\/uploads\/2023\/03\/cropped-logo_couleur_bwi.png","contentUrl":"https:\/\/bwi.earth\/wp-content\/uploads\/2023\/03\/cropped-logo_couleur_bwi.png","width":4190,"height":1970,"caption":"Blue Water Intelligence (BWI)"},"image":{"@id":"https:\/\/bwi.earth\/fr\/#\/schema\/logo\/image\/"}}]}},"_links":{"self":[{"href":"https:\/\/bwi.earth\/fr\/wp-json\/wp\/v2\/pages\/12869","targetHints":{"allow":["GET"]}}],"collection":[{"href":"https:\/\/bwi.earth\/fr\/wp-json\/wp\/v2\/pages"}],"about":[{"href":"https:\/\/bwi.earth\/fr\/wp-json\/wp\/v2\/types\/page"}],"author":[{"embeddable":true,"href":"https:\/\/bwi.earth\/fr\/wp-json\/wp\/v2\/users\/5"}],"replies":[{"embeddable":true,"href":"https:\/\/bwi.earth\/fr\/wp-json\/wp\/v2\/comments?post=12869"}],"version-history":[{"count":6,"href":"https:\/\/bwi.earth\/fr\/wp-json\/wp\/v2\/pages\/12869\/revisions"}],"predecessor-version":[{"id":13067,"href":"https:\/\/bwi.earth\/fr\/wp-json\/wp\/v2\/pages\/12869\/revisions\/13067"}],"wp:featuredmedia":[{"embeddable":true,"href":"https:\/\/bwi.earth\/fr\/wp-json\/wp\/v2\/media\/7224"}],"wp:attachment":[{"href":"https:\/\/bwi.earth\/fr\/wp-json\/wp\/v2\/media?parent=12869"}],"curies":[{"name":"wp","href":"https:\/\/api.w.org\/{rel}","templated":true}]}}