{"id":12949,"date":"2022-07-26T11:48:14","date_gmt":"2022-07-26T09:48:14","guid":{"rendered":"https:\/\/bwi.earth\/newsroom\/"},"modified":"2026-03-19T14:52:19","modified_gmt":"2026-03-19T13:52:19","slug":"actualites","status":"publish","type":"page","link":"https:\/\/bwi.earth\/fr\/actualites\/","title":{"rendered":"Actualit\u00e9s"},"content":{"rendered":"<section class=\"hero-simple\">\n    <div class=\"wrap\">\n                    <h1 class=\"block-title title-h1\">Actualit\u00e9s de BWI<\/h1>\n        \n            <\/div>\n<\/section>\n\n    <section class=\"gut-content\">\n        <div class=\"wrap\">\n            <p>Que se passe-t-il actuellement chez <a href=\"https:\/\/bwi.earth\" target=\"_blank\" rel=\"noopener\">BWI<\/a>, facilitateur de la num\u00e9risation des bassins hydrographiques ? Sur cette page d&rsquo;actualit\u00e9s r\u00e9guli\u00e8rement mise \u00e0 jour, vous trouverez un aper\u00e7u de tous nos points forts en mati\u00e8re d&rsquo;eau douce continentale, les annonces de produits hydrologiques et notre participation \u00e0 des \u00e9v\u00e9nements pass\u00e9s et futurs.<\/p>\n<p>Par exemple, soyez assur\u00e9s que nous mettrons en avant les nouvelles fonctionnalit\u00e9s de nos produits, notamment la mani\u00e8re dont les stations virtuelles pour l&rsquo;hydrologie s&rsquo;\u00e9tendent aux crit\u00e8res hydrologiques actuels ou \u00e0 de nouvelles zones g\u00e9ographiques, et que nous annoncerons des sorties d\u00e8s que possible. Nous aimons \u00e9galement parler de l&rsquo;hydrologie ou des nouveaux salons spatiaux, des rassemblements professionnels auxquels nous participons, des conf\u00e9rences et des rencontres de r\u00e9seautage que nous organisons, comme les <a href=\"https:\/\/www.eventbrite.com\/e\/656775813137?aff=oddtdtcreator\" target=\"_blank\" rel=\"noopener\">Ap\u00e9ro de l&rsquo;Hydro<\/a>. Nous pouvons \u00e9galement publier des chroniques pour partager notre opinion sur des questions importantes en hydrologie continentale, la num\u00e9risation des bassins et les \u00e9v\u00e9nements li\u00e9s au changement climatique, tels que les s\u00e9cheresses et les inondations.<\/p>\n<p>Enfin, nous aimons \u00e9galement mettre en avant nos partenaires commerciaux et institutionnels, ainsi que tous ceux qui rendent BWI possible. Alors, que vous soyez client, fournisseur, partenaire (int\u00e9grateur, revendeur), entrepreneur, actionnaire, f\u00e9d\u00e9ration industrielle, cluster r\u00e9gional ou r\u00e9gulateur, n&rsquo;h\u00e9sitez pas \u00e0 demander \u00e0 votre point de contact Blue Water Intelligence de partager vos annonces ici afin de devenir visible aupr\u00e8s de notre communaut\u00e9. De plus, si vous souhaitez conna\u00eetre l&rsquo;avis de BWI sur un sujet sp\u00e9cifique, n&rsquo;h\u00e9sitez pas \u00e0 nous le faire savoir et nous reviendrons tr\u00e8s probablement vers vous s&rsquo;il s&rsquo;agit d&rsquo;hydrologie continentale !<\/p>\n        <\/div>\n    <\/section>\n\n\n\n\n<section class=\"gut-news bg-color-blanc\">\n    <div class=\"wrap\">\n\n                    <div class=\"grid posts-results\" data-maxpage=\"5\" data-offset=\"9\" data-paged=\"1\">\n                                    \n<a href=\"https:\/\/bwi.earth\/fr\/alpes-maritimes-un-territoire-expose-au-stress-hydrique-secheresses\/\" class=\"preview-post\">\n\t\t\t\t\t<div class=\"categories\">\n\t\t\t\t\t\t\t<span class=\"cat tk-trade-gothic-next-condensed\">hydrologie<\/span>\n\t\t\t\t\t<\/div>\n\t\n\t<p class=\"date\">4 mai 2026<\/p>\n\n\t<h2 class=\"entry-title\">Alpes-Maritimes : un territoire expos\u00e9 aux s\u00e9cheresses<\/h2>\n\n\t\t\t<div class=\"excerpt\">\n\t\t\t<p>Les Alpes-Maritimes, par leur g\u00e9ographie contrast\u00e9e, sont vuln\u00e9rables<br \/>\nface aux s\u00e9cheresses et au stress hydrique qui mod\u00e8lent l\u2019avenir hydrologique du territoire.<\/p>\n\t\t<\/div>\n\t\n\t\t\t<div class=\"tags\">\n\t\t\t\t\t\t\t<span class=\"tag\">#Alpes-Maritimes<\/span>\n\t\t\t\t\t\t\t<span class=\"tag\">#eau<\/span>\n\t\t\t\t\t\t\t<span class=\"tag\">#hydrologie<\/span>\n\t\t\t\t\t\t\t<span class=\"tag\">#s\u00e9cheresses<\/span>\n\t\t\t\t\t\t\t<span class=\"tag\">#stress hydrique<\/span>\n\t\t\t\t\t<\/div>\n\t\n\t<div class=\"overlay\">\n\t\t<button class=\"btn primary white\">Read more<\/button>\n\t<\/div>\n<\/a>                                    \n<a href=\"https:\/\/bwi.earth\/fr\/schisme-hydrometrique-sud-global-hybridation\/\" class=\"preview-post\">\n\t\t\t\t\t<div class=\"categories\">\n\t\t\t\t\t\t\t<span class=\"cat tk-trade-gothic-next-condensed\">hydrologie<\/span>\n\t\t\t\t\t<\/div>\n\t\n\t<p class=\"date\">24 avril 2026<\/p>\n\n\t<h2 class=\"entry-title\">R\u00e9duire le schisme hydrom\u00e9trique : le Sud global vers une hybridation<\/h2>\n\n\t\t\t<div class=\"excerpt\">\n\t\t\t<p>La mesure des cours d\u2019eau n\u2019est plus qu\u2019un simple chiffrage technique : c\u2019est un pilier de la souverainet\u00e9 hydrologique. Ce billet montre comment un recul des jauges actives, concentr\u00e9 sur les r\u00e9gions les plus vuln\u00e9rables, cr\u00e9e un \u201cschisme hydrom\u00e9trique\u201d et propose trois leviers concrets pour le r\u00e9duire : ciblage intelligent des instruments, digitalisation des bassins gr\u00e2ce aux stations virtuelles et \u00e0 REVALTO, et partenariats Nord\u2011Sud pour financer et p\u00e9renniser cette capacit\u00e9 d\u2019observation.<\/p>\n\t\t<\/div>\n\t\n\t\t\t<div class=\"tags\">\n\t\t\t\t\t\t\t<span class=\"tag\">#bwi<\/span>\n\t\t\t\t\t\t\t<span class=\"tag\">#hydrologie<\/span>\n\t\t\t\t\t<\/div>\n\t\n\t<div class=\"overlay\">\n\t\t<button class=\"btn primary white\">Read more<\/button>\n\t<\/div>\n<\/a>                                    \n<a href=\"https:\/\/bwi.earth\/fr\/achat-public-innovant\/\" class=\"preview-post\">\n\t\t\t\t\t<div class=\"categories\">\n\t\t\t\t\t\t\t<span class=\"cat tk-trade-gothic-next-condensed\">Annonce<\/span>\n\t\t\t\t\t<\/div>\n\t\n\t<p class=\"date\">20 mars 2026<\/p>\n\n\t<h2 class=\"entry-title\">Achat public de solution innovante : un dispositif encore m\u00e9connu des collectivit\u00e9s<\/h2>\n\n\t\t\t<div class=\"excerpt\">\n\t\t\t<p>Un \u00e9tablissement public peut acheter une solution innovante sans appel d&rsquo;offres jusqu&rsquo;\u00e0 100 000 \u20ac HT. Un dispositif l\u00e9gal p\u00e9rennis\u00e9 depuis 2021 &#8211; et encore peu utilis\u00e9 par les collectivit\u00e9s territoriales.<\/p>\n\t\t<\/div>\n\t\n\t\t\t<div class=\"tags\">\n\t\t\t\t\t\t\t<span class=\"tag\">#achat public<\/span>\n\t\t\t\t\t\t\t<span class=\"tag\">#bwi<\/span>\n\t\t\t\t\t\t\t<span class=\"tag\">#france<\/span>\n\t\t\t\t\t\t\t<span class=\"tag\">#hydrologie<\/span>\n\t\t\t\t\t\t\t<span class=\"tag\">#innovation<\/span>\n\t\t\t\t\t<\/div>\n\t\n\t<div class=\"overlay\">\n\t\t<button class=\"btn primary white\">Read more<\/button>\n\t<\/div>\n<\/a>                                    \n<a href=\"https:\/\/bwi.earth\/fr\/volumes-sediments-transportes-rivieres\/\" class=\"preview-post\">\n\t\t\t\t\t<div class=\"categories\">\n\t\t\t\t\t\t\t<span class=\"cat tk-trade-gothic-next-condensed\">hydrologie<\/span>\n\t\t\t\t\t<\/div>\n\t\n\t<p class=\"date\">8 mars 2026<\/p>\n\n\t<h2 class=\"entry-title\">Pourquoi suivre les volumes de s\u00e9diments transport\u00e9s dans les rivi\u00e8res ?<\/h2>\n\n\t\t\t<div class=\"excerpt\">\n\t\t\t<p>Pourquoi mesurer les s\u00e9diments fluviaux ? Ces flux invisibles sculptent les lits des rivi\u00e8res, fa\u00e7onnent les habitats aquatiques et transportent polluants et nutriments. De la morphodynamique aux risques d\u2019inondation, d\u00e9couvrez l\u2019enjeu cl\u00e9 pour la gestion durable des bassins versants.<\/p>\n\t\t<\/div>\n\t\n\t\t\t<div class=\"tags\">\n\t\t\t\t\t\t\t<span class=\"tag\">#bassin versant<\/span>\n\t\t\t\t\t\t\t<span class=\"tag\">#france<\/span>\n\t\t\t\t\t\t\t<span class=\"tag\">#hydrologie<\/span>\n\t\t\t\t\t<\/div>\n\t\n\t<div class=\"overlay\">\n\t\t<button class=\"btn primary white\">Read more<\/button>\n\t<\/div>\n<\/a>                                    \n<a href=\"https:\/\/bwi.earth\/fr\/lise-ferrieres-directrice-generale-adjointe-coo\/\" class=\"preview-post\">\n\t\t\t\t\t<div class=\"categories\">\n\t\t\t\t\t\t\t<span class=\"cat tk-trade-gothic-next-condensed\">Communiqu\u00e9 de presse<\/span>\n\t\t\t\t\t<\/div>\n\t\n\t<p class=\"date\">19 janvier 2026<\/p>\n\n\t<h2 class=\"entry-title\">Nomination : Lise Ferri\u00e8res rejoint BWI en tant que Directrice G\u00e9n\u00e9rale Adjointe \/ Chief Operating Officer<\/h2>\n\n\t\t\t<div class=\"excerpt\">\n\t\t\t<p>BWI annonce la nomination de Lise Ferri\u00e8res en tant que Directrice G\u00e9n\u00e9rale Adjointe \/ COO. Son arriv\u00e9e marque une \u00e9tape cl\u00e9 dans la structuration op\u00e9rationnelle de BWI, au service de la qualit\u00e9 des services et du d\u00e9ploiement international de l\u2019entreprise.<\/p>\n\t\t<\/div>\n\t\n\t\t\t<div class=\"tags\">\n\t\t\t\t\t\t\t<span class=\"tag\">#bwi<\/span>\n\t\t\t\t\t\t\t<span class=\"tag\">#COO<\/span>\n\t\t\t\t\t\t\t<span class=\"tag\">#france<\/span>\n\t\t\t\t\t\t\t<span class=\"tag\">#nomination<\/span>\n\t\t\t\t\t<\/div>\n\t\n\t<div class=\"overlay\">\n\t\t<button class=\"btn primary white\">Read more<\/button>\n\t<\/div>\n<\/a>                                    \n<a href=\"https:\/\/bwi.earth\/fr\/utilite-donnees-elevation-mission-revalto\/\" class=\"preview-post\">\n\t\t\t\t\t<div class=\"categories\">\n\t\t\t\t\t\t\t<span class=\"cat tk-trade-gothic-next-condensed\">hydrologie<\/span>\n\t\t\t\t\t<\/div>\n\t\n\t<p class=\"date\">19 d\u00e9cembre 2025<\/p>\n\n\t<h2 class=\"entry-title\">De l&rsquo;utilit\u00e9 des donn\u00e9es d&rsquo;\u00e9l\u00e9vation des lacs revisit\u00e9es chaque jour telles que produites par la mission REVALTO<\/h2>\n\n\t\t\t<div class=\"excerpt\">\n\t\t\t<p>Nous analysons dans ce blog post l&rsquo;utilit\u00e9 de la mise \u00e0 jour quotidienne des donn\u00e9es d&rsquo;\u00e9l\u00e9vation des surfaces des lacs, telle qu&rsquo;envisag\u00e9e par la mission spatiale REVALTO. Nous regardons les usagers de ses donn\u00e9es, et fournissons des id\u00e9es de services innovants qui pourront int\u00e9grer les donn\u00e9es REVALTO de hauteurs des lacs.<\/p>\n\t\t<\/div>\n\t\n\t\t\t<div class=\"tags\">\n\t\t\t\t\t\t\t<span class=\"tag\">#bassin versant<\/span>\n\t\t\t\t\t\t\t<span class=\"tag\">#france<\/span>\n\t\t\t\t\t\t\t<span class=\"tag\">#hydrologie<\/span>\n\t\t\t\t\t<\/div>\n\t\n\t<div class=\"overlay\">\n\t\t<button class=\"btn primary white\">Read more<\/button>\n\t<\/div>\n<\/a>                                    \n<a href=\"https:\/\/bwi.earth\/fr\/previsions-hydrologiques-bwi-petit-cycle-eau\/\" class=\"preview-post\">\n\t\t\t\t\t<div class=\"categories\">\n\t\t\t\t\t\t\t<span class=\"cat tk-trade-gothic-next-condensed\">hydrologie<\/span>\n\t\t\t\t\t<\/div>\n\t\n\t<p class=\"date\">14 d\u00e9cembre 2025<\/p>\n\n\t<h2 class=\"entry-title\">Comment les pr\u00e9visions hydrologiques de BWI optimisent la production d&rsquo;eau potable<\/h2>\n\n\t\t\t<div class=\"excerpt\">\n\t\t\t<p>D\u00e9couvrez comment les pr\u00e9visions pr\u00e9cises de d\u00e9bits et hauteurs de rivi\u00e8res de BWI aident les acteurs du petit cycle de l\u2019eau \u00e0 optimiser pr\u00e9l\u00e8vements, gestion des stocks et protection des stations critiques face aux al\u00e9as climatiques.<\/p>\n\t\t<\/div>\n\t\n\t\t\t<div class=\"tags\">\n\t\t\t\t\t\t\t<span class=\"tag\">#france<\/span>\n\t\t\t\t\t\t\t<span class=\"tag\">#hydrologie<\/span>\n\t\t\t\t\t<\/div>\n\t\n\t<div class=\"overlay\">\n\t\t<button class=\"btn primary white\">Read more<\/button>\n\t<\/div>\n<\/a>                                    \n<a href=\"https:\/\/bwi.earth\/fr\/grand-delta-rhone-nimes-enjeux\/\" class=\"preview-post\">\n\t\t\t\t\t<div class=\"categories\">\n\t\t\t\t\t\t\t<span class=\"cat tk-trade-gothic-next-condensed\">hydrologie<\/span>\n\t\t\t\t\t<\/div>\n\t\n\t<p class=\"date\">10 d\u00e9cembre 2025<\/p>\n\n\t<h2 class=\"entry-title\">Delta du Rh\u00f4ne \u00e0 N\u00eemes : enjeux hydrologiques, hydrauliques et risques d\u2019inondations<\/h2>\n\n\t\t\t<div class=\"excerpt\">\n\t\t\t<p>Le Grand Delta du Rh\u00f4ne, autour de N\u00eemes, conjugue un fleuve endigu\u00e9 puissant, des affluents c\u00e9venols torrentiels et une topographie delta\u00efque vuln\u00e9rable. Ce post technique analyse les m\u00e9canismes hydrologiques et hydrauliques, les sc\u00e9narios de crues historiques (1856, 1988, 2003) et les d\u00e9fis de mod\u00e9lisation pour une gestion r\u00e9siliente des risques.<\/p>\n\t\t<\/div>\n\t\n\t\t\t<div class=\"tags\">\n\t\t\t\t\t\t\t<span class=\"tag\">#bassin versant<\/span>\n\t\t\t\t\t\t\t<span class=\"tag\">#france<\/span>\n\t\t\t\t\t\t\t<span class=\"tag\">#hydrologie<\/span>\n\t\t\t\t\t<\/div>\n\t\n\t<div class=\"overlay\">\n\t\t<button class=\"btn primary white\">Read more<\/button>\n\t<\/div>\n<\/a>                                    \n<a href=\"https:\/\/bwi.earth\/fr\/stations-virtuelles-transport-fluvial\/\" class=\"preview-post\">\n\t\t\t\t\t<div class=\"categories\">\n\t\t\t\t\t\t\t<span class=\"cat tk-trade-gothic-next-condensed\">hydrologie<\/span>\n\t\t\t\t\t<\/div>\n\t\n\t<p class=\"date\">7 d\u00e9cembre 2025<\/p>\n\n\t<h2 class=\"entry-title\">Les stations virtuelles : au service de la performance du transport fluvial<\/h2>\n\n\t\t\t<div class=\"excerpt\">\n\t\t\t<p>Les stations virtuelles BWI contribuent \u00e0 la comp\u00e9titivit\u00e9 de la cha\u00eene de valeur du transport fluvial, en fournissant des pr\u00e9visions pr\u00e9cises de d\u00e9bits et niveaux d&rsquo;eau jusqu&rsquo;\u00e0 10 jours \u00e0 l&rsquo;avance, sans installations physiques suppl\u00e9mentaires. Des r\u00e9gulateurs comme VNF et CNR aux bateliers, commissionnaires, chargeurs et gestionnaires de ports, chaque acteur b\u00e9n\u00e9ficie d&rsquo;une optimisation concr\u00e8te : calendriers d&rsquo;\u00e9clusage affin\u00e9s, chargements maximis\u00e9s \u00e0 4400 tonnes sur Seine-Nord Europe, d\u00e9lais multimodaux fiables \u00e9vitant des p\u00e9nalit\u00e9s co\u00fbteuses, et throughput portuaire accru de 20%. Face aux basses eaux impactant 30% des convois sur le Rh\u00f4ne ou aux crues impr\u00e9vues, les stations virtuelles exploitent donn\u00e9es m\u00e9t\u00e9o, t\u00e9l\u00e9d\u00e9tection et IA pour anticiper restrictions de gabarit et fluidifier la logistique. R\u00e9sultat : r\u00e9duction des interruptions, report modal vert (100 000 camions \u00e9vit\u00e9s gr\u00e2ce aux axes fluviaux les plus importants), et comp\u00e9titivit\u00e9 renforc\u00e9e pour une fili\u00e8re plus r\u00e9siliente aux al\u00e9as climatiques.<\/p>\n\t\t<\/div>\n\t\n\t\t\t<div class=\"tags\">\n\t\t\t\t\t\t\t<span class=\"tag\">#bassin versant<\/span>\n\t\t\t\t\t\t\t<span class=\"tag\">#france<\/span>\n\t\t\t\t\t\t\t<span class=\"tag\">#hydrologie<\/span>\n\t\t\t\t\t<\/div>\n\t\n\t<div class=\"overlay\">\n\t\t<button class=\"btn primary white\">Read more<\/button>\n\t<\/div>\n<\/a>                            <\/div>\n\n            <div class=\"btn-container\">\n                <button class=\"btn primary load-more\">\n                    <span class=\"label\">\n                                                    Voir plus d&rsquo;actualit\u00e9s                                            <\/span>\n\n                    <div class=\"loader\">\n                        <div class=\"dot-pulse\"><\/div>\n                    <\/div>\n                <\/button>\n            <\/div>\n\n                        <\/div>\n<\/section>\n\n\n<figure class=\"wp-block-image size-large\"><img loading=\"lazy\" decoding=\"async\" width=\"1024\" height=\"768\" src=\"https:\/\/bwi.earth\/wp-content\/uploads\/2024\/01\/IMG_5332-1024x768.jpeg\" alt=\"\" class=\"wp-image-4579\" srcset=\"https:\/\/bwi.earth\/wp-content\/uploads\/2024\/01\/IMG_5332-1024x768.jpeg 1024w, https:\/\/bwi.earth\/wp-content\/uploads\/2024\/01\/IMG_5332-300x225.jpeg 300w, https:\/\/bwi.earth\/wp-content\/uploads\/2024\/01\/IMG_5332-768x576.jpeg 768w, https:\/\/bwi.earth\/wp-content\/uploads\/2024\/01\/IMG_5332-1536x1152.jpeg 1536w, https:\/\/bwi.earth\/wp-content\/uploads\/2024\/01\/IMG_5332-2048x1536.jpeg 2048w, https:\/\/bwi.earth\/wp-content\/uploads\/2024\/01\/IMG_5332-16x12.jpeg 16w, https:\/\/bwi.earth\/wp-content\/uploads\/2024\/01\/IMG_5332-1440x1080.jpeg 1440w\" sizes=\"auto, (max-width: 1024px) 100vw, 1024px\" \/><\/figure>\n","protected":false},"excerpt":{"rendered":"","protected":false},"author":5,"featured_media":7486,"parent":0,"menu_order":0,"comment_status":"closed","ping_status":"closed","template":"","meta":{"content-type":"","ngg_post_thumbnail":0,"footnotes":""},"class_list":["post-12949","page","type-page","status-publish","has-post-thumbnail","hentry"],"acf":[],"yoast_head":"<!-- This site is optimized with the Yoast SEO plugin v26.2 - https:\/\/yoast.com\/wordpress\/plugins\/seo\/ -->\n<title>Actualit\u00e9s<\/title>\n<meta name=\"description\" content=\"Bienvenue les actualit\u00e9s de BWI, sur cette page fr\u00e9quemment mise \u00e0 jour, vous trouverez un aper\u00e7u de tous nos temps forts, annonces et \u00e9v\u00e9nements.\" \/>\n<meta name=\"robots\" content=\"index, follow, max-snippet:-1, max-image-preview:large, max-video-preview:-1\" \/>\n<link rel=\"canonical\" href=\"https:\/\/bwi.earth\/fr\/actualites\/\" \/>\n<meta property=\"og:locale\" content=\"fr_FR\" \/>\n<meta property=\"og:type\" content=\"article\" \/>\n<meta property=\"og:title\" content=\"Actualit\u00e9s\" \/>\n<meta property=\"og:description\" content=\"Bienvenue les actualit\u00e9s de BWI, sur cette page fr\u00e9quemment mise \u00e0 jour, vous trouverez un aper\u00e7u de tous nos temps forts, annonces et \u00e9v\u00e9nements.\" \/>\n<meta property=\"og:url\" content=\"https:\/\/bwi.earth\/fr\/actualites\/\" \/>\n<meta property=\"og:site_name\" content=\"Blue Water Intelligence (BWI)\" \/>\n<meta property=\"article:modified_time\" content=\"2026-03-19T13:52:19+00:00\" \/>\n<meta property=\"og:image\" content=\"https:\/\/bwi.earth\/wp-content\/uploads\/2024\/04\/newsroom-screenshot.png\" \/>\n\t<meta property=\"og:image:width\" content=\"658\" \/>\n\t<meta property=\"og:image:height\" content=\"890\" \/>\n\t<meta property=\"og:image:type\" content=\"image\/png\" \/>\n<meta name=\"twitter:card\" content=\"summary_large_image\" \/>\n<meta name=\"twitter:label1\" content=\"Dur\u00e9e de lecture estim\u00e9e\" \/>\n\t<meta name=\"twitter:data1\" content=\"2 minutes\" \/>\n<script type=\"application\/ld+json\" class=\"yoast-schema-graph\">{\"@context\":\"https:\/\/schema.org\",\"@graph\":[{\"@type\":\"WebPage\",\"@id\":\"https:\/\/bwi.earth\/fr\/actualites\/\",\"url\":\"https:\/\/bwi.earth\/fr\/actualites\/\",\"name\":\"Actualit\u00e9s\",\"isPartOf\":{\"@id\":\"https:\/\/bwi.earth\/fr\/#website\"},\"primaryImageOfPage\":{\"@id\":\"https:\/\/bwi.earth\/fr\/actualites\/#primaryimage\"},\"image\":{\"@id\":\"https:\/\/bwi.earth\/fr\/actualites\/#primaryimage\"},\"thumbnailUrl\":\"https:\/\/bwi.earth\/wp-content\/uploads\/2024\/04\/newsroom-screenshot.png\",\"datePublished\":\"2022-07-26T09:48:14+00:00\",\"dateModified\":\"2026-03-19T13:52:19+00:00\",\"description\":\"Bienvenue les actualit\u00e9s de BWI, sur cette page fr\u00e9quemment mise \u00e0 jour, vous trouverez un aper\u00e7u de tous nos temps forts, annonces et \u00e9v\u00e9nements.\",\"breadcrumb\":{\"@id\":\"https:\/\/bwi.earth\/fr\/actualites\/#breadcrumb\"},\"inLanguage\":\"fr-FR\",\"potentialAction\":[{\"@type\":\"ReadAction\",\"target\":[\"https:\/\/bwi.earth\/fr\/actualites\/\"]}]},{\"@type\":\"ImageObject\",\"inLanguage\":\"fr-FR\",\"@id\":\"https:\/\/bwi.earth\/fr\/actualites\/#primaryimage\",\"url\":\"https:\/\/bwi.earth\/wp-content\/uploads\/2024\/04\/newsroom-screenshot.png\",\"contentUrl\":\"https:\/\/bwi.earth\/wp-content\/uploads\/2024\/04\/newsroom-screenshot.png\",\"width\":658,\"height\":890},{\"@type\":\"BreadcrumbList\",\"@id\":\"https:\/\/bwi.earth\/fr\/actualites\/#breadcrumb\",\"itemListElement\":[{\"@type\":\"ListItem\",\"position\":1,\"name\":\"Home\",\"item\":\"https:\/\/bwi.earth\/fr\/\"},{\"@type\":\"ListItem\",\"position\":2,\"name\":\"Actualit\u00e9s\"}]},{\"@type\":\"WebSite\",\"@id\":\"https:\/\/bwi.earth\/fr\/#website\",\"url\":\"https:\/\/bwi.earth\/fr\/\",\"name\":\"Blue Water Intelligence (BWI)\",\"description\":\"The River Basin Digitization Company\",\"publisher\":{\"@id\":\"https:\/\/bwi.earth\/fr\/#organization\"},\"potentialAction\":[{\"@type\":\"SearchAction\",\"target\":{\"@type\":\"EntryPoint\",\"urlTemplate\":\"https:\/\/bwi.earth\/fr\/?s={search_term_string}\"},\"query-input\":{\"@type\":\"PropertyValueSpecification\",\"valueRequired\":true,\"valueName\":\"search_term_string\"}}],\"inLanguage\":\"fr-FR\"},{\"@type\":\"Organization\",\"@id\":\"https:\/\/bwi.earth\/fr\/#organization\",\"name\":\"Blue Water Intelligence (BWI)\",\"url\":\"https:\/\/bwi.earth\/fr\/\",\"logo\":{\"@type\":\"ImageObject\",\"inLanguage\":\"fr-FR\",\"@id\":\"https:\/\/bwi.earth\/fr\/#\/schema\/logo\/image\/\",\"url\":\"https:\/\/bwi.earth\/wp-content\/uploads\/2023\/03\/cropped-logo_couleur_bwi.png\",\"contentUrl\":\"https:\/\/bwi.earth\/wp-content\/uploads\/2023\/03\/cropped-logo_couleur_bwi.png\",\"width\":4190,\"height\":1970,\"caption\":\"Blue Water Intelligence (BWI)\"},\"image\":{\"@id\":\"https:\/\/bwi.earth\/fr\/#\/schema\/logo\/image\/\"}}]}<\/script>\n<!-- \/ Yoast SEO plugin. -->","yoast_head_json":{"title":"Actualit\u00e9s","description":"Bienvenue les actualit\u00e9s de BWI, sur cette page fr\u00e9quemment mise \u00e0 jour, vous trouverez un aper\u00e7u de tous nos temps forts, annonces et \u00e9v\u00e9nements.","robots":{"index":"index","follow":"follow","max-snippet":"max-snippet:-1","max-image-preview":"max-image-preview:large","max-video-preview":"max-video-preview:-1"},"canonical":"https:\/\/bwi.earth\/fr\/actualites\/","og_locale":"fr_FR","og_type":"article","og_title":"Actualit\u00e9s","og_description":"Bienvenue les actualit\u00e9s de BWI, sur cette page fr\u00e9quemment mise \u00e0 jour, vous trouverez un aper\u00e7u de tous nos temps forts, annonces et \u00e9v\u00e9nements.","og_url":"https:\/\/bwi.earth\/fr\/actualites\/","og_site_name":"Blue Water Intelligence (BWI)","article_modified_time":"2026-03-19T13:52:19+00:00","og_image":[{"width":658,"height":890,"url":"https:\/\/bwi.earth\/wp-content\/uploads\/2024\/04\/newsroom-screenshot.png","type":"image\/png"}],"twitter_card":"summary_large_image","twitter_misc":{"Dur\u00e9e de lecture estim\u00e9e":"2 minutes"},"schema":{"@context":"https:\/\/schema.org","@graph":[{"@type":"WebPage","@id":"https:\/\/bwi.earth\/fr\/actualites\/","url":"https:\/\/bwi.earth\/fr\/actualites\/","name":"Actualit\u00e9s","isPartOf":{"@id":"https:\/\/bwi.earth\/fr\/#website"},"primaryImageOfPage":{"@id":"https:\/\/bwi.earth\/fr\/actualites\/#primaryimage"},"image":{"@id":"https:\/\/bwi.earth\/fr\/actualites\/#primaryimage"},"thumbnailUrl":"https:\/\/bwi.earth\/wp-content\/uploads\/2024\/04\/newsroom-screenshot.png","datePublished":"2022-07-26T09:48:14+00:00","dateModified":"2026-03-19T13:52:19+00:00","description":"Bienvenue les actualit\u00e9s de BWI, sur cette page fr\u00e9quemment mise \u00e0 jour, vous trouverez un aper\u00e7u de tous nos temps forts, annonces et \u00e9v\u00e9nements.","breadcrumb":{"@id":"https:\/\/bwi.earth\/fr\/actualites\/#breadcrumb"},"inLanguage":"fr-FR","potentialAction":[{"@type":"ReadAction","target":["https:\/\/bwi.earth\/fr\/actualites\/"]}]},{"@type":"ImageObject","inLanguage":"fr-FR","@id":"https:\/\/bwi.earth\/fr\/actualites\/#primaryimage","url":"https:\/\/bwi.earth\/wp-content\/uploads\/2024\/04\/newsroom-screenshot.png","contentUrl":"https:\/\/bwi.earth\/wp-content\/uploads\/2024\/04\/newsroom-screenshot.png","width":658,"height":890},{"@type":"BreadcrumbList","@id":"https:\/\/bwi.earth\/fr\/actualites\/#breadcrumb","itemListElement":[{"@type":"ListItem","position":1,"name":"Home","item":"https:\/\/bwi.earth\/fr\/"},{"@type":"ListItem","position":2,"name":"Actualit\u00e9s"}]},{"@type":"WebSite","@id":"https:\/\/bwi.earth\/fr\/#website","url":"https:\/\/bwi.earth\/fr\/","name":"Blue Water Intelligence (BWI)","description":"The River Basin Digitization Company","publisher":{"@id":"https:\/\/bwi.earth\/fr\/#organization"},"potentialAction":[{"@type":"SearchAction","target":{"@type":"EntryPoint","urlTemplate":"https:\/\/bwi.earth\/fr\/?s={search_term_string}"},"query-input":{"@type":"PropertyValueSpecification","valueRequired":true,"valueName":"search_term_string"}}],"inLanguage":"fr-FR"},{"@type":"Organization","@id":"https:\/\/bwi.earth\/fr\/#organization","name":"Blue Water Intelligence (BWI)","url":"https:\/\/bwi.earth\/fr\/","logo":{"@type":"ImageObject","inLanguage":"fr-FR","@id":"https:\/\/bwi.earth\/fr\/#\/schema\/logo\/image\/","url":"https:\/\/bwi.earth\/wp-content\/uploads\/2023\/03\/cropped-logo_couleur_bwi.png","contentUrl":"https:\/\/bwi.earth\/wp-content\/uploads\/2023\/03\/cropped-logo_couleur_bwi.png","width":4190,"height":1970,"caption":"Blue Water Intelligence (BWI)"},"image":{"@id":"https:\/\/bwi.earth\/fr\/#\/schema\/logo\/image\/"}}]}},"_links":{"self":[{"href":"https:\/\/bwi.earth\/fr\/wp-json\/wp\/v2\/pages\/12949","targetHints":{"allow":["GET"]}}],"collection":[{"href":"https:\/\/bwi.earth\/fr\/wp-json\/wp\/v2\/pages"}],"about":[{"href":"https:\/\/bwi.earth\/fr\/wp-json\/wp\/v2\/types\/page"}],"author":[{"embeddable":true,"href":"https:\/\/bwi.earth\/fr\/wp-json\/wp\/v2\/users\/5"}],"replies":[{"embeddable":true,"href":"https:\/\/bwi.earth\/fr\/wp-json\/wp\/v2\/comments?post=12949"}],"version-history":[{"count":5,"href":"https:\/\/bwi.earth\/fr\/wp-json\/wp\/v2\/pages\/12949\/revisions"}],"predecessor-version":[{"id":12992,"href":"https:\/\/bwi.earth\/fr\/wp-json\/wp\/v2\/pages\/12949\/revisions\/12992"}],"wp:featuredmedia":[{"embeddable":true,"href":"https:\/\/bwi.earth\/fr\/wp-json\/wp\/v2\/media\/7486"}],"wp:attachment":[{"href":"https:\/\/bwi.earth\/fr\/wp-json\/wp\/v2\/media?parent=12949"}],"curies":[{"name":"wp","href":"https:\/\/api.w.org\/{rel}","templated":true}]}}