{"id":14908,"date":"2025-08-21T19:30:42","date_gmt":"2025-08-21T17:30:42","guid":{"rendered":"https:\/\/bwi.earth\/?page_id=14908"},"modified":"2026-03-19T15:07:48","modified_gmt":"2026-03-19T14:07:48","slug":"previsions-hydrologiques-pour-les-entreprises-de-genie-civil","status":"publish","type":"page","link":"https:\/\/bwi.earth\/fr\/previsions-hydrologiques-pour-les-entreprises-de-genie-civil\/","title":{"rendered":"Pr\u00e9visions hydrologiques pour les entreprises de g\u00e9nie civil"},"content":{"rendered":"<section class=\"hero-img bg-color-bleu-elec\">\n    <div class=\"wrap\">\n                    <h1 class=\"block-title title-h1\">Pr\u00e9visions hydrologiques pour les <b>entreprises de g\u00e9nie civil<\/b><\/h1>\n        \n                    <div class=\"intro\">\n                <p>Les pr\u00e9visions hydrologiques de BWI apportent aux entreprises de g\u00e9nie civil une vision claire et anticip\u00e9e du comportement des cours d\u2019eau. \r\n\r\nLes pr\u00e9visions de d\u00e9bit fournies par BWI permettent de planifier les chantiers le long des cours d&rsquo;eau en tenant compte des risques d\u2019inondation, de crue ou de s\u00e9cheresse, r\u00e9duisant ainsi les al\u00e9as et les co\u00fbts li\u00e9s aux interruptions. \r\n\r\nEn int\u00e9grant ces donn\u00e9es fiables dans leurs \u00e9tudes et dans la gestion op\u00e9rationnelle, les acteurs de la construction et du g\u00e9nie civil en environnement hydraulique s\u00e9curisent leurs projets, optimisent leurs d\u00e9cisions techniques et strat\u00e9giques, et contribuent \u00e0 la s\u00e9curit\u00e9 des travailleurs sur chantier.<\/p>\n            <\/div>\n        \n                    <div class=\"container-img\">\n                <img loading=\"lazy\" decoding=\"async\" width=\"1440\" height=\"1080\" src=\"https:\/\/bwi.earth\/wp-content\/uploads\/2025\/10\/jamar-penny-ZgmGq_eFmUs-unsplash-1440x1080.jpg\" class=\"attachment-banner size-banner\" alt=\"\" srcset=\"https:\/\/bwi.earth\/wp-content\/uploads\/2025\/10\/jamar-penny-ZgmGq_eFmUs-unsplash-1440x1080.jpg 1440w, https:\/\/bwi.earth\/wp-content\/uploads\/2025\/10\/jamar-penny-ZgmGq_eFmUs-unsplash-300x225.jpg 300w, https:\/\/bwi.earth\/wp-content\/uploads\/2025\/10\/jamar-penny-ZgmGq_eFmUs-unsplash-1024x768.jpg 1024w, https:\/\/bwi.earth\/wp-content\/uploads\/2025\/10\/jamar-penny-ZgmGq_eFmUs-unsplash-768x576.jpg 768w, https:\/\/bwi.earth\/wp-content\/uploads\/2025\/10\/jamar-penny-ZgmGq_eFmUs-unsplash-1536x1152.jpg 1536w, https:\/\/bwi.earth\/wp-content\/uploads\/2025\/10\/jamar-penny-ZgmGq_eFmUs-unsplash.jpg 2048w\" sizes=\"auto, (max-width: 1440px) 100vw, 1440px\" \/>            <\/div>\n            <\/div>\n<\/section>\n\n\n    <section class=\"gut-rows bg-color-blanc\">\n        <div class=\"wrap\">\n                            <div class=\"block-header\">\n                                            <h2 class=\"block-title title-h3\">Les pr\u00e9visions hydrologiques sont <b>essentielles pour les entreprises de g\u00e9nie civil<\/b><\/h2>\n                    \n                                            <div class=\"container-img\">\n                            <img loading=\"lazy\" decoding=\"async\" width=\"1000\" height=\"1000\" src=\"https:\/\/bwi.earth\/wp-content\/uploads\/2023\/03\/home1_bwi-1.png\" class=\"attachment-banner size-banner\" alt=\"\" srcset=\"https:\/\/bwi.earth\/wp-content\/uploads\/2023\/03\/home1_bwi-1.png 1000w, https:\/\/bwi.earth\/wp-content\/uploads\/2023\/03\/home1_bwi-1-300x300.png 300w, https:\/\/bwi.earth\/wp-content\/uploads\/2023\/03\/home1_bwi-1-150x150.png 150w, https:\/\/bwi.earth\/wp-content\/uploads\/2023\/03\/home1_bwi-1-768x768.png 768w\" sizes=\"auto, (max-width: 1000px) 100vw, 1000px\" \/>                        <\/div>\n                                    <\/div>\n            \n            <div class=\"rows\">\n                                    <div class=\"row\">\n                                                    <h3 class=\"row-title\"><b>Organiser les chantiers<\/b> en toute s\u00e9curit\u00e9<\/h3>\n                        \n                                                    <p>Les pr\u00e9visions hydrologiques permettent d\u2019anticiper les conditions futures des cours d\u2019eau, r\u00e9duisant les risques li\u00e9s aux inondations ou aux s\u00e9cheresses. Les pr\u00e9visions hydrologiques offrent aux intervenants du chantier un cadre plus s\u00fbr pour organiser les interventions de leurs sous-traitants.<\/p>\n                                            <\/div>\n                                    <div class=\"row\">\n                                                    <h3 class=\"row-title\"><b>R\u00e9duire les interruptions<\/b> du chantier<\/h3>\n                        \n                                                    <p>En anticipant les \u00e9v\u00e9nements hydrologiques critiques, les entreprises de construction limitent les arr\u00eats intempestifs. Cela se traduit par une meilleure continuit\u00e9 op\u00e9rationnelle du chantier, par des co\u00fbts mieux ma\u00eetris\u00e9s, et par la r\u00e9duction des retards \u00e9vitables.<\/p>\n                                            <\/div>\n                                    <div class=\"row\">\n                                                    <h3 class=\"row-title\">Respecter les d\u00e9lais et <b>ma\u00eetriser les budgets<\/b><\/h3>\n                        \n                                                    <p>En r\u00e9duisant les al\u00e9as li\u00e9s au comportement des rivi\u00e8res, et les risques d&rsquo;inondation des chantiers,, les pr\u00e9visions contribuent au respect des plannings et au contr\u00f4le des d\u00e9penses. Les pr\u00e9visions de d\u00e9bit deviennent un atout strat\u00e9gique pour \u00e9viter les  retards et pour favoriser la r\u00e9ussite des projets de construction hydraulique.<\/p>\n                                            <\/div>\n                                    <div class=\"row\">\n                                                    <h3 class=\"row-title\">Suivre un chantier <b>de construction d&rsquo;ouvrage hydraulique<\/b><\/h3>\n                        \n                                                    <p>Les pr\u00e9visions hydrologiques de BWI accompagnent les chantiers dans les cours d&rsquo;eau, comme la construction ou la maintenance d\u2019infrastructures le long d\u2019un fleuve ou d\u2019une rivi\u00e8re. Les pr\u00e9visions de d\u00e9bit permettent de disposer d\u2019une information fiable \u00e0 chaque \u00e9tape du d\u00e9placement, garantissant une adaptation continue aux conditions locales et une gestion proactive des risques.<\/p>\n                                            <\/div>\n                            <\/div>\n        <\/div>\n    <\/section>\n\n\n\n<section class=\"gut-rebond bg-color-bleu-elec \">\n    <div class=\"wrap\">\n        <div class=\"left\">\n                            <h2 class=\"block-title title-h2\"><b>Pr\u00e9visions des d\u00e9bits et des niveaux d&rsquo;eau<\/b> pour les chantiers de construction dans les cours d&rsquo;eau, ou le long des rivi\u00e8res<\/h2>\n            \n                    <\/div>\n\n        <div class=\"right\">\n            <p class=\"content\">\n                BWI fournit des simulations et des pr\u00e9visions en quasi temps r\u00e9el du comportement des eaux de surface continentales, partout dans le monde. En combinant donn\u00e9es in situ, observations spatiales et apprentissage automatique, nos mod\u00e8les hydrologiques et hydrodynamiques offrent une vision pr\u00e9cise et fiable des cours d\u2019eau. Gr\u00e2ce \u00e0 ce service accessible en ligne par licence, les entreprises de g\u00e9nie civil disposent d\u2019un outil unique pour anticiper les risques li\u00e9s au comportement des rivi\u00e8res sur lesquelles elles r\u00e9alisent leurs chantiers de construction d&rsquo;ouvrages hydrauliques, s\u00e9curisent leurs chantiers et r\u00e9duisent les interruptions co\u00fbteuses pour la ma\u00eetrise d&rsquo;ouvrage comme pour elles-m\u00eames.            <\/p>\n\n                            <a href=\"https:\/\/bwi.earth\/contact\/\" class=\"cta btn primary green\">Sollicitez une d\u00e9monstration<\/a>\n                    <\/div>\n    <\/div>\n<\/section>","protected":false},"excerpt":{"rendered":"","protected":false},"author":18,"featured_media":7518,"parent":0,"menu_order":0,"comment_status":"closed","ping_status":"closed","template":"","meta":{"content-type":"","ngg_post_thumbnail":0,"footnotes":""},"class_list":["post-14908","page","type-page","status-publish","has-post-thumbnail","hentry"],"acf":[],"yoast_head":"<!-- This site is optimized with the Yoast SEO plugin v26.2 - https:\/\/yoast.com\/wordpress\/plugins\/seo\/ -->\n<title>Pr\u00e9visions hydrologiques pour les entreprises de g\u00e9nie civil - Blue Water Intelligence (BWI)<\/title>\n<meta name=\"description\" content=\"D\u00e9couvrez les services de pr\u00e9vision et de surveillance du d\u00e9bit fluvial de BWI pour les entreprises de g\u00e9nie civil.\" \/>\n<meta name=\"robots\" content=\"index, follow, max-snippet:-1, max-image-preview:large, max-video-preview:-1\" \/>\n<link rel=\"canonical\" href=\"https:\/\/bwi.earth\/fr\/previsions-hydrologiques-pour-les-entreprises-de-genie-civil\/\" \/>\n<meta property=\"og:locale\" content=\"fr_FR\" \/>\n<meta property=\"og:type\" content=\"article\" \/>\n<meta property=\"og:title\" content=\"Pr\u00e9visions hydrologiques pour les entreprises de g\u00e9nie civil - Blue Water Intelligence (BWI)\" \/>\n<meta property=\"og:description\" content=\"D\u00e9couvrez les services de pr\u00e9vision et de surveillance du d\u00e9bit fluvial de BWI pour les entreprises de g\u00e9nie civil.\" \/>\n<meta property=\"og:url\" content=\"https:\/\/bwi.earth\/fr\/previsions-hydrologiques-pour-les-entreprises-de-genie-civil\/\" \/>\n<meta property=\"og:site_name\" content=\"Blue Water Intelligence (BWI)\" \/>\n<meta property=\"article:modified_time\" content=\"2026-03-19T14:07:48+00:00\" \/>\n<meta property=\"og:image\" content=\"https:\/\/bwi.earth\/wp-content\/uploads\/2024\/05\/irrigation-588941_1280.jpg\" \/>\n\t<meta property=\"og:image:width\" content=\"1280\" \/>\n\t<meta property=\"og:image:height\" content=\"852\" \/>\n\t<meta property=\"og:image:type\" content=\"image\/jpeg\" \/>\n<meta name=\"twitter:card\" content=\"summary_large_image\" \/>\n<meta name=\"twitter:label1\" content=\"Dur\u00e9e de lecture estim\u00e9e\" \/>\n\t<meta name=\"twitter:data1\" content=\"3 minutes\" \/>\n<script type=\"application\/ld+json\" class=\"yoast-schema-graph\">{\"@context\":\"https:\/\/schema.org\",\"@graph\":[{\"@type\":\"WebPage\",\"@id\":\"https:\/\/bwi.earth\/fr\/previsions-hydrologiques-pour-les-entreprises-de-genie-civil\/\",\"url\":\"https:\/\/bwi.earth\/fr\/previsions-hydrologiques-pour-les-entreprises-de-genie-civil\/\",\"name\":\"Pr\u00e9visions hydrologiques pour les entreprises de g\u00e9nie civil - Blue Water Intelligence (BWI)\",\"isPartOf\":{\"@id\":\"https:\/\/bwi.earth\/fr\/#website\"},\"primaryImageOfPage\":{\"@id\":\"https:\/\/bwi.earth\/fr\/previsions-hydrologiques-pour-les-entreprises-de-genie-civil\/#primaryimage\"},\"image\":{\"@id\":\"https:\/\/bwi.earth\/fr\/previsions-hydrologiques-pour-les-entreprises-de-genie-civil\/#primaryimage\"},\"thumbnailUrl\":\"https:\/\/bwi.earth\/wp-content\/uploads\/2024\/05\/irrigation-588941_1280.jpg\",\"datePublished\":\"2025-08-21T17:30:42+00:00\",\"dateModified\":\"2026-03-19T14:07:48+00:00\",\"description\":\"D\u00e9couvrez les services de pr\u00e9vision et de surveillance du d\u00e9bit fluvial de BWI pour les entreprises de g\u00e9nie civil.\",\"breadcrumb\":{\"@id\":\"https:\/\/bwi.earth\/fr\/previsions-hydrologiques-pour-les-entreprises-de-genie-civil\/#breadcrumb\"},\"inLanguage\":\"fr-FR\",\"potentialAction\":[{\"@type\":\"ReadAction\",\"target\":[\"https:\/\/bwi.earth\/fr\/previsions-hydrologiques-pour-les-entreprises-de-genie-civil\/\"]}]},{\"@type\":\"ImageObject\",\"inLanguage\":\"fr-FR\",\"@id\":\"https:\/\/bwi.earth\/fr\/previsions-hydrologiques-pour-les-entreprises-de-genie-civil\/#primaryimage\",\"url\":\"https:\/\/bwi.earth\/wp-content\/uploads\/2024\/05\/irrigation-588941_1280.jpg\",\"contentUrl\":\"https:\/\/bwi.earth\/wp-content\/uploads\/2024\/05\/irrigation-588941_1280.jpg\",\"width\":1280,\"height\":852},{\"@type\":\"BreadcrumbList\",\"@id\":\"https:\/\/bwi.earth\/fr\/previsions-hydrologiques-pour-les-entreprises-de-genie-civil\/#breadcrumb\",\"itemListElement\":[{\"@type\":\"ListItem\",\"position\":1,\"name\":\"Home\",\"item\":\"https:\/\/bwi.earth\/fr\/\"},{\"@type\":\"ListItem\",\"position\":2,\"name\":\"Pr\u00e9visions hydrologiques pour les entreprises de g\u00e9nie civil\"}]},{\"@type\":\"WebSite\",\"@id\":\"https:\/\/bwi.earth\/fr\/#website\",\"url\":\"https:\/\/bwi.earth\/fr\/\",\"name\":\"Blue Water Intelligence (BWI)\",\"description\":\"The River Basin Digitization Company\",\"publisher\":{\"@id\":\"https:\/\/bwi.earth\/fr\/#organization\"},\"potentialAction\":[{\"@type\":\"SearchAction\",\"target\":{\"@type\":\"EntryPoint\",\"urlTemplate\":\"https:\/\/bwi.earth\/fr\/?s={search_term_string}\"},\"query-input\":{\"@type\":\"PropertyValueSpecification\",\"valueRequired\":true,\"valueName\":\"search_term_string\"}}],\"inLanguage\":\"fr-FR\"},{\"@type\":\"Organization\",\"@id\":\"https:\/\/bwi.earth\/fr\/#organization\",\"name\":\"Blue Water Intelligence (BWI)\",\"url\":\"https:\/\/bwi.earth\/fr\/\",\"logo\":{\"@type\":\"ImageObject\",\"inLanguage\":\"fr-FR\",\"@id\":\"https:\/\/bwi.earth\/fr\/#\/schema\/logo\/image\/\",\"url\":\"https:\/\/bwi.earth\/wp-content\/uploads\/2023\/03\/cropped-logo_couleur_bwi.png\",\"contentUrl\":\"https:\/\/bwi.earth\/wp-content\/uploads\/2023\/03\/cropped-logo_couleur_bwi.png\",\"width\":4190,\"height\":1970,\"caption\":\"Blue Water Intelligence (BWI)\"},\"image\":{\"@id\":\"https:\/\/bwi.earth\/fr\/#\/schema\/logo\/image\/\"}}]}<\/script>\n<!-- \/ Yoast SEO plugin. -->","yoast_head_json":{"title":"Pr\u00e9visions hydrologiques pour les entreprises de g\u00e9nie civil - Blue Water Intelligence (BWI)","description":"D\u00e9couvrez les services de pr\u00e9vision et de surveillance du d\u00e9bit fluvial de BWI pour les entreprises de g\u00e9nie civil.","robots":{"index":"index","follow":"follow","max-snippet":"max-snippet:-1","max-image-preview":"max-image-preview:large","max-video-preview":"max-video-preview:-1"},"canonical":"https:\/\/bwi.earth\/fr\/previsions-hydrologiques-pour-les-entreprises-de-genie-civil\/","og_locale":"fr_FR","og_type":"article","og_title":"Pr\u00e9visions hydrologiques pour les entreprises de g\u00e9nie civil - Blue Water Intelligence (BWI)","og_description":"D\u00e9couvrez les services de pr\u00e9vision et de surveillance du d\u00e9bit fluvial de BWI pour les entreprises de g\u00e9nie civil.","og_url":"https:\/\/bwi.earth\/fr\/previsions-hydrologiques-pour-les-entreprises-de-genie-civil\/","og_site_name":"Blue Water Intelligence (BWI)","article_modified_time":"2026-03-19T14:07:48+00:00","og_image":[{"width":1280,"height":852,"url":"https:\/\/bwi.earth\/wp-content\/uploads\/2024\/05\/irrigation-588941_1280.jpg","type":"image\/jpeg"}],"twitter_card":"summary_large_image","twitter_misc":{"Dur\u00e9e de lecture estim\u00e9e":"3 minutes"},"schema":{"@context":"https:\/\/schema.org","@graph":[{"@type":"WebPage","@id":"https:\/\/bwi.earth\/fr\/previsions-hydrologiques-pour-les-entreprises-de-genie-civil\/","url":"https:\/\/bwi.earth\/fr\/previsions-hydrologiques-pour-les-entreprises-de-genie-civil\/","name":"Pr\u00e9visions hydrologiques pour les entreprises de g\u00e9nie civil - Blue Water Intelligence (BWI)","isPartOf":{"@id":"https:\/\/bwi.earth\/fr\/#website"},"primaryImageOfPage":{"@id":"https:\/\/bwi.earth\/fr\/previsions-hydrologiques-pour-les-entreprises-de-genie-civil\/#primaryimage"},"image":{"@id":"https:\/\/bwi.earth\/fr\/previsions-hydrologiques-pour-les-entreprises-de-genie-civil\/#primaryimage"},"thumbnailUrl":"https:\/\/bwi.earth\/wp-content\/uploads\/2024\/05\/irrigation-588941_1280.jpg","datePublished":"2025-08-21T17:30:42+00:00","dateModified":"2026-03-19T14:07:48+00:00","description":"D\u00e9couvrez les services de pr\u00e9vision et de surveillance du d\u00e9bit fluvial de BWI pour les entreprises de g\u00e9nie civil.","breadcrumb":{"@id":"https:\/\/bwi.earth\/fr\/previsions-hydrologiques-pour-les-entreprises-de-genie-civil\/#breadcrumb"},"inLanguage":"fr-FR","potentialAction":[{"@type":"ReadAction","target":["https:\/\/bwi.earth\/fr\/previsions-hydrologiques-pour-les-entreprises-de-genie-civil\/"]}]},{"@type":"ImageObject","inLanguage":"fr-FR","@id":"https:\/\/bwi.earth\/fr\/previsions-hydrologiques-pour-les-entreprises-de-genie-civil\/#primaryimage","url":"https:\/\/bwi.earth\/wp-content\/uploads\/2024\/05\/irrigation-588941_1280.jpg","contentUrl":"https:\/\/bwi.earth\/wp-content\/uploads\/2024\/05\/irrigation-588941_1280.jpg","width":1280,"height":852},{"@type":"BreadcrumbList","@id":"https:\/\/bwi.earth\/fr\/previsions-hydrologiques-pour-les-entreprises-de-genie-civil\/#breadcrumb","itemListElement":[{"@type":"ListItem","position":1,"name":"Home","item":"https:\/\/bwi.earth\/fr\/"},{"@type":"ListItem","position":2,"name":"Pr\u00e9visions hydrologiques pour les entreprises de g\u00e9nie civil"}]},{"@type":"WebSite","@id":"https:\/\/bwi.earth\/fr\/#website","url":"https:\/\/bwi.earth\/fr\/","name":"Blue Water Intelligence (BWI)","description":"The River Basin Digitization Company","publisher":{"@id":"https:\/\/bwi.earth\/fr\/#organization"},"potentialAction":[{"@type":"SearchAction","target":{"@type":"EntryPoint","urlTemplate":"https:\/\/bwi.earth\/fr\/?s={search_term_string}"},"query-input":{"@type":"PropertyValueSpecification","valueRequired":true,"valueName":"search_term_string"}}],"inLanguage":"fr-FR"},{"@type":"Organization","@id":"https:\/\/bwi.earth\/fr\/#organization","name":"Blue Water Intelligence (BWI)","url":"https:\/\/bwi.earth\/fr\/","logo":{"@type":"ImageObject","inLanguage":"fr-FR","@id":"https:\/\/bwi.earth\/fr\/#\/schema\/logo\/image\/","url":"https:\/\/bwi.earth\/wp-content\/uploads\/2023\/03\/cropped-logo_couleur_bwi.png","contentUrl":"https:\/\/bwi.earth\/wp-content\/uploads\/2023\/03\/cropped-logo_couleur_bwi.png","width":4190,"height":1970,"caption":"Blue Water Intelligence (BWI)"},"image":{"@id":"https:\/\/bwi.earth\/fr\/#\/schema\/logo\/image\/"}}]}},"_links":{"self":[{"href":"https:\/\/bwi.earth\/fr\/wp-json\/wp\/v2\/pages\/14908","targetHints":{"allow":["GET"]}}],"collection":[{"href":"https:\/\/bwi.earth\/fr\/wp-json\/wp\/v2\/pages"}],"about":[{"href":"https:\/\/bwi.earth\/fr\/wp-json\/wp\/v2\/types\/page"}],"author":[{"embeddable":true,"href":"https:\/\/bwi.earth\/fr\/wp-json\/wp\/v2\/users\/18"}],"replies":[{"embeddable":true,"href":"https:\/\/bwi.earth\/fr\/wp-json\/wp\/v2\/comments?post=14908"}],"version-history":[{"count":14,"href":"https:\/\/bwi.earth\/fr\/wp-json\/wp\/v2\/pages\/14908\/revisions"}],"predecessor-version":[{"id":16310,"href":"https:\/\/bwi.earth\/fr\/wp-json\/wp\/v2\/pages\/14908\/revisions\/16310"}],"wp:featuredmedia":[{"embeddable":true,"href":"https:\/\/bwi.earth\/fr\/wp-json\/wp\/v2\/media\/7518"}],"wp:attachment":[{"href":"https:\/\/bwi.earth\/fr\/wp-json\/wp\/v2\/media?parent=14908"}],"curies":[{"name":"wp","href":"https:\/\/api.w.org\/{rel}","templated":true}]}}